{"id":15327,"date":"2020-12-06T17:59:06","date_gmt":"2020-12-06T15:59:06","guid":{"rendered":"https:\/\/hookahshop.lt\/?post_type=product&#038;p=15327"},"modified":"2026-04-15T12:29:16","modified_gmt":"2026-04-15T09:29:16","slug":"taurele-kaljanui-kong-king-kong","status":"publish","type":"product","link":"https:\/\/hookahshop.lt\/lv\/produkt\/stikls-udenspipe-kongs-karalis-kongs\/","title":{"rendered":"Kauss \u016bdensp\u012bpei KONG King-Kong"},"content":{"rendered":"<h2>Kauss \u016bdensp\u012bpei KONG King-Kong<\/h2>\n<p>Kr\u016bz\u012btei ir ekskluz\u012bvs dizains ar varo\u0146a t\u0113lu no filmas King-Kong. Kr\u016bz\u012bte lieliski atveido gar\u0161as \u012bpa\u0161\u012bbas un \u013cauj izbaud\u012bt \u016bdensp\u012bpes priekus. Kr\u016bze lieliski sadala siltumu, t\u0101p\u0113c tabaka sadegs vienm\u0113r\u012bgi. Kr\u016bz\u012bte ir piem\u0113rota gan gai\u0161ai, gan tum\u0161ai tabakai.<\/p>\n<p>Vai jums ir k\u0101di jaut\u0101jumi? Sazinies ar mums <a href=\"https:\/\/hookahshop.lt\/lv\/kontaktiem\/\">kontaktu lapa<\/a> vai rakstiet mums pa e-pastu <a href=\"https:\/\/facebook.com\/HookahShop.lt\/\" target=\"_blank\" rel=\"noopener noreferrer\">Facebook konts<\/a> un m\u0113s atbild\u0113sim uz j\u016bsu piepras\u012bjumu taj\u0101 pa\u0161\u0101 dien\u0101.<\/p>","protected":false},"excerpt":{"rendered":"<p>Kr\u016bz\u012bte \u016bdensp\u012bpei KONG King-Kong Kr\u016bz\u012btei ir ekskluz\u012bvs dizains ar filmas King-Kong varo\u0146a t\u0113lu. Kr\u016bz\u012bte lieliski atveido gar\u0161as \u012bpa\u0161\u012bbas un \u013cauj izbaud\u012bt \u016bdensp\u012bpes priekus. Kr\u016bze lieliski sadala siltumu, t\u0101p\u0113c tabaka sadegs vienm\u0113r\u012bgi. Kr\u016bz\u012bte ir piem\u0113rota gan gai\u0161ai, gan tum\u0161ai tabakai. Vai jums ir k\u0101di jaut\u0101jumi? Sazinieties ar mums kontaktu lap\u0101 vai rakstiet mums uz m\u016bsu Facebook kontu un m\u0113s atbild\u0113sim [\u2026]<\/p>","protected":false},"featured_media":15333,"comment_status":"open","ping_status":"closed","template":"","meta":[],"_links":{"self":[{"href":"https:\/\/hookahshop.lt\/lv\/wp-json\/wp\/v2\/product\/15327"}],"collection":[{"href":"https:\/\/hookahshop.lt\/lv\/wp-json\/wp\/v2\/product"}],"about":[{"href":"https:\/\/hookahshop.lt\/lv\/wp-json\/wp\/v2\/types\/product"}],"replies":[{"embeddable":true,"href":"https:\/\/hookahshop.lt\/lv\/wp-json\/wp\/v2\/comments?post=15327"}],"version-history":[{"count":5,"href":"https:\/\/hookahshop.lt\/lv\/wp-json\/wp\/v2\/product\/15327\/revisions"}],"predecessor-version":[{"id":44616,"href":"https:\/\/hookahshop.lt\/lv\/wp-json\/wp\/v2\/product\/15327\/revisions\/44616"}],"wp:featuredmedia":[{"embeddable":true,"href":"https:\/\/hookahshop.lt\/lv\/wp-json\/wp\/v2\/media\/15333"}],"wp:attachment":[{"href":"https:\/\/hookahshop.lt\/lv\/wp-json\/wp\/v2\/media?parent=15327"}],"curies":[{"name":"wp","href":"https:\/\/api.w.org\/{rel}","templated":true}]}}