{"id":15644,"date":"2020-12-16T21:02:18","date_gmt":"2020-12-16T19:02:18","guid":{"rendered":"https:\/\/hookahshop.lt\/?post_type=product&#038;p=15644"},"modified":"2026-04-14T23:28:57","modified_gmt":"2026-04-14T20:28:57","slug":"union-hookah-sleek-exotic-wood","status":"publish","type":"product","link":"https:\/\/hookahshop.lt\/lv\/produkt\/savieniba-udenspipe-gluds-eksotisks-koks\/","title":{"rendered":"\u016adensp\u012bpe UNION HOOKAH Gluds eksotisks koks"},"content":{"rendered":"<h2>\u016adensp\u012bpe UNION HOOKAH Gluds eksotisks koks<\/h2>\n<p>modelis jau k\u0101du laiku atrodas Krievijas tirg\u016b un fascin\u0113 ar savu \u012bpa\u0161o dizainu un lieliskaj\u0101m kr\u0101su iesp\u0113j\u0101m! Neatkar\u012bgi no t\u0101, vai tas ir vienk\u0101r\u0161s koka dizains, neparasti lamin\u0101ta dizaini vai \u013coti popul\u0101ri hibr\u012bdi, kas izgatavoti no epoks\u012bda sve\u0137iem un koka, Union Hookah patie\u0161\u0101m pied\u0101v\u0101 kaut ko ikvienam \u016bdensp\u012bpes cien\u012bt\u0101jam!<\/p>\n<p>Specifik\u0101cijas:<\/p>\n<p>Augstums: 50cm<br \/>\nValsts: Krievija<br \/>\nDizains: Epoks\u012bds<br \/>\nKolba: nav<br \/>\nUzgalis un \u0161\u013c\u016btene: pieejams<\/p>\n<p>Vai jums ir k\u0101di jaut\u0101jumi? Sazinies ar mums <a href=\"https:\/\/hookahshop.lt\/lv\/kontaktiem\/\">kontaktu lapa<\/a> vai rakstiet mums pa e-pastu <a href=\"https:\/\/facebook.com\/HookahShop.lt\/\" target=\"_blank\" rel=\"noopener noreferrer\">Facebook konts<\/a> un m\u0113s atbild\u0113sim uz j\u016bsu piepras\u012bjumu taj\u0101 pa\u0161\u0101 dien\u0101.<\/p>","protected":false},"excerpt":{"rendered":"<p>UNION HOOKAH Sleek Exotic Wood modelis Krievijas tirg\u016b ir jau k\u0101du laiku un p\u0101rsteidz ar savu \u012bpa\u0161o dizainu un lieliskaj\u0101m kr\u0101su iesp\u0113j\u0101m! Neatkar\u012bgi no t\u0101, vai tas ir vienk\u0101r\u0161s koka dizains, neparasti lamin\u0101ta mode\u013ci vai \u013coti popul\u0101rie hibr\u012bddizaini no epoks\u012bdsve\u0137iem un koka, Union Hookah noteikti atrad\u012bsies kaut kas ikvienam \u016bdensp\u012bpes cien\u012bt\u0101jam! Specifik\u0101cijas: Augstums: 50 cm Valsts: Krievija [\u2026]<\/p>","protected":false},"featured_media":21299,"comment_status":"open","ping_status":"closed","template":"","meta":[],"_links":{"self":[{"href":"https:\/\/hookahshop.lt\/lv\/wp-json\/wp\/v2\/product\/15644"}],"collection":[{"href":"https:\/\/hookahshop.lt\/lv\/wp-json\/wp\/v2\/product"}],"about":[{"href":"https:\/\/hookahshop.lt\/lv\/wp-json\/wp\/v2\/types\/product"}],"replies":[{"embeddable":true,"href":"https:\/\/hookahshop.lt\/lv\/wp-json\/wp\/v2\/comments?post=15644"}],"version-history":[{"count":4,"href":"https:\/\/hookahshop.lt\/lv\/wp-json\/wp\/v2\/product\/15644\/revisions"}],"predecessor-version":[{"id":33219,"href":"https:\/\/hookahshop.lt\/lv\/wp-json\/wp\/v2\/product\/15644\/revisions\/33219"}],"wp:featuredmedia":[{"embeddable":true,"href":"https:\/\/hookahshop.lt\/lv\/wp-json\/wp\/v2\/media\/21299"}],"wp:attachment":[{"href":"https:\/\/hookahshop.lt\/lv\/wp-json\/wp\/v2\/media?parent=15644"}],"curies":[{"name":"wp","href":"https:\/\/api.w.org\/{rel}","templated":true}]}}