{"id":15652,"date":"2020-12-16T21:09:22","date_gmt":"2020-12-16T19:09:22","guid":{"rendered":"https:\/\/hookahshop.lt\/?post_type=product&#038;p=15652"},"modified":"2026-04-22T23:29:06","modified_gmt":"2026-04-22T20:29:06","slug":"kaljanas-union-hookah-sleek-black-silver","status":"publish","type":"product","link":"https:\/\/hookahshop.lt\/lv\/produkt\/udenspipe-arodbiedriba-hh-sleek-standarta\/","title":{"rendered":"\u016adensp\u012bpe UNION HOOKAH Sleek Black Silver"},"content":{"rendered":"<h2>\u016adensp\u012bpe UNION HOOKAH Sleek Black Silver<\/h2>\n<p>Modelis jau k\u0101du laiku atrodas Krievijas tirg\u016b un fascin\u0113 ar savu \u012bpa\u0161o dizainu un lieliskaj\u0101m kr\u0101su iesp\u0113j\u0101m! Neatkar\u012bgi no t\u0101, vai tas ir vienk\u0101r\u0161s koka dizains, neparasti lamin\u0101ta dizaini vai \u013coti popul\u0101ri hibr\u012bda dizaini, kas izgatavoti no epoks\u012bda sve\u0137iem un koka, Union Hookah patie\u0161\u0101m pied\u0101v\u0101 kaut ko ikvienam \u016bdensp\u012bpes cien\u012bt\u0101jam!<\/p>\n<p><strong>Specifik\u0101cijas:<\/strong><br \/>\nAugstums: 50cm<br \/>\nValsts: Krievija<br \/>\nDizains: Epoks\u012bds<br \/>\nKolba: nav<br \/>\nUzgalis un \u0161\u013c\u016btene: pieejams<\/p>\n<p><img decoding=\"async\" loading=\"lazy\" class=\"alignnone size-medium wp-image-38521\" src=\"https:\/\/hookahshop.lt\/wp-content\/uploads\/2020\/09\/stiebas-zarna-kandiklis-1-300x273.jpg\" alt=\"- hookahshop.lt\" width=\"300\" height=\"273\" srcset=\"https:\/\/hookahshop.lt\/wp-content\/uploads\/2020\/09\/stiebas-zarna-kandiklis-1-300x273.jpg 300w, https:\/\/hookahshop.lt\/wp-content\/uploads\/2020\/09\/stiebas-zarna-kandiklis-1-13x12.jpg 13w, https:\/\/hookahshop.lt\/wp-content\/uploads\/2020\/09\/stiebas-zarna-kandiklis-1-64x58.jpg 64w, https:\/\/hookahshop.lt\/wp-content\/uploads\/2020\/09\/stiebas-zarna-kandiklis-1.jpg 420w\" sizes=\"(max-width: 300px) 100vw, 300px\" title=\"\"><\/p>\n<p>Vai jums ir k\u0101di jaut\u0101jumi? Sazinies ar mums <a href=\"https:\/\/hookahshop.lt\/lv\/kontaktiem\/\">kontaktu lapa<\/a> vai rakstiet mums pa e-pastu <a href=\"https:\/\/facebook.com\/HookahShop.lt\/\" target=\"_blank\" rel=\"noopener noreferrer\">Facebook konts<\/a> un m\u0113s atbild\u0113sim uz j\u016bsu piepras\u012bjumu taj\u0101 pa\u0161\u0101 dien\u0101.<\/p>","protected":false},"excerpt":{"rendered":"<p>\u016adensp\u012bpe UNION HOOKAH Sleek Black Silver Model jau k\u0101du laiku ir Krievijas tirg\u016b un p\u0101rsteidz ar savu \u012bpa\u0161o dizainu un lieliskaj\u0101m kr\u0101su iesp\u0113j\u0101m! Neatkar\u012bgi no t\u0101, vai tie ir vienk\u0101r\u0161i koka dizaini, neparasti lamin\u0101ta mode\u013ci vai \u013coti popul\u0101rie hibr\u012bddizaini, kas izgatavoti no epoks\u012bdsve\u0137iem un koka, Union Hookah noteikti atrad\u012bsies kaut kas ikvienam \u016bdensp\u012bpes cien\u012bt\u0101jam! Specifik\u0101cijas: Augstums: 50 cm Valsts: Krievija [\u2026]<\/p>","protected":false},"featured_media":21295,"comment_status":"open","ping_status":"closed","template":"","meta":[],"_links":{"self":[{"href":"https:\/\/hookahshop.lt\/lv\/wp-json\/wp\/v2\/product\/15652"}],"collection":[{"href":"https:\/\/hookahshop.lt\/lv\/wp-json\/wp\/v2\/product"}],"about":[{"href":"https:\/\/hookahshop.lt\/lv\/wp-json\/wp\/v2\/types\/product"}],"replies":[{"embeddable":true,"href":"https:\/\/hookahshop.lt\/lv\/wp-json\/wp\/v2\/comments?post=15652"}],"version-history":[{"count":8,"href":"https:\/\/hookahshop.lt\/lv\/wp-json\/wp\/v2\/product\/15652\/revisions"}],"predecessor-version":[{"id":45375,"href":"https:\/\/hookahshop.lt\/lv\/wp-json\/wp\/v2\/product\/15652\/revisions\/45375"}],"wp:featuredmedia":[{"embeddable":true,"href":"https:\/\/hookahshop.lt\/lv\/wp-json\/wp\/v2\/media\/21295"}],"wp:attachment":[{"href":"https:\/\/hookahshop.lt\/lv\/wp-json\/wp\/v2\/media?parent=15652"}],"curies":[{"name":"wp","href":"https:\/\/api.w.org\/{rel}","templated":true}]}}