{"id":15660,"date":"2020-12-16T21:46:24","date_gmt":"2020-12-16T19:46:24","guid":{"rendered":"https:\/\/hookahshop.lt\/?post_type=product&#038;p=15660"},"modified":"2026-05-14T23:28:54","modified_gmt":"2026-05-14T20:28:54","slug":"kaljanas-karma-hookah-3-0","status":"publish","type":"product","link":"https:\/\/hookahshop.lt\/lv\/produkt\/udenspipe-karma-udenspipe-3-0\/","title":{"rendered":"Kaljanas KARMA HOOKAH 3.0"},"content":{"rendered":"<h2>Kaljanas KARMA HOOKAH 3.0<\/h2>\n<p>KARMA HOOKAH v\u0101rpsta ir apr\u012bkota ar dab\u012bg\u0101 koka apdari, anod\u0113tu alum\u012bnija sakaus\u0113jumu un medic\u012bnisk\u0101s kvalit\u0101tes ner\u016bs\u0113jo\u0161\u0101 t\u0113rauda cauruli. Optim\u0101lais \u016bdensp\u012bpes k\u0101ta diametrs \u013caus pieredz\u0113ju\u0161iem cien\u012bt\u0101jiem izbaud\u012bt ori\u0123in\u0101lo gar\u0161u un arom\u0101tu.<\/p>\n<p>V\u0101rpstas diametrs: 14 mm.<br \/>\nAugstums: 65 cm.<br \/>\nV\u0101rpstas materi\u0101ls: ner\u016bs\u0113jo\u0161ais t\u0113rauds.<br \/>\nV\u0101rpstas apdare: koks.<\/p>\n<p><img decoding=\"async\" loading=\"lazy\" class=\"alignnone size-medium wp-image-38600\" src=\"https:\/\/hookahshop.lt\/wp-content\/uploads\/2021\/08\/taurele-stiebas-1-300x273.jpg\" alt=\"- hookahshop.lt\" width=\"300\" height=\"273\" srcset=\"https:\/\/hookahshop.lt\/wp-content\/uploads\/2021\/08\/taurele-stiebas-1-300x273.jpg 300w, https:\/\/hookahshop.lt\/wp-content\/uploads\/2021\/08\/taurele-stiebas-1-13x12.jpg 13w, https:\/\/hookahshop.lt\/wp-content\/uploads\/2021\/08\/taurele-stiebas-1-64x58.jpg 64w, https:\/\/hookahshop.lt\/wp-content\/uploads\/2021\/08\/taurele-stiebas-1.jpg 420w\" sizes=\"(max-width: 300px) 100vw, 300px\" title=\"\"><\/p>\n<p>Vai jums ir k\u0101di jaut\u0101jumi? Sazinies ar mums <a href=\"https:\/\/hookahshop.lt\/lv\/kontaktiem\/\">kontaktu lapa<\/a> vai rakstiet mums pa e-pastu <a href=\"https:\/\/facebook.com\/HookahShop.lt\/\" target=\"_blank\" rel=\"noopener noreferrer\">Facebook konts<\/a> un m\u0113s atbild\u0113sim uz j\u016bsu piepras\u012bjumu taj\u0101 pa\u0161\u0101 dien\u0101.<\/p>\n<p>&nbsp;<\/p>","protected":false},"excerpt":{"rendered":"<p>\u016adensp\u012bpe KARMA HOOKAH 3.0 KARMA HOOKAH v\u0101rpstai ir dab\u012bg\u0101 koka apdare, anod\u0113ts alum\u012bnija sakaus\u0113jums un medic\u012bnisk\u0101 ner\u016bs\u0113jo\u0161\u0101 t\u0113rauda caurule. Optim\u0101lais \u016bdensp\u012bpes k\u0101ta diametrs \u013caus pieredz\u0113ju\u0161iem cien\u012bt\u0101jiem izbaud\u012bt ori\u0123in\u0101lo gar\u0161u un arom\u0101tu. V\u0101rpstas diametrs: 14 mm. Augstums: 65 cm. V\u0101rpstas materi\u0101ls: ner\u016bs\u0113jo\u0161ais t\u0113rauds. V\u0101rpstas apdare: koks. Vai jums ir k\u0101di jaut\u0101jumi? Sazinieties ar mums kontaktu lap\u0101 vai rakstiet mums [...]<\/p>","protected":false},"featured_media":15662,"comment_status":"open","ping_status":"closed","template":"","meta":[],"_links":{"self":[{"href":"https:\/\/hookahshop.lt\/lv\/wp-json\/wp\/v2\/product\/15660"}],"collection":[{"href":"https:\/\/hookahshop.lt\/lv\/wp-json\/wp\/v2\/product"}],"about":[{"href":"https:\/\/hookahshop.lt\/lv\/wp-json\/wp\/v2\/types\/product"}],"replies":[{"embeddable":true,"href":"https:\/\/hookahshop.lt\/lv\/wp-json\/wp\/v2\/comments?post=15660"}],"version-history":[{"count":8,"href":"https:\/\/hookahshop.lt\/lv\/wp-json\/wp\/v2\/product\/15660\/revisions"}],"predecessor-version":[{"id":45970,"href":"https:\/\/hookahshop.lt\/lv\/wp-json\/wp\/v2\/product\/15660\/revisions\/45970"}],"wp:featuredmedia":[{"embeddable":true,"href":"https:\/\/hookahshop.lt\/lv\/wp-json\/wp\/v2\/media\/15662"}],"wp:attachment":[{"href":"https:\/\/hookahshop.lt\/lv\/wp-json\/wp\/v2\/media?parent=15660"}],"curies":[{"name":"wp","href":"https:\/\/api.w.org\/{rel}","templated":true}]}}