{"id":15665,"date":"2020-12-16T21:54:57","date_gmt":"2020-12-16T19:54:57","guid":{"rendered":"https:\/\/hookahshop.lt\/?post_type=product&#038;p=15665"},"modified":"2026-04-14T23:28:56","modified_gmt":"2026-04-14T20:28:56","slug":"kaljanas-union-h-standard-coffee","status":"publish","type":"product","link":"https:\/\/hookahshop.lt\/lv\/produkt\/udenspipe-arodbiedriba-h-standarta-kafija\/","title":{"rendered":"\u016adensp\u012bpe UNION HOOKAH Sleek Standard Coffee"},"content":{"rendered":"<h2>\u016adensp\u012bpe UNION HOOKAH Sleek Standard Coffee<\/h2>\n<p>modelis jau k\u0101du laiku atrodas Krievijas tirg\u016b un fascin\u0113 ar savu \u012bpa\u0161o dizainu un lieliskaj\u0101m kr\u0101su iesp\u0113j\u0101m! Neatkar\u012bgi no t\u0101, vai tas ir vienk\u0101r\u0161s koka dizains, neparasti lamin\u0101ta dizaini vai \u013coti popul\u0101ri hibr\u012bdi, kas izgatavoti no epoks\u012bda sve\u0137iem un koka, Union Hookah patie\u0161\u0101m pied\u0101v\u0101 kaut ko ikvienam \u016bdensp\u012bpes cien\u012bt\u0101jam!<\/p>\n<p>Specifik\u0101cijas:<\/p>\n<p>Augstums: 50cm<br \/>\nValsts: Krievija<br \/>\nDizains: Epoks\u012bds<br \/>\nKolba: nav<br \/>\nUzgalis un \u0161\u013c\u016btene: pieejams<br \/>\n<img decoding=\"async\" loading=\"lazy\" class=\"alignnone size-medium wp-image-38521\" src=\"https:\/\/hookahshop.lt\/wp-content\/uploads\/2020\/09\/stiebas-zarna-kandiklis-1-300x273.jpg\" alt=\"- hookahshop.lt\" width=\"300\" height=\"273\" srcset=\"https:\/\/hookahshop.lt\/wp-content\/uploads\/2020\/09\/stiebas-zarna-kandiklis-1-300x273.jpg 300w, https:\/\/hookahshop.lt\/wp-content\/uploads\/2020\/09\/stiebas-zarna-kandiklis-1-13x12.jpg 13w, https:\/\/hookahshop.lt\/wp-content\/uploads\/2020\/09\/stiebas-zarna-kandiklis-1-64x58.jpg 64w, https:\/\/hookahshop.lt\/wp-content\/uploads\/2020\/09\/stiebas-zarna-kandiklis-1.jpg 420w\" sizes=\"(max-width: 300px) 100vw, 300px\" title=\"\"><\/p>\n<p>Vai jums ir k\u0101di jaut\u0101jumi? Sazinies ar mums <a href=\"https:\/\/hookahshop.lt\/lv\/kontaktiem\/\">kontaktu lapa<\/a> vai rakstiet mums pa e-pastu <a href=\"https:\/\/facebook.com\/HookahShop.lt\/\" target=\"_blank\" rel=\"noopener noreferrer\">Facebook konts<\/a> un m\u0113s atbild\u0113sim uz j\u016bsu piepras\u012bjumu taj\u0101 pa\u0161\u0101 dien\u0101.<\/p>","protected":false},"excerpt":{"rendered":"<p>Kaljanas UNION HOOKAH Sleek Standard Coffee modelis kur\u012f laik\u0105 buvo Rusijos rinkoje ir \u017eavi savo ypatingu dizainu ir puikiais spalv\u0173 variantais! Nesvarbu, ar tai paprastas med\u017eio dizainas, ar ne\u012fprasti laminato modeliai, ar labai populiar\u016bs hibridiniai dizainai, pagaminti i\u0161 epoksidin\u0117s dervos ir medienos, \u201eUnion Hookah\u201c tikrai turi ka\u017ek\u0105 kiekvienam kaljano m\u0117g\u0117jui! Specifikacijos: Auk\u0161tis: 50cm \u0160alis: Rusija [&hellip;]<\/p>","protected":false},"featured_media":21233,"comment_status":"open","ping_status":"closed","template":"","meta":[],"_links":{"self":[{"href":"https:\/\/hookahshop.lt\/lv\/wp-json\/wp\/v2\/product\/15665"}],"collection":[{"href":"https:\/\/hookahshop.lt\/lv\/wp-json\/wp\/v2\/product"}],"about":[{"href":"https:\/\/hookahshop.lt\/lv\/wp-json\/wp\/v2\/types\/product"}],"replies":[{"embeddable":true,"href":"https:\/\/hookahshop.lt\/lv\/wp-json\/wp\/v2\/comments?post=15665"}],"version-history":[{"count":7,"href":"https:\/\/hookahshop.lt\/lv\/wp-json\/wp\/v2\/product\/15665\/revisions"}],"predecessor-version":[{"id":45273,"href":"https:\/\/hookahshop.lt\/lv\/wp-json\/wp\/v2\/product\/15665\/revisions\/45273"}],"wp:featuredmedia":[{"embeddable":true,"href":"https:\/\/hookahshop.lt\/lv\/wp-json\/wp\/v2\/media\/21233"}],"wp:attachment":[{"href":"https:\/\/hookahshop.lt\/lv\/wp-json\/wp\/v2\/media?parent=15665"}],"curies":[{"name":"wp","href":"https:\/\/api.w.org\/{rel}","templated":true}]}}