{"id":15692,"date":"2020-12-17T00:44:41","date_gmt":"2020-12-16T22:44:41","guid":{"rendered":"https:\/\/hookahshop.lt\/?post_type=product&#038;p=15692"},"modified":"2026-04-15T23:29:13","modified_gmt":"2026-04-15T20:29:13","slug":"taurele-kaljanui-oblako-killer-blue-topaz","status":"publish","type":"product","link":"https:\/\/hookahshop.lt\/lv\/produkt\/kauss-udenspipe-makonis-killer-zilais-topazs\/","title":{"rendered":"Kauss \u016bdensp\u012bpei OBLAKO Killer Blue Topaz"},"content":{"rendered":"<h2>Kauss \u016bdensp\u012bpei OBLAKO Killer Blue Topaz<\/h2>\n<p>\u0160\u012b ir klasiska glaz\u0113ta kr\u016bze, kas piem\u0113rota visiem tabakas veidiem, minim\u0101lai siltuma kontrolei!<br \/>\nKr\u016bz\u012bte ir p\u0101rkl\u0101ta ar glaz\u016bru, pateicoties kurai t\u0101 var ilgsto\u0161i saglab\u0101t savas s\u0101kotn\u0113j\u0101s \u012bpa\u0161\u012bbas un izskatu. OBLAKO izmanto tikai cilv\u0113kiem draudz\u012bgu p\u0101rtikas glaz\u016bru, ko izstr\u0101d\u0101ju\u0161i partneri specializ\u0113t\u0101s laboratorij\u0101s, kas atrodas G\u017ee\u013cskoje, vien\u0101 no tradicion\u0101lajiem keramikas ra\u017eo\u0161anas centriem Krievij\u0101.<br \/>\nTabakas tase satur 25-30 g<\/p>\n<p>Specifik\u0101cijas:<br \/>\nAugstums: 120mm<br \/>\nDiametrs (\u0101r\u0113jais): 72 mm<br \/>\nDiametrs (iek\u0161\u0113jais): 62mm<br \/>\nDzi\u013cums: 15mm<br \/>\nUrbuma diametrs: 8mm<br \/>\nUrbumu skaits: 5<br \/>\nSvars: apm\u0113ram 197 g.<\/p>\n<p>Vai jums ir k\u0101di jaut\u0101jumi? Sazinies ar mums <a href=\"https:\/\/hookahshop.lt\/lv\/kontaktiem\/\">kontaktu lapa<\/a> vai rakstiet mums pa e-pastu <a href=\"https:\/\/facebook.com\/HookahShop.lt\/\" target=\"_blank\" rel=\"noopener noreferrer\">Facebook konts<\/a> un m\u0113s atbild\u0113sim uz j\u016bsu piepras\u012bjumu taj\u0101 pa\u0161\u0101 dien\u0101.<\/p>","protected":false},"excerpt":{"rendered":"<p>\u016adensp\u012bpes b\u013codi\u0146a OBLAKO Killer Blue Topaz \u0160\u012b ir klasiska glaz\u0113ta b\u013codi\u0146a, kas piem\u0113rota visu veidu tabakai, ar minim\u0101lu temperat\u016bras kontroli! B\u013codi\u0146a ir p\u0101rkl\u0101ta ar glaz\u016bru, pateicoties kurai t\u0101 ilgsto\u0161i saglab\u0101 savas s\u0101kotn\u0113j\u0101s \u012bpa\u0161\u012bbas un izskatu. OBLAKO izmanto tikai p\u0101rtikas kvalit\u0101tes glaz\u016bru, kas ir nekait\u012bga cilv\u0113kiem un ko izstr\u0101d\u0101ja partneri specializ\u0113t\u0101s laboratorij\u0101s, kas atrodas G\u017ee\u013cskoj\u0113, vien\u0101 no tradicion\u0101lajiem Krievijas keramikas ra\u017eo\u0161anas centriem. Tabakas b\u013codi\u0146\u0101 ir [\u2026]<\/p>","protected":false},"featured_media":15693,"comment_status":"open","ping_status":"closed","template":"","meta":[],"_links":{"self":[{"href":"https:\/\/hookahshop.lt\/lv\/wp-json\/wp\/v2\/product\/15692"}],"collection":[{"href":"https:\/\/hookahshop.lt\/lv\/wp-json\/wp\/v2\/product"}],"about":[{"href":"https:\/\/hookahshop.lt\/lv\/wp-json\/wp\/v2\/types\/product"}],"replies":[{"embeddable":true,"href":"https:\/\/hookahshop.lt\/lv\/wp-json\/wp\/v2\/comments?post=15692"}],"version-history":[{"count":5,"href":"https:\/\/hookahshop.lt\/lv\/wp-json\/wp\/v2\/product\/15692\/revisions"}],"predecessor-version":[{"id":23131,"href":"https:\/\/hookahshop.lt\/lv\/wp-json\/wp\/v2\/product\/15692\/revisions\/23131"}],"wp:featuredmedia":[{"embeddable":true,"href":"https:\/\/hookahshop.lt\/lv\/wp-json\/wp\/v2\/media\/15693"}],"wp:attachment":[{"href":"https:\/\/hookahshop.lt\/lv\/wp-json\/wp\/v2\/media?parent=15692"}],"curies":[{"name":"wp","href":"https:\/\/api.w.org\/{rel}","templated":true}]}}