{"id":15840,"date":"2020-12-20T23:03:52","date_gmt":"2020-12-20T21:03:52","guid":{"rendered":"https:\/\/hookahshop.lt\/?post_type=product&#038;p=15840"},"modified":"2026-04-15T23:29:01","modified_gmt":"2026-04-15T20:29:01","slug":"karscio-kamera-zeppelin-in-da-clouds-bronze","status":"publish","type":"product","link":"https:\/\/hookahshop.lt\/lv\/produkt\/siltuma-kamera-cepelins-da-makonos-bronza\/","title":{"rendered":"Karst\u0101 kamera ZEPPELIN Da Clouds Bronze"},"content":{"rendered":"<h2>Karst\u0101 kamera ZEPPELIN Da Clouds Bronze<\/h2>\n<p>Siltuma kameru tirg\u016b jaunums Zeppelin siltuma kameru ra\u017eo Zidclouds Russia.<br \/>\n\u0160\u012b alum\u012bniju un tit\u0101nu p\u0101rkl\u0101t\u0101 Zeppelin siltuma kamera ir ne tikai dro\u0161a un \u0113rta lieto\u0161an\u0101, bet ar\u012b br\u012bni\u0161\u0137\u012bgs m\u0101kslas darbs j\u016bsu iecien\u012bt\u0101k\u0101s kr\u016bzes dekor\u0113\u0161anai.<\/p>\n<p>Tr\u012bs ogles viegli iek\u013causies \u0161aj\u0101 siltuma kamer\u0101 un \u013caus uztur\u0113t v\u0113lamo un stabilu temperat\u016bru.<\/p>\n<p>Vai jums ir k\u0101di jaut\u0101jumi? Sazinies ar mums <a href=\"https:\/\/hookahshop.lt\/lv\/kontaktiem\/\">kontaktu lapa<\/a> vai rakstiet mums pa e-pastu <a href=\"https:\/\/facebook.com\/HookahShop.lt\/\" target=\"_blank\" rel=\"noopener\">Facebook konts<\/a> un m\u0113s atbild\u0113sim uz j\u016bsu piepras\u012bjumu taj\u0101 pa\u0161\u0101 dien\u0101.<\/p>","protected":false},"excerpt":{"rendered":"<p>Siltuma kamera ZEPPELIN In Da Clouds Bronze Jaunums siltuma kameru tirg\u016b, Zeppelin siltuma kameru ra\u017eo Zidclouds Russia. \u0160\u012b alum\u012bnija un tit\u0101na p\u0101rkl\u0101juma Zeppelin siltuma kamera ir ne tikai dro\u0161a un \u0113rta lieto\u0161an\u0101, bet ar\u012b br\u012bni\u0161\u0137\u012bgs m\u0101kslas darbs j\u016bsu iecien\u012bt\u0101k\u0101s kr\u016bzes dekor\u0113\u0161anai. Tr\u012bs ogles viegli ietilps \u0161aj\u0101 siltuma kamer\u0101 un \u013caus [\u2026]<\/p>","protected":false},"featured_media":15841,"comment_status":"open","ping_status":"closed","template":"","meta":[],"_links":{"self":[{"href":"https:\/\/hookahshop.lt\/lv\/wp-json\/wp\/v2\/product\/15840"}],"collection":[{"href":"https:\/\/hookahshop.lt\/lv\/wp-json\/wp\/v2\/product"}],"about":[{"href":"https:\/\/hookahshop.lt\/lv\/wp-json\/wp\/v2\/types\/product"}],"replies":[{"embeddable":true,"href":"https:\/\/hookahshop.lt\/lv\/wp-json\/wp\/v2\/comments?post=15840"}],"version-history":[{"count":4,"href":"https:\/\/hookahshop.lt\/lv\/wp-json\/wp\/v2\/product\/15840\/revisions"}],"predecessor-version":[{"id":43982,"href":"https:\/\/hookahshop.lt\/lv\/wp-json\/wp\/v2\/product\/15840\/revisions\/43982"}],"wp:featuredmedia":[{"embeddable":true,"href":"https:\/\/hookahshop.lt\/lv\/wp-json\/wp\/v2\/media\/15841"}],"wp:attachment":[{"href":"https:\/\/hookahshop.lt\/lv\/wp-json\/wp\/v2\/media?parent=15840"}],"curies":[{"name":"wp","href":"https:\/\/api.w.org\/{rel}","templated":true}]}}