{"id":16643,"date":"2020-12-23T17:47:51","date_gmt":"2020-12-23T15:47:51","guid":{"rendered":"https:\/\/hookahshop.lt\/?post_type=product&#038;p=16643"},"modified":"2026-04-19T23:28:54","modified_gmt":"2026-04-19T20:28:54","slug":"kaljanas-amy-deluxe-unio-006-01bk","status":"publish","type":"product","link":"https:\/\/hookahshop.lt\/lv\/produkt\/hookah-amy-deluxe-unio-006-01bk\/","title":{"rendered":"\u016adensp\u012bpe AMY DELUXE Unio 006-01BK"},"content":{"rendered":"<h2>\u016adensp\u012bpe AMY DELUXE Unio 006-01BK<\/h2>\n<p>Amy Deluxe produkti jau sen ir iekaroju\u0161i Eiropas pirc\u0113ju sirdis. Augsta produkta kvalit\u0101te un konkur\u0113tsp\u0113j\u012bga cena. Dizainu ir izveidoju\u0161i eksperti no V\u0101cijas, un tas apvieno praktiskumu un modernu izskatu.<\/p>\n<p>No pirm\u0101 acu uzmetiena melnais \u016bdensp\u012bpe AMY DELUXE UNIO 006.01BK piesaista ar neparastu dizainu. \u016adensp\u012bpes v\u0101rpsta ir izgatavota no ner\u016bs\u0113jo\u0161\u0101 t\u0113rauda un koka kompoz\u012bcijas, kas \u016bdensp\u012bpei pie\u0161\u0137ir iztur\u012bbu un skaistu izskatu. \u016adensp\u012bpe ir ar lielu un stabilu kolbu. \u0112rt\u012bbas labad \u016bdensp\u012bpei ir \u0161\u013c\u016btenes tur\u0113t\u0101js. Augstums 71cm<\/p>\n<p>Apr\u012bkojums:<\/p>\n<p>Kolba<br \/>\nV\u0101rpsta<br \/>\n\u0160\u013c\u016btenes adapteris &quot;ar magn\u0113tiem&quot;<br \/>\nPlate<br \/>\nKauss &quot;Amy TTST003 Steintabaktopf mit Hot Screen&quot;<br \/>\nSilikona \u0161\u013c\u016btene<br \/>\nAlum\u012bnija iemutnis<br \/>\nBl\u012bves kolb\u0101m un v\u0101rgl\u0101z\u0113m<br \/>\nSkurstenis<br \/>\nZ\u012bmola kaste<\/p>\n<p>Vai jums ir k\u0101di jaut\u0101jumi? Sazinies ar mums\u00a0<a href=\"https:\/\/hookahshop.lt\/lv\/kontaktiem\/\">kontaktu lapa<\/a>\u00a0vai rakstiet mums pa e-pastu\u00a0<a href=\"https:\/\/facebook.com\/HookahShop.lt\/\" target=\"_blank\" rel=\"noopener noreferrer\">Facebook konts<\/a>\u00a0un m\u0113s atbild\u0113sim uz j\u016bsu piepras\u012bjumu taj\u0101 pa\u0161\u0101 dien\u0101.<\/p>","protected":false},"excerpt":{"rendered":"<p>\u016adensp\u012bpe AMY DELUXE Unio 006-01BK Amy Deluxe produkti jau sen ir iekaroju\u0161i Eiropas pirc\u0113ju sirdis. Augsta produkta kvalit\u0101te un konkur\u0113tsp\u0113j\u012bga cena. Dizainu ir rad\u012bju\u0161i eksperti no V\u0101cijas, un tas apvieno praktiskumu un modernu izskatu. No pirm\u0101 acu uzmetiena meln\u0101 \u016bdensp\u012bpe AMY DELUXE UNIO 006.01BK piesaista ar savu neparasto dizainu. \u016adensp\u012bpes k\u0101ts ir izgatavots no ner\u016bs\u0113jo\u0161\u0101 t\u0113rauda un koka kompoz\u012bcijas, kas pie\u0161\u0137ir \u016bdensp\u012bpei [\u2026]<\/p>","protected":false},"featured_media":18007,"comment_status":"open","ping_status":"closed","template":"","meta":[],"_links":{"self":[{"href":"https:\/\/hookahshop.lt\/lv\/wp-json\/wp\/v2\/product\/16643"}],"collection":[{"href":"https:\/\/hookahshop.lt\/lv\/wp-json\/wp\/v2\/product"}],"about":[{"href":"https:\/\/hookahshop.lt\/lv\/wp-json\/wp\/v2\/types\/product"}],"replies":[{"embeddable":true,"href":"https:\/\/hookahshop.lt\/lv\/wp-json\/wp\/v2\/comments?post=16643"}],"version-history":[{"count":4,"href":"https:\/\/hookahshop.lt\/lv\/wp-json\/wp\/v2\/product\/16643\/revisions"}],"predecessor-version":[{"id":32293,"href":"https:\/\/hookahshop.lt\/lv\/wp-json\/wp\/v2\/product\/16643\/revisions\/32293"}],"wp:featuredmedia":[{"embeddable":true,"href":"https:\/\/hookahshop.lt\/lv\/wp-json\/wp\/v2\/media\/18007"}],"wp:attachment":[{"href":"https:\/\/hookahshop.lt\/lv\/wp-json\/wp\/v2\/media?parent=16643"}],"curies":[{"name":"wp","href":"https:\/\/api.w.org\/{rel}","templated":true}]}}