{"id":17393,"date":"2020-12-30T00:27:13","date_gmt":"2020-12-29T22:27:13","guid":{"rendered":"https:\/\/hookahshop.lt\/?post_type=product&#038;p=17393"},"modified":"2026-04-20T23:29:03","modified_gmt":"2026-04-20T20:29:03","slug":"kaljano-komplektas-voodoo-smoke-down-black","status":"publish","type":"product","link":"https:\/\/hookahshop.lt\/lv\/produkt\/udenspipe-set-voodoo-smoke-down-melns\/","title":{"rendered":"\u016adensp\u012bpes komplekts VOODOO Smoke Down Black"},"content":{"rendered":"<h2>\u016adensp\u012bpes komplekts VOODOO Smoke Down Black<\/h2>\n<p>VooDoo Smoke ir \u016bdensp\u012bpju un aksesu\u0101ru ra\u017eot\u0101js no Maskavas, kas izpeln\u012bjies uztic\u012bbu \u016bdensp\u012bpes tirg\u016b.<br \/>\nVoodoo Smoke laidis klaj\u0101 jaunu modeli ar unik\u0101lu p\u016b\u0161anas sist\u0113mu no apak\u0161tas\u012btes apak\u0161as - &quot;Smoke Down (Black)&quot;. Izgatavots no augstas kvalit\u0101tes v\u0101cu poliacet\u0101la un ir piln\u012bb\u0101 melns.<br \/>\n\u0160\u012b ir kvalitat\u012bva ner\u016bs\u0113jo\u0161\u0101 t\u0113rauda deta\u013cu apstr\u0101de. Voodoo Smoke \u0146em v\u0113r\u0101 \u016bdensp\u012bpes cien\u012bt\u0101ju v\u0113lmes un iemieso t\u0101s savos mode\u013cos.<\/p>\n<p>Apr\u012bkojums:<br \/>\nV\u0101rpsta -1 gab.<br \/>\n\u016adensp\u012bpes pl\u0101ksne - 1 gab.<br \/>\nIemutnis - 1 gab.<br \/>\nSilikona \u0161\u013c\u016btene - 1 gab.<br \/>\nBl\u012bves - 2 gab.<br \/>\nKolba - 1 gab.<br \/>\nKnaibles - 1 gab.<br \/>\nSiltuma kamera - 1 gab.<br \/>\nKauss - 1gab.<br \/>\nOgles 1kg - 1gab.<br \/>\nPl\u012bts - 1gab.<\/p>\n<p>Komplekts var at\u0161\u0137irties no \u0101\u0137a \u0101\u0137a un kolbas no t\u0101, kas par\u0101d\u012bts fotoatt\u0113l\u0101.<\/p>\n<p>Vai jums ir k\u0101di jaut\u0101jumi? Sazinies ar mums\u00a0<a href=\"https:\/\/hookahshop.lt\/lv\/kontaktiem\/\">kontaktu lapa<\/a>\u00a0vai rakstiet mums pa e-pastu\u00a0<a href=\"https:\/\/facebook.com\/HookahShop.lt\/\" target=\"_blank\" rel=\"noopener noreferrer\">Facebook konts<\/a>\u00a0un m\u0113s atbild\u0113sim uz j\u016bsu piepras\u012bjumu taj\u0101 pa\u0161\u0101 dien\u0101.<\/p>","protected":false},"excerpt":{"rendered":"<p>\u016adensp\u012bpes komplekts VOODOO Smoke Down Black \u201cVoodoo Smoke\u201d ir \u016bdensp\u012bpju un aksesu\u0101ru ra\u017eot\u0101js no Maskavas, kas ir iemantojis uztic\u012bbu \u016bdensp\u012bpju tirg\u016b. \u201cVoodoo Smoke\u201d ir izlaidis jaunu modeli ar ekskluz\u012bvu p\u016b\u0161anas sist\u0113mu no apak\u0161as \u2013 \u201cSmoke Down (Black)\u201d. Izgatavots no augstas kvalit\u0101tes v\u0101cu poliacet\u0101la un piln\u012bgi melns. T\u0101 ir augstas kvalit\u0101tes deta\u013cu apstr\u0101de, ner\u016bs\u0113jo\u0161ais t\u0113rauds. \u201cVoodoo Smoke\u201d \u0146em v\u0113r\u0101 [\u2026]<\/p>","protected":false},"featured_media":27991,"comment_status":"open","ping_status":"closed","template":"","meta":[],"_links":{"self":[{"href":"https:\/\/hookahshop.lt\/lv\/wp-json\/wp\/v2\/product\/17393"}],"collection":[{"href":"https:\/\/hookahshop.lt\/lv\/wp-json\/wp\/v2\/product"}],"about":[{"href":"https:\/\/hookahshop.lt\/lv\/wp-json\/wp\/v2\/types\/product"}],"replies":[{"embeddable":true,"href":"https:\/\/hookahshop.lt\/lv\/wp-json\/wp\/v2\/comments?post=17393"}],"version-history":[{"count":3,"href":"https:\/\/hookahshop.lt\/lv\/wp-json\/wp\/v2\/product\/17393\/revisions"}],"predecessor-version":[{"id":32723,"href":"https:\/\/hookahshop.lt\/lv\/wp-json\/wp\/v2\/product\/17393\/revisions\/32723"}],"wp:featuredmedia":[{"embeddable":true,"href":"https:\/\/hookahshop.lt\/lv\/wp-json\/wp\/v2\/media\/27991"}],"wp:attachment":[{"href":"https:\/\/hookahshop.lt\/lv\/wp-json\/wp\/v2\/media?parent=17393"}],"curies":[{"name":"wp","href":"https:\/\/api.w.org\/{rel}","templated":true}]}}