{"id":17397,"date":"2020-12-30T00:32:30","date_gmt":"2020-12-29T22:32:30","guid":{"rendered":"https:\/\/hookahshop.lt\/?post_type=product&#038;p=17397"},"modified":"2026-05-13T13:51:42","modified_gmt":"2026-05-13T10:51:42","slug":"kaljano-komplektas-amy-deluxe-unio","status":"publish","type":"product","link":"https:\/\/hookahshop.lt\/lv\/produkt\/hookah-set-amy-deluxe-unio\/","title":{"rendered":"\u0100\u0137u komplekts AMY DELUXE Unio 006-01BK"},"content":{"rendered":"<h2>\u0100\u0137u komplekts AMY DELUXE Unio 006-01BK<\/h2>\n<p>Amy Deluxe produkti jau sen ir iekaroju\u0161i Eiropas pirc\u0113ju sirdis. Augsta produkta kvalit\u0101te un konkur\u0113tsp\u0113j\u012bga cena. Dizainu ir izveidoju\u0161i eksperti no V\u0101cijas, un tas apvieno praktiskumu un modernu izskatu.<\/p>\n<p>No pirm\u0101 acu uzmetiena melnais \u016bdensp\u012bpe AMY DELUXE UNIO 006.01BK piesaista ar neparastu dizainu. \u016adensp\u012bpes v\u0101rpsta ir izgatavota no ner\u016bs\u0113jo\u0161\u0101 t\u0113rauda un koka kompoz\u012bcijas, kas \u016bdensp\u012bpei pie\u0161\u0137ir iztur\u012bbu un skaistu izskatu. \u016adensp\u012bpe ir ar lielu un stabilu kolbu. \u0112rt\u012bbas labad \u016bdensp\u012bpei ir \u0161\u013c\u016btenes tur\u0113t\u0101js. Augstums 71cm<\/p>\n<p>Apr\u012bkojums:<br \/>\nV\u0101rpsta -1 gab.<br \/>\n\u016adensp\u012bpes pl\u0101ksne - 1 gab.<br \/>\nIemutnis - 1 gab.<br \/>\nSilikona \u0161\u013c\u016btene - 1 gab.<br \/>\nBl\u012bves - 2 gab.<br \/>\nKolba - 1 gab.<br \/>\nKnaibles - 1 gab.<br \/>\nSiltuma kamera - 1 gab.<br \/>\nKauss - 1gab.<br \/>\nOgles 1kg - 1gab.<br \/>\nPl\u012bts - 1gab.<\/p>\n<p>Komplekts var at\u0161\u0137irties no \u0101\u0137a \u0101\u0137a un kolbas no t\u0101, kas par\u0101d\u012bts fotoatt\u0113l\u0101.<\/p>\n<p>Vai jums ir k\u0101di jaut\u0101jumi? Sazinies ar mums\u00a0<a href=\"https:\/\/hookahshop.lt\/lv\/kontaktiem\/\">kontaktu lapa<\/a>\u00a0vai rakstiet mums pa e-pastu\u00a0<a href=\"https:\/\/facebook.com\/HookahShop.lt\/\" target=\"_blank\" rel=\"noopener noreferrer\">Facebook konts<\/a>\u00a0un m\u0113s atbild\u0113sim uz j\u016bsu piepras\u012bjumu taj\u0101 pa\u0161\u0101 dien\u0101.<\/p>","protected":false},"excerpt":{"rendered":"<p>\u016adensp\u012bpes komplekts AMY DELUXE Unio 006-01BK Amy Deluxe produkti jau ilgu laiku iekaroju\u0161i Eiropas pirc\u0113ju sirdis. Augsta produktu kvalit\u0101te un konkur\u0113tsp\u0113j\u012bga cena. Dizainu veidoju\u0161i eksperti no V\u0101cijas, un tas apvieno praktiskumu ar modernu izskatu. No pirm\u0101 acu uzmetiena meln\u0101 \u016bdensp\u012bpe AMY DELUXE UNIO 006.01BK piesaista ar savu neparasto dizainu. \u016adensp\u012bpes k\u0101ts ir izgatavots no ner\u016bs\u0113jo\u0161\u0101 t\u0113rauda un koka kombin\u0101cijas, nodro\u0161inot [...]<\/p>","protected":false},"featured_media":28008,"comment_status":"open","ping_status":"closed","template":"","meta":[],"_links":{"self":[{"href":"https:\/\/hookahshop.lt\/lv\/wp-json\/wp\/v2\/product\/17397"}],"collection":[{"href":"https:\/\/hookahshop.lt\/lv\/wp-json\/wp\/v2\/product"}],"about":[{"href":"https:\/\/hookahshop.lt\/lv\/wp-json\/wp\/v2\/types\/product"}],"replies":[{"embeddable":true,"href":"https:\/\/hookahshop.lt\/lv\/wp-json\/wp\/v2\/comments?post=17397"}],"version-history":[{"count":4,"href":"https:\/\/hookahshop.lt\/lv\/wp-json\/wp\/v2\/product\/17397\/revisions"}],"predecessor-version":[{"id":32027,"href":"https:\/\/hookahshop.lt\/lv\/wp-json\/wp\/v2\/product\/17397\/revisions\/32027"}],"wp:featuredmedia":[{"embeddable":true,"href":"https:\/\/hookahshop.lt\/lv\/wp-json\/wp\/v2\/media\/28008"}],"wp:attachment":[{"href":"https:\/\/hookahshop.lt\/lv\/wp-json\/wp\/v2\/media?parent=17397"}],"curies":[{"name":"wp","href":"https:\/\/api.w.org\/{rel}","templated":true}]}}