{"id":17412,"date":"2020-12-30T00:44:13","date_gmt":"2020-12-29T22:44:13","guid":{"rendered":"https:\/\/hookahshop.lt\/?post_type=product&#038;p=17412"},"modified":"2026-04-17T23:29:25","modified_gmt":"2026-04-17T20:29:25","slug":"kaljano-komplektas-maklaud-igla-of-anubis","status":"publish","type":"product","link":"https:\/\/hookahshop.lt\/lv\/produkt\/udenspipe-set-maklaud-igla-of-anubis\/","title":{"rendered":"\u016adensp\u012bpes komplekts MAKLAUD Igla Of Anubis"},"content":{"rendered":"<h2>\u016adensp\u012bpes komplekts MAKLAUD Igla Of Anubis<\/h2>\n<p>\u0160\u012bs tradicion\u0101l\u0101s &quot;n\u016bjas&quot; rad\u012bja Anubisa Iglas konceptu\u0101lo versiju, kas izgatavota MacLeod rakstur\u012bg\u0101 stil\u0101. Igla no Anubis ir saist\u012bjusi z\u012bmola mitolo\u0123isko b\u0101zi ar jaunu klasisko bud\u017eeta \u016bdensp\u012bpju s\u0113riju.<\/p>\n<p>Anubis versija atbilst t\u0101s priek\u0161g\u0101j\u0113ja dizainam, bet ar galvaskausu gredzenu, kas rot\u0101 t\u0101 pamatni<\/p>\n<p><strong>Apr\u012bkojums:<\/strong><br \/>\nV\u0101rpsta -1 gab.<br \/>\n\u016adensp\u012bpes pl\u0101ksne ar z\u012bmola grav\u0113jumu - 1 gab.<br \/>\nIemutnis - 1 gab.<br \/>\nSilikona \u0161\u013c\u016btene - 1 gab.<br \/>\nBl\u012bves - 2 gab.<br \/>\nKolba (at\u0161\u0137iras no fotoatt\u0113l\u0101 redzam\u0101s) - 1 gab.<br \/>\nKnaibles - 1 gab.<br \/>\nSiltuma kamera - 1 gab.<br \/>\nKr\u016bz\u012bte (Var at\u0161\u0137irties no bild\u0113 redzam\u0101s) - 1 gab.<br \/>\nOgles 1kg - 1gab.<br \/>\nPl\u012bts - 1gab.<\/p>\n<p>Komplekts var at\u0161\u0137irties no \u0101\u0137a \u0101\u0137a un kolbas no t\u0101, kas par\u0101d\u012bts fotoatt\u0113l\u0101.<\/p>\n<p>Vai jums ir k\u0101di jaut\u0101jumi? Sazinies ar mums\u00a0<a href=\"https:\/\/hookahshop.lt\/lv\/kontaktiem\/\">kontaktu lapa<\/a>\u00a0vai rakstiet mums pa e-pastu\u00a0<a href=\"https:\/\/facebook.com\/HookahShop.lt\/\" target=\"_blank\" rel=\"noopener noreferrer\">Facebook konts<\/a>\u00a0un m\u0113s atbild\u0113sim uz j\u016bsu piepras\u012bjumu taj\u0101 pa\u0161\u0101 dien\u0101.<\/p>","protected":false},"excerpt":{"rendered":"<p>\u016adensp\u012bpes komplekts MAKLAUD Igla Of Anubis \u0160\u012bs tradicion\u0101l\u0101s &quot;n\u016bjas&quot; ir Anubis Iglas koncepta versija, kas izgatavota rakstur\u012bg\u0101 MacLeod stil\u0101. Igla no Anubis ir saist\u012bjusi z\u012bmola mitolo\u0123isko b\u0101zi ar jaunu klasisko bud\u017eeta \u016bdensp\u012bpju s\u0113riju. &quot;Anubis&quot; versija atbilst t\u0101 priek\u0161g\u0101j\u0113ja dizainam, bet t\u0101s pamatni rot\u0101 galvaskausu gredzens Pilns komplekts: V\u0101rps -1 gab. \u016adensp\u012bpes \u0161\u0137\u012bvis ar firmas grav\u0113jumu - 1 [\u2026]<\/p>","protected":false},"featured_media":27986,"comment_status":"open","ping_status":"closed","template":"","meta":[],"_links":{"self":[{"href":"https:\/\/hookahshop.lt\/lv\/wp-json\/wp\/v2\/product\/17412"}],"collection":[{"href":"https:\/\/hookahshop.lt\/lv\/wp-json\/wp\/v2\/product"}],"about":[{"href":"https:\/\/hookahshop.lt\/lv\/wp-json\/wp\/v2\/types\/product"}],"replies":[{"embeddable":true,"href":"https:\/\/hookahshop.lt\/lv\/wp-json\/wp\/v2\/comments?post=17412"}],"version-history":[{"count":5,"href":"https:\/\/hookahshop.lt\/lv\/wp-json\/wp\/v2\/product\/17412\/revisions"}],"predecessor-version":[{"id":33093,"href":"https:\/\/hookahshop.lt\/lv\/wp-json\/wp\/v2\/product\/17412\/revisions\/33093"}],"wp:featuredmedia":[{"embeddable":true,"href":"https:\/\/hookahshop.lt\/lv\/wp-json\/wp\/v2\/media\/27986"}],"wp:attachment":[{"href":"https:\/\/hookahshop.lt\/lv\/wp-json\/wp\/v2\/media?parent=17412"}],"curies":[{"name":"wp","href":"https:\/\/api.w.org\/{rel}","templated":true}]}}