{"id":17416,"date":"2020-12-30T00:47:18","date_gmt":"2020-12-29T22:47:18","guid":{"rendered":"https:\/\/hookahshop.lt\/?post_type=product&#038;p=17416"},"modified":"2026-04-14T23:28:59","modified_gmt":"2026-04-14T20:28:59","slug":"kaljano-komplektas-karma-hookah-1-1-black","status":"publish","type":"product","link":"https:\/\/hookahshop.lt\/lv\/produkt\/udenspipes-komplekts-karma-udenspipe-1-1-melns\/","title":{"rendered":"\u016adensp\u012bpes komplekts KARMA HOOKAH 1.1 Melns"},"content":{"rendered":"<h2>\u016adensp\u012bpes komplekts KARMA HOOKAH 1.1 Melns<\/h2>\n<p>KARMA HOOKAH ir pirm\u0101 komp\u0101nija, kas izlaidusi ori\u0123in\u0101lu ukrai\u0146u \u016bdensp\u012bpi, izmantojot dab\u012bgo koku. J\u016bs ieg\u016bsiet unik\u0101la dizaina koka v\u0101rpstu ar iek\u0161\u0113jo cauruli no ner\u016bs\u0113jo\u0161\u0101 t\u0113rauda ar diametru 14 mm, kas garant\u0113 m\u012bkstu un pat\u012bkamu vilkmi. V\u0101rsts \u013caus viegli izt\u012br\u012bt kolbu. KARMA HOOKAH pl\u0101ksne ir \u0101rk\u0101rt\u012bgi skaista un praktiska.<\/p>\n<p>Karma modelis 1.1 ir izgatavots no pelniem. Koksne ir bl\u012bva, sp\u0113c\u012bga un iztur\u012bga, iztur\u012bga pret p\u016b\u0161anu. Viegli kopjams un lietojams. Karma 1.1 meln\u0101 kr\u0101sa simboliz\u0113 stingr\u012bbu un iztur\u012bbu. \u0160\u012b kr\u0101sa domin\u0113 m\u016bsdienu biznesa pasaul\u0113 un ir \u013coti piem\u0113rota \u0161im modelim. Koka \u016bdensp\u012bpes cien\u012bt\u0101jiem \u0161is modelis b\u016bs br\u012bni\u0161\u0137\u012bga d\u0101vana.<\/p>\n<p>Raksturojums:<br \/>\n- \u016adensp\u012bpes augstums: 72 cm.<br \/>\n- Koka materi\u0101ls: pelni<\/p>\n<p>Apr\u012bkojums:<br \/>\nV\u0101rpsta -1 gab.<br \/>\n\u016adensp\u012bpes pl\u0101ksne - 1 gab.<br \/>\nIemutnis - 1 gab.<br \/>\nSilikona \u0161\u013c\u016btene - 1 gab.<br \/>\nBl\u012bves - 2 gab.<br \/>\nKolba - 1 gab.<br \/>\nKnaibles - 1 gab.<br \/>\nSiltuma kamera - 1 gab.<br \/>\nKauss - 1gab.<br \/>\nOgles 1kg - 1gab.<br \/>\nPl\u012bts - 1gab.<\/p>\n<p>Komplekts var at\u0161\u0137irties no \u0101\u0137a \u0101\u0137a un kolbas no t\u0101, kas par\u0101d\u012bts fotoatt\u0113l\u0101.<\/p>\n<p>Vai jums ir k\u0101di jaut\u0101jumi? Sazinies ar mums\u00a0<a href=\"https:\/\/hookahshop.lt\/lv\/kontaktiem\/\">kontaktu lapa<\/a>\u00a0vai rakstiet mums pa e-pastu\u00a0<a href=\"https:\/\/facebook.com\/HookahShop.lt\/\" target=\"_blank\" rel=\"noopener noreferrer\">Facebook konts<\/a>\u00a0un m\u0113s atbild\u0113sim uz j\u016bsu piepras\u012bjumu taj\u0101 pa\u0161\u0101 dien\u0101.<\/p>","protected":false},"excerpt":{"rendered":"<p>\u016adensp\u012bpes komplekts KARMA HOOKAH 1.1 Black KARMA HOOKAH ir pirm\u0101 komp\u0101nija, kas izlaidusi ori\u0123in\u0101lu ukrai\u0146u \u016bdensp\u012bpi, kur\u0101 izmantots dab\u012bgs koks. J\u016bs sa\u0146emsiet koka v\u0101rpstu ar unik\u0101lu dizainu, ar iek\u0161\u0113jo cauruli, kas izgatavota no ner\u016bs\u0113jo\u0161\u0101 t\u0113rauda ar diametru 14 mm, kas garant\u0113 m\u012bkstu un pat\u012bkamu vilk\u0161anu. V\u0101rsts \u013caus jums viegli izp\u016bst kolbu. \u0160\u0137\u012bvis &quot;KARMA HOOKAH&quot; ir \u0101rk\u0101rt\u012bgi skaists un praktisks. [\u2026]<\/p>","protected":false},"featured_media":28004,"comment_status":"open","ping_status":"closed","template":"","meta":[],"_links":{"self":[{"href":"https:\/\/hookahshop.lt\/lv\/wp-json\/wp\/v2\/product\/17416"}],"collection":[{"href":"https:\/\/hookahshop.lt\/lv\/wp-json\/wp\/v2\/product"}],"about":[{"href":"https:\/\/hookahshop.lt\/lv\/wp-json\/wp\/v2\/types\/product"}],"replies":[{"embeddable":true,"href":"https:\/\/hookahshop.lt\/lv\/wp-json\/wp\/v2\/comments?post=17416"}],"version-history":[{"count":3,"href":"https:\/\/hookahshop.lt\/lv\/wp-json\/wp\/v2\/product\/17416\/revisions"}],"predecessor-version":[{"id":28003,"href":"https:\/\/hookahshop.lt\/lv\/wp-json\/wp\/v2\/product\/17416\/revisions\/28003"}],"wp:featuredmedia":[{"embeddable":true,"href":"https:\/\/hookahshop.lt\/lv\/wp-json\/wp\/v2\/media\/28004"}],"wp:attachment":[{"href":"https:\/\/hookahshop.lt\/lv\/wp-json\/wp\/v2\/media?parent=17416"}],"curies":[{"name":"wp","href":"https:\/\/api.w.org\/{rel}","templated":true}]}}