{"id":17420,"date":"2020-12-30T00:54:08","date_gmt":"2020-12-29T22:54:08","guid":{"rendered":"https:\/\/hookahshop.lt\/?post_type=product&#038;p=17420"},"modified":"2026-04-22T23:29:09","modified_gmt":"2026-04-22T20:29:09","slug":"kaljano-komplektas-karma-hookah-3-0-brown","status":"publish","type":"product","link":"https:\/\/hookahshop.lt\/lv\/produkt\/udenspipes-komplekts-karma-udenspipe-3-0-bruns\/","title":{"rendered":"\u016adensp\u012bpes komplekts KARMA HOOKAH 3.0 Brown"},"content":{"rendered":"<h2>\u016adensp\u012bpes komplekts KARMA HOOKAH 3.0 Brown<\/h2>\n<p>Karma Hookah 3.0 v\u0101rpstai ir dabiska koka apdare, anod\u0113ts alum\u012bnija sakaus\u0113jums un medic\u012bniskas kvalit\u0101tes ner\u016bs\u0113jo\u0161\u0101 t\u0113rauda caurule. Optim\u0101lais \u016bdensp\u012bpes k\u0101ta diametrs pieredz\u0113ju\u0161iem cien\u012bt\u0101jiem \u013caus izbaud\u012bt ori\u0123in\u0101lo gar\u0161u un arom\u0101tu<\/p>\n<p>Raksturojums:<br \/>\n- \u016adensp\u012bpes augstums: 72 cm.<br \/>\n- Koka materi\u0101ls: pelni<\/p>\n<p>Apr\u012bkojums:<br \/>\nV\u0101rpsta -1 gab.<br \/>\n\u016adensp\u012bpes pl\u0101ksne - 1 gab.<br \/>\nMute (KARMA) \u2013 1 gab.<br \/>\nSilikona \u0161\u013c\u016btene - 1 gab.<br \/>\nBl\u012bves - 2 gab.<br \/>\nKolba - 1 gab.<br \/>\nKnaibles - 1 gab.<br \/>\nSiltuma kamera - 1 gab.<br \/>\nKauss - 1gab.<br \/>\nOgles 1kg - 1gab.<br \/>\nPl\u012bts - 1gab.<\/p>\n<p>Komplekts var at\u0161\u0137irties no \u0101\u0137a \u0101\u0137a un kolbas no t\u0101, kas par\u0101d\u012bts fotoatt\u0113l\u0101.<\/p>\n<p>Vai jums ir k\u0101di jaut\u0101jumi? Sazinies ar mums\u00a0<a href=\"https:\/\/hookahshop.lt\/lv\/kontaktiem\/\">kontaktu lapa<\/a>\u00a0vai rakstiet mums pa e-pastu\u00a0<a href=\"https:\/\/facebook.com\/HookahShop.lt\/\" target=\"_blank\" rel=\"noopener noreferrer\">Facebook konts<\/a>\u00a0un m\u0113s atbild\u0113sim uz j\u016bsu piepras\u012bjumu taj\u0101 pa\u0161\u0101 dien\u0101.<\/p>","protected":false},"excerpt":{"rendered":"<p>\u016adensp\u012bpes komplekts KARMA HOOKAH 3.0 Brown Karma Hookah 3.0 v\u0101rpsta ir apr\u012bkota ar dab\u012bg\u0101 koka apdari, anod\u0113tu alum\u012bnija sakaus\u0113jumu un medic\u012bnisk\u0101s kvalit\u0101tes ner\u016bs\u0113jo\u0161\u0101 t\u0113rauda cauruli. Optim\u0101lais \u016bdensp\u012bpes k\u0101ta diametrs \u013caus pieredz\u0113ju\u0161iem cien\u012bt\u0101jiem izbaud\u012bt ori\u0123in\u0101lo gar\u0161u un arom\u0101tu. Paz\u012bmes: - \u016adensp\u012bpes augstums: 72 cm. \u2013 Koka materi\u0101ls: osis Pilns komplekts: K\u0101ta - 1 gab. \u016adensp\u012bpes \u0161\u0137\u012bvis - 1 gab. [\u2026]<\/p>","protected":false},"featured_media":28002,"comment_status":"open","ping_status":"closed","template":"","meta":[],"_links":{"self":[{"href":"https:\/\/hookahshop.lt\/lv\/wp-json\/wp\/v2\/product\/17420"}],"collection":[{"href":"https:\/\/hookahshop.lt\/lv\/wp-json\/wp\/v2\/product"}],"about":[{"href":"https:\/\/hookahshop.lt\/lv\/wp-json\/wp\/v2\/types\/product"}],"replies":[{"embeddable":true,"href":"https:\/\/hookahshop.lt\/lv\/wp-json\/wp\/v2\/comments?post=17420"}],"version-history":[{"count":5,"href":"https:\/\/hookahshop.lt\/lv\/wp-json\/wp\/v2\/product\/17420\/revisions"}],"predecessor-version":[{"id":28001,"href":"https:\/\/hookahshop.lt\/lv\/wp-json\/wp\/v2\/product\/17420\/revisions\/28001"}],"wp:featuredmedia":[{"embeddable":true,"href":"https:\/\/hookahshop.lt\/lv\/wp-json\/wp\/v2\/media\/28002"}],"wp:attachment":[{"href":"https:\/\/hookahshop.lt\/lv\/wp-json\/wp\/v2\/media?parent=17420"}],"curies":[{"name":"wp","href":"https:\/\/api.w.org\/{rel}","templated":true}]}}