{"id":17507,"date":"2021-01-05T22:00:09","date_gmt":"2021-01-05T20:00:09","guid":{"rendered":"https:\/\/hookahshop.lt\/?post_type=product&#038;p=17507"},"modified":"2026-05-13T23:29:07","modified_gmt":"2026-05-13T20:29:07","slug":"kaljanas-mamay-customs-coilover-micro-blue","status":"publish","type":"product","link":"https:\/\/hookahshop.lt\/lv\/produkt\/hookah-mamay-customs-coilover-micro-blue\/","title":{"rendered":"\u016adensp\u012bpe MAMAY Customs Coilover Micro Blue"},"content":{"rendered":"<h2>\u016adensp\u012bpe MAMAY Customs Coilover Micro Blue<\/h2>\n<p>Mamay Customs Coilover Micro Blue - b\u016bs paz\u012bstams liel\u0101kajai da\u013cai \u016bdensp\u012bpes entuziastu, jo tas jau ir paz\u012bstams vis\u0101 pasaul\u0113. Mamay z\u012bmols ir ne tikai augst\u0101k\u0101s klases \u016bdensp\u012bpe Krievij\u0101, bet ar\u012b Mamay Customs ir ieguvusi popularit\u0101ti vis\u0101 Eirop\u0101. Iesp\u0113jams, tas ir saist\u012bts ar izcilo koncepciju un kvalit\u0101ti. \u016adensp\u012bpe pat\u012bk visiem, kam pat\u012bk krievu \u016bdensp\u012bpes. Aiz visa t\u0101 st\u0101v Krievijas uz\u0146\u0113mums, kas gadu gait\u0101 ir uzkr\u0101jis lielu pieredzi un tas ir redzams produkt\u0101.<\/p>\n<p><strong>Materi\u0101ls un dizains<\/strong><br \/>\n\u016adensp\u012bpe ir izgatavota no ner\u016bs\u0113jo\u0161\u0101 t\u0113rauda un plastmasas deta\u013c\u0101m, un tai ir ar\u012b \u0161\u013c\u016btenes savienojums, k\u0101 tas ir ierasts \u016bdensp\u012bp\u0113m no Krievijas. Papildus \u0161\u013c\u016btenes savienojumam v\u0101rpst\u0101 ir v\u0113l divas sast\u0101vda\u013cas. Pirmk\u0101rt, izp\u016b\u0161anas v\u0101rsts un \u0161\u013c\u016btenes savienot\u0101js, kas tiek izmantots k\u0101 \u0161\u013c\u016btenes tur\u0113t\u0101js. \u016adensp\u012bpei ir ner\u016bs\u0113jo\u0161\u0101 t\u0113rauda k\u0101ts, kas ir p\u0101rkl\u0101ts ar plastmasu, ta\u010du tas v\u0113l nav viss! Ap k\u0101tu ir automa\u0161\u012bnas amortizatora imit\u0101cija, kas ir neparasta dizaina deta\u013ca, kas var b\u016bt da\u017e\u0101d\u0101s kr\u0101s\u0101s.<\/p>\n<p>\u016adensp\u012bpes augstums: 50cm<\/p>\n<p>Vai jums ir k\u0101di jaut\u0101jumi? Sazinies ar mums\u00a0<a href=\"https:\/\/hookahshop.lt\/lv\/kontaktiem\/\">kontaktu lapa<\/a>\u00a0vai rakstiet mums pa e-pastu\u00a0<a href=\"https:\/\/facebook.com\/HookahShop.lt\/\" target=\"_blank\" rel=\"noopener noreferrer\">Facebook konts<\/a>\u00a0un m\u0113s atbild\u0113sim uz j\u016bsu piepras\u012bjumu taj\u0101 pa\u0161\u0101 dien\u0101.<\/p>","protected":false},"excerpt":{"rendered":"<p>\u016adensp\u012bpe MAMAY Customs Coilover Micro Blue Mamay Customs Coilover Micro Blue b\u016bs paz\u012bstama liel\u0101kajai da\u013cai \u016bdensp\u012bpes entuziastu, jo t\u0101 jau ir paz\u012bstama vis\u0101 pasaul\u0113. Mamay z\u012bmols ir ne tikai augst\u0101k\u0101s klases \u016bdensp\u012bpe Krievij\u0101, bet ar\u012b Mamay Customs ir ieguvusi popularit\u0101ti vis\u0101 Eirop\u0101. Iesp\u0113jams, tas ir saist\u012bts ar izcilo koncepciju un kvalit\u0101ti. \u016adensp\u012bpe piesaista visus, kam pat\u012bk krievu valoda [\u2026]<\/p>","protected":false},"featured_media":17563,"comment_status":"open","ping_status":"closed","template":"","meta":[],"_links":{"self":[{"href":"https:\/\/hookahshop.lt\/lv\/wp-json\/wp\/v2\/product\/17507"}],"collection":[{"href":"https:\/\/hookahshop.lt\/lv\/wp-json\/wp\/v2\/product"}],"about":[{"href":"https:\/\/hookahshop.lt\/lv\/wp-json\/wp\/v2\/types\/product"}],"replies":[{"embeddable":true,"href":"https:\/\/hookahshop.lt\/lv\/wp-json\/wp\/v2\/comments?post=17507"}],"version-history":[{"count":2,"href":"https:\/\/hookahshop.lt\/lv\/wp-json\/wp\/v2\/product\/17507\/revisions"}],"predecessor-version":[{"id":22682,"href":"https:\/\/hookahshop.lt\/lv\/wp-json\/wp\/v2\/product\/17507\/revisions\/22682"}],"wp:featuredmedia":[{"embeddable":true,"href":"https:\/\/hookahshop.lt\/lv\/wp-json\/wp\/v2\/media\/17563"}],"wp:attachment":[{"href":"https:\/\/hookahshop.lt\/lv\/wp-json\/wp\/v2\/media?parent=17507"}],"curies":[{"name":"wp","href":"https:\/\/api.w.org\/{rel}","templated":true}]}}