{"id":17587,"date":"2021-01-06T11:49:17","date_gmt":"2021-01-06T09:49:17","guid":{"rendered":"https:\/\/hookahshop.lt\/?post_type=product&#038;p=17587"},"modified":"2026-04-20T23:29:18","modified_gmt":"2026-04-20T20:29:18","slug":"taurele-kaljanui-oblako-x-hooligan-edition-2020-green","status":"publish","type":"product","link":"https:\/\/hookahshop.lt\/lv\/produkt\/hookah-glass-cloud-x-hooligan-izdevums-2020-green\/","title":{"rendered":"\u016adensp\u012bpes kauss OBLAKO X Hooligan Edition 2020 Green"},"content":{"rendered":"<h2>\u016adensp\u012bpes kauss OBLAKO X Hooligan Edition 2020 Green<\/h2>\n<p>\u0160\u012b ir pirm\u0101 turku stila \u016bdensp\u012bpes b\u013coda, ko izgatavojis Oblak. Izgatavots sadarb\u012bb\u0101 starp Oblako Brand un Hooligan.<br \/>\nKrievij\u0101 \u0161\u012bs kr\u016bzes ir ierobe\u017eotas l\u012bdz 1000 vien\u012bb\u0101m un tiek p\u0101rdotas tikai ofici\u0101lajos Nuahule veikalos-\u016bdensp\u012bpes veikalos.<br \/>\nTos izstr\u0101d\u0101jis pats Nuahule ar saviem Hooligan z\u012bmola dizainiem.<br \/>\nKad vi\u0146i ir prom, vi\u0146i ir prom uz visiem laikiem!<\/p>\n<p>Specifik\u0101cijas:<\/p>\n<p>Tilpums 15-20 g.<br \/>\nMateri\u0101ls: balts m\u0101ls (karstumiztur\u012bgs)<br \/>\nModelis: turku<br \/>\nIzm\u0113rs: vid\u0113js<\/p>\n<p>Vai jums ir k\u0101di jaut\u0101jumi? Sazinies ar mums\u00a0<a href=\"https:\/\/hookahshop.lt\/lv\/kontaktiem\/\">kontaktu lapa<\/a>\u00a0vai rakstiet mums pa e-pastu\u00a0<a href=\"https:\/\/facebook.com\/HookahShop.lt\/\" target=\"_blank\" rel=\"noopener noreferrer\">Facebook konts<\/a>\u00a0un m\u0113s atbild\u0113sim uz j\u016bsu piepras\u012bjumu taj\u0101 pa\u0161\u0101 dien\u0101.<\/p>","protected":false},"excerpt":{"rendered":"<p>\u016adensp\u012bpes kr\u016bze OBLAKO X Hooligan Edition 2020 Green \u0160\u012b ir pirm\u0101 Oblak ra\u017eot\u0101 \u016bdensp\u012bpes kr\u016bze turku stil\u0101. Izgatavots sadarb\u012bb\u0101 starp Oblako Brand un Hooligan. Krievij\u0101 \u0161\u012bs kr\u016bzes ir ierobe\u017eotas l\u012bdz 1000 vien\u012bb\u0101m un tiek p\u0101rdotas tikai ofici\u0101lajos Nuahule veikalos-\u016bdensp\u012bpes veikalos. Tos izstr\u0101d\u0101jis pats Nuahule ar saviem Hooligan z\u012bmola dizainiem. Kad vi\u0146i ir prom, vi\u0146i ir prom uz visiem laikiem! Specifik\u0101cijas: ietilp\u012bba [\u2026]<\/p>","protected":false},"featured_media":21264,"comment_status":"open","ping_status":"closed","template":"","meta":[],"_links":{"self":[{"href":"https:\/\/hookahshop.lt\/lv\/wp-json\/wp\/v2\/product\/17587"}],"collection":[{"href":"https:\/\/hookahshop.lt\/lv\/wp-json\/wp\/v2\/product"}],"about":[{"href":"https:\/\/hookahshop.lt\/lv\/wp-json\/wp\/v2\/types\/product"}],"replies":[{"embeddable":true,"href":"https:\/\/hookahshop.lt\/lv\/wp-json\/wp\/v2\/comments?post=17587"}],"version-history":[{"count":5,"href":"https:\/\/hookahshop.lt\/lv\/wp-json\/wp\/v2\/product\/17587\/revisions"}],"predecessor-version":[{"id":37912,"href":"https:\/\/hookahshop.lt\/lv\/wp-json\/wp\/v2\/product\/17587\/revisions\/37912"}],"wp:featuredmedia":[{"embeddable":true,"href":"https:\/\/hookahshop.lt\/lv\/wp-json\/wp\/v2\/media\/21264"}],"wp:attachment":[{"href":"https:\/\/hookahshop.lt\/lv\/wp-json\/wp\/v2\/media?parent=17587"}],"curies":[{"name":"wp","href":"https:\/\/api.w.org\/{rel}","templated":true}]}}