{"id":17800,"date":"2021-01-13T14:03:16","date_gmt":"2021-01-13T12:03:16","guid":{"rendered":"https:\/\/hookahshop.lt\/?post_type=product&#038;p=17800"},"modified":"2026-04-14T23:29:07","modified_gmt":"2026-04-14T20:29:07","slug":"kolba-kaljanui-craft-crystal","status":"publish","type":"product","link":"https:\/\/hookahshop.lt\/lv\/produkt\/kolba-for-udenspipe-craft-crystal\/","title":{"rendered":"Kolba \u016bdensp\u012bpei CRAFT Crystal"},"content":{"rendered":"<h2>Kolba \u016bdensp\u012bpes CRAFT krist\u0101lam<\/h2>\n<p>\u0160ai rok\u0101m darin\u0101tajai kolbai ir izcils dizains, kvalit\u0101te un t\u0101 ir \u013coti caursp\u012bd\u012bga. Kolbas kakli\u0146\u0161 ir izgrebts gareniski \u2013 piel\u0101gots uzglab\u0101\u0161anai, \u0113rt\u0101kai lieto\u0161anai. Ar\u012b kolbas apak\u0161\u0113j\u0101 da\u013ca ir unik\u0101la - grebta.<\/p>\n<p><strong><span title=\"\">Specifik\u0101cijas:<\/span><\/strong><br \/>\nSvars: ~ 2 kg<br \/>\nAugstums: 26 cm<br \/>\nPlatums: 23 cm<br \/>\nKakla iek\u0161\u0113jais diametrs: 4 cm<\/p>\n<p>Vai jums ir k\u0101di jaut\u0101jumi? Sazinies ar mums\u00a0<a href=\"https:\/\/hookahshop.lt\/lv\/kontaktiem\/\">kontaktu lapa<\/a>\u00a0vai rakstiet mums pa e-pastu\u00a0<a href=\"https:\/\/facebook.com\/HookahShop.lt\/\" target=\"_blank\" rel=\"noopener noreferrer\">Facebook konts<\/a>\u00a0un m\u0113s atbild\u0113sim uz j\u016bsu piepras\u012bjumu taj\u0101 pa\u0161\u0101 dien\u0101.<\/p>","protected":false},"excerpt":{"rendered":"<p>Kolba kaljanui CRAFT crystal \u0160i rank\u0173 darbo kolba i\u0161skirtin\u0117 savo dizainu, kokybe ir yra itin skaidriu stilu. Kolbos kaklelis i\u0161rai\u017eytas i\u0161ilgai &#8211; pritaikytas laikymui, patogesniam naudojimui. Kolbos apatin\u0117 dalis taip pat unikali &#8211; i\u0161rai\u017eyta. Specifikacijos: Kolbos svoris: ~ 2 kg Auk\u0161tis: 26 cm Plotis: 22 cm Kaklelio vidinis skersmuo: 4 cm Turite klausim\u0173? Susisiekite su [&hellip;]<\/p>","protected":false},"featured_media":17802,"comment_status":"open","ping_status":"closed","template":"","meta":[],"_links":{"self":[{"href":"https:\/\/hookahshop.lt\/lv\/wp-json\/wp\/v2\/product\/17800"}],"collection":[{"href":"https:\/\/hookahshop.lt\/lv\/wp-json\/wp\/v2\/product"}],"about":[{"href":"https:\/\/hookahshop.lt\/lv\/wp-json\/wp\/v2\/types\/product"}],"replies":[{"embeddable":true,"href":"https:\/\/hookahshop.lt\/lv\/wp-json\/wp\/v2\/comments?post=17800"}],"version-history":[{"count":7,"href":"https:\/\/hookahshop.lt\/lv\/wp-json\/wp\/v2\/product\/17800\/revisions"}],"predecessor-version":[{"id":45107,"href":"https:\/\/hookahshop.lt\/lv\/wp-json\/wp\/v2\/product\/17800\/revisions\/45107"}],"wp:featuredmedia":[{"embeddable":true,"href":"https:\/\/hookahshop.lt\/lv\/wp-json\/wp\/v2\/media\/17802"}],"wp:attachment":[{"href":"https:\/\/hookahshop.lt\/lv\/wp-json\/wp\/v2\/media?parent=17800"}],"curies":[{"name":"wp","href":"https:\/\/api.w.org\/{rel}","templated":true}]}}