{"id":17819,"date":"2021-01-13T15:56:58","date_gmt":"2021-01-13T13:56:58","guid":{"rendered":"https:\/\/hookahshop.lt\/?post_type=product&#038;p=17819"},"modified":"2026-04-15T23:29:00","modified_gmt":"2026-04-15T20:29:00","slug":"karscio-kamera-kaloud-lotus-i","status":"publish","type":"product","link":"https:\/\/hookahshop.lt\/lv\/produkt\/heat-camera-kaloud-lotus-i\/","title":{"rendered":"Siltuma kamera KALOUD Lotus I +"},"content":{"rendered":"<h2 style=\"text-align: left;\">Siltuma kamera KALOUD Lotus I +<\/h2>\n<p>Tas ir patent\u0113ts m\u0101kslas un ra\u017eo\u0161anas sasniegums. \u0160is ASV siltuma kameru pionieru produkts ir augst\u0101k\u0101s kvalit\u0101tes garantija, iev\u0113rojami atvieglojot \u016bdensp\u012bpes lieto\u0161anu. T\u0101s ra\u017eo\u0161an\u0101 tika izmantoti avi\u0101cijas un medic\u012bnas nozares materi\u0101li. Ieteicams lietot brill\u0113m, kuru diametrs ir liel\u0101ks par 70 mm.<\/p>\n<p>\u2013 Iev\u0113rojami maz\u0101k pelnu, t\u012br\u0101ki un intens\u012bv\u0101ki d\u016bmi.<br \/>\n\u2013 Nav nepiecie\u0161ama alum\u012bnija folija vai skurste\u0146i.<br \/>\n\u2013 Pagarina sm\u0113\u0137\u0113\u0161anas seansu.<br \/>\n\u2013 Ogles j\u0101grie\u017e daudz ret\u0101k.<br \/>\n\u2013 Lab\u0101ka siltuma vad\u012bba.<\/p>\n<p>Jauda (oglek\u013ca saturs): l\u012bdz 2-3 vien\u012bb\u0101m.<br \/>\nMateri\u0101ls: alum\u012bnijs<br \/>\nRa\u017eot\u0101js: Kaloud, ASV<\/p>\n<p>Vai jums ir k\u0101di jaut\u0101jumi? Sazinies ar mums\u00a0<a href=\"https:\/\/hookahshop.lt\/lv\/kontaktiem\/\">kontaktu lapa<\/a>\u00a0vai rakstiet mums pa e-pastu\u00a0<a href=\"https:\/\/facebook.com\/HookahShop.lt\/\" target=\"_blank\" rel=\"noopener noreferrer\">Facebook konts<\/a>\u00a0un m\u0113s atbild\u0113sim uz j\u016bsu piepras\u012bjumu taj\u0101 pa\u0161\u0101 dien\u0101.<\/p>","protected":false},"excerpt":{"rendered":"<p>Termisk\u0101 kamera KALOUD Lotus I+ Tas ir patent\u0113ts m\u0101kslas un ra\u017eo\u0161anas sasniegums. \u0160is ASV siltuma kameru pionieru izstr\u0101d\u0101jums ir augst\u0101k\u0101s kvalit\u0101tes garantija, iev\u0113rojami atvieglojot \u016bdensp\u012bpes lieto\u0161anu. T\u0101s ra\u017eo\u0161an\u0101 tika izmantoti avi\u0101cijas un medic\u012bnas nozares materi\u0101li. Ieteicams lietot brill\u0113m, kuru diametrs ir liel\u0101ks par 70 mm. \u2013 Iev\u0113rojami maz\u0101k pelnu, t\u012br\u0101ki un intens\u012bv\u0101ki d\u016bmi. \u2013 Nav nepiecie\u0161ams alum\u012bnijs [\u2026]<\/p>","protected":false},"featured_media":17820,"comment_status":"open","ping_status":"closed","template":"","meta":[],"_links":{"self":[{"href":"https:\/\/hookahshop.lt\/lv\/wp-json\/wp\/v2\/product\/17819"}],"collection":[{"href":"https:\/\/hookahshop.lt\/lv\/wp-json\/wp\/v2\/product"}],"about":[{"href":"https:\/\/hookahshop.lt\/lv\/wp-json\/wp\/v2\/types\/product"}],"replies":[{"embeddable":true,"href":"https:\/\/hookahshop.lt\/lv\/wp-json\/wp\/v2\/comments?post=17819"}],"version-history":[{"count":8,"href":"https:\/\/hookahshop.lt\/lv\/wp-json\/wp\/v2\/product\/17819\/revisions"}],"predecessor-version":[{"id":45465,"href":"https:\/\/hookahshop.lt\/lv\/wp-json\/wp\/v2\/product\/17819\/revisions\/45465"}],"wp:featuredmedia":[{"embeddable":true,"href":"https:\/\/hookahshop.lt\/lv\/wp-json\/wp\/v2\/media\/17820"}],"wp:attachment":[{"href":"https:\/\/hookahshop.lt\/lv\/wp-json\/wp\/v2\/media?parent=17819"}],"curies":[{"name":"wp","href":"https:\/\/api.w.org\/{rel}","templated":true}]}}