{"id":17881,"date":"2021-01-15T12:55:50","date_gmt":"2021-01-15T10:55:50","guid":{"rendered":"https:\/\/hookahshop.lt\/?post_type=product&#038;p=17881"},"modified":"2026-04-15T23:28:59","modified_gmt":"2026-04-15T20:28:59","slug":"kandiklis-kaljanui-hoob-smpl-black-gold","status":"publish","type":"product","link":"https:\/\/hookahshop.lt\/lv\/produkt\/iemuti-for-hookah-hoob-smpl-melns-zelts\/","title":{"rendered":"\u016adensp\u012bpes \u0101\u0137is HOOB SMPL Black Gold"},"content":{"rendered":"<h2>\u016adensp\u012bpes \u0101\u0137is Hoob SMPL Black Gold<\/h2>\n<p>Hoob SMPL Black Gold iemuts no mat\u0113ta melna alum\u012bnija ar apzelt\u012btiem ner\u016bs\u0113jo\u0161\u0101 t\u0113rauda galiem.<\/p>\n<p>Garums: 30cm<br \/>\nMat\u0113ts melns anod\u0113ts<br \/>\nPiem\u0113rots vis\u0101m silikona \u0161\u013c\u016bten\u0113m ar iek\u0161\u0113jo diametru 10-11mm<br \/>\nApzelt\u012bti ner\u016bs\u0113jo\u0161\u0101 t\u0113rauda uzga\u013ci<br \/>\nNesatur kait\u012bgus p\u0101rkl\u0101jumus (kr\u0101sas utt.)<\/p>\n<p>Vai jums ir k\u0101di jaut\u0101jumi? Sazinies ar mums\u00a0<a href=\"https:\/\/hookahshop.lt\/lv\/kontaktiem\/\">kontaktu lapa<\/a>\u00a0vai rakstiet mums pa e-pastu\u00a0<a href=\"https:\/\/facebook.com\/HookahShop.lt\/\" target=\"_blank\" rel=\"noopener noreferrer\">Facebook konts<\/a>\u00a0un m\u0113s atbild\u0113sim uz j\u016bsu piepras\u012bjumu taj\u0101 pa\u0161\u0101 dien\u0101.<\/p>","protected":false},"excerpt":{"rendered":"<p>\u016adensp\u012bpes iemuti Hoob SMPL Black Gold Hoob SMPL Black Gold iemuti no mat\u0113ta melna alum\u012bnija ar apzelt\u012btiem ner\u016bs\u0113jo\u0161\u0101 t\u0113rauda galiem. Garums: 30cm Mat\u0113ts melns anod\u0113ts Der vis\u0101m silikona \u0161\u013c\u016bten\u0113m ar iek\u0161\u0113jo diametru 10-11mm Apzelt\u012bti ner\u016bs\u0113jo\u0161\u0101 t\u0113rauda uzga\u013ci Nav kait\u012bgu p\u0101rkl\u0101jumu (kr\u0101su utt.) Vai ir k\u0101di jaut\u0101jumi? Sazinieties ar mums kontaktu lap\u0101 vai rakstiet mums uz m\u016bsu Facebook kontu un [\u2026]<\/p>","protected":false},"featured_media":17882,"comment_status":"open","ping_status":"closed","template":"","meta":[],"_links":{"self":[{"href":"https:\/\/hookahshop.lt\/lv\/wp-json\/wp\/v2\/product\/17881"}],"collection":[{"href":"https:\/\/hookahshop.lt\/lv\/wp-json\/wp\/v2\/product"}],"about":[{"href":"https:\/\/hookahshop.lt\/lv\/wp-json\/wp\/v2\/types\/product"}],"replies":[{"embeddable":true,"href":"https:\/\/hookahshop.lt\/lv\/wp-json\/wp\/v2\/comments?post=17881"}],"version-history":[{"count":3,"href":"https:\/\/hookahshop.lt\/lv\/wp-json\/wp\/v2\/product\/17881\/revisions"}],"predecessor-version":[{"id":37607,"href":"https:\/\/hookahshop.lt\/lv\/wp-json\/wp\/v2\/product\/17881\/revisions\/37607"}],"wp:featuredmedia":[{"embeddable":true,"href":"https:\/\/hookahshop.lt\/lv\/wp-json\/wp\/v2\/media\/17882"}],"wp:attachment":[{"href":"https:\/\/hookahshop.lt\/lv\/wp-json\/wp\/v2\/media?parent=17881"}],"curies":[{"name":"wp","href":"https:\/\/api.w.org\/{rel}","templated":true}]}}