{"id":17885,"date":"2021-01-15T13:00:17","date_gmt":"2021-01-15T11:00:17","guid":{"rendered":"https:\/\/hookahshop.lt\/?post_type=product&#038;p=17885"},"modified":"2026-04-15T12:29:03","modified_gmt":"2026-04-15T09:29:03","slug":"kandiklis-kaljanui-hoob-stik-40-gold","status":"publish","type":"product","link":"https:\/\/hookahshop.lt\/lv\/produkt\/iemuti-for-udenspipe-hoob-stik-40-zelts\/","title":{"rendered":"\u016adensp\u012bpes iemutis HOOB Stik 40 Gold"},"content":{"rendered":"<h2>\u016adensp\u012bpes \u0101\u0137is Hoob Stik 40 Gold<\/h2>\n<p>Hoob Stik 40 Gold iemutnis izgatavots no ner\u016bs\u0113jo\u0161\u0101 t\u0113rauda ar \u012bpa\u0161u zelta apdari.<\/p>\n<p>Garums: 40cm<br \/>\nViengabala integr\u0101ls iemutnis<br \/>\nPiem\u0113rots vis\u0101m silikona \u0161\u013c\u016bten\u0113m ar iek\u0161\u0113jo diametru 10-11mm<br \/>\nSilikona \u0161\u013c\u016btenes apkakle<br \/>\nPiem\u0113rots da\u017e\u0101da veida vienreizlietojamiem iemutiem<br \/>\nNesatur kait\u012bgus p\u0101rkl\u0101jumus (kr\u0101sas utt.)<\/p>\n<p>Vai jums ir k\u0101di jaut\u0101jumi? Sazinies ar mums\u00a0<a href=\"https:\/\/hookahshop.lt\/lv\/kontaktiem\/\">kontaktu lapa<\/a>\u00a0vai rakstiet mums pa e-pastu\u00a0<a href=\"https:\/\/facebook.com\/HookahShop.lt\/\" target=\"_blank\" rel=\"noopener noreferrer\">Facebook konts<\/a>\u00a0un m\u0113s atbild\u0113sim uz j\u016bsu piepras\u012bjumu taj\u0101 pa\u0161\u0101 dien\u0101.<\/p>","protected":false},"excerpt":{"rendered":"<p>\u016adensp\u012bpes iemuti Hoob Stik 40 Gold Hoob Stik 40 Zelta iemuti no ner\u016bs\u0113jo\u0161\u0101 t\u0113rauda ar \u012bpa\u0161u zelta apdari. Garums: 40cm Viengabalains iemutis Piem\u0113rots vis\u0101m silikona \u0161\u013c\u016bten\u0113m ar iek\u0161\u0113jo diametru 10-11mm Silikona \u0161\u013c\u016btenes apkakle Piem\u0113rota da\u017e\u0101da veida vienreizlietojamiem iemutiem Nav kait\u012bgu p\u0101rkl\u0101jumu (kr\u0101su u.c.) Vai ir k\u0101di jaut\u0101jumi? Sazinieties ar mums kontaktu lap\u0101 vai rakstiet mums [...]<\/p>","protected":false},"featured_media":17886,"comment_status":"open","ping_status":"closed","template":"","meta":[],"_links":{"self":[{"href":"https:\/\/hookahshop.lt\/lv\/wp-json\/wp\/v2\/product\/17885"}],"collection":[{"href":"https:\/\/hookahshop.lt\/lv\/wp-json\/wp\/v2\/product"}],"about":[{"href":"https:\/\/hookahshop.lt\/lv\/wp-json\/wp\/v2\/types\/product"}],"replies":[{"embeddable":true,"href":"https:\/\/hookahshop.lt\/lv\/wp-json\/wp\/v2\/comments?post=17885"}],"version-history":[{"count":4,"href":"https:\/\/hookahshop.lt\/lv\/wp-json\/wp\/v2\/product\/17885\/revisions"}],"predecessor-version":[{"id":36721,"href":"https:\/\/hookahshop.lt\/lv\/wp-json\/wp\/v2\/product\/17885\/revisions\/36721"}],"wp:featuredmedia":[{"embeddable":true,"href":"https:\/\/hookahshop.lt\/lv\/wp-json\/wp\/v2\/media\/17886"}],"wp:attachment":[{"href":"https:\/\/hookahshop.lt\/lv\/wp-json\/wp\/v2\/media?parent=17885"}],"curies":[{"name":"wp","href":"https:\/\/api.w.org\/{rel}","templated":true}]}}