{"id":17889,"date":"2021-01-15T13:07:57","date_gmt":"2021-01-15T11:07:57","guid":{"rendered":"https:\/\/hookahshop.lt\/?post_type=product&#038;p=17889"},"modified":"2026-04-24T23:29:08","modified_gmt":"2026-04-24T20:29:08","slug":"kandiklis-kaljanui-hoob-stik-30-silver","status":"publish","type":"product","link":"https:\/\/hookahshop.lt\/lv\/produkt\/iemuti-for-udenspipe-hoob-stik-30-sudrabs\/","title":{"rendered":"\u016adensp\u012bpes \u0101\u0137is HOOB Stik 30 Silver"},"content":{"rendered":"<h2>Uzgalis \u016bdensp\u012bpei Hoob Stik 30 Silver<\/h2>\n<p>Garums: 30cm<br \/>\nViengabala integr\u0101ls iemutnis<br \/>\nPiem\u0113rots vis\u0101m silikona \u0161\u013c\u016bten\u0113m ar iek\u0161\u0113jo diametru 10-11mm<br \/>\nSilikona \u0161\u013c\u016btenes apkakle<br \/>\nPiem\u0113rots da\u017e\u0101da veida vienreizlietojamiem iemutiem<br \/>\nNesatur kait\u012bgus p\u0101rkl\u0101jumus (kr\u0101sas utt.)<\/p>\n<p>Vai jums ir k\u0101di jaut\u0101jumi? Sazinies ar mums\u00a0<a href=\"https:\/\/hookahshop.lt\/lv\/kontaktiem\/\">kontaktu lapa<\/a>\u00a0vai rakstiet mums pa e-pastu\u00a0<a href=\"https:\/\/facebook.com\/HookahShop.lt\/\" target=\"_blank\" rel=\"noopener noreferrer\">Facebook konts<\/a>\u00a0un m\u0113s atbild\u0113sim uz j\u016bsu piepras\u012bjumu taj\u0101 pa\u0161\u0101 dien\u0101.<\/p>","protected":false},"excerpt":{"rendered":"<p>Ietin \u016bdensp\u012bpei Hoob Stik 30 Silver Garums: 30cm Viengabala integr\u0101ls iemutis Piem\u0113rots vis\u0101m silikona \u0161\u013c\u016bten\u0113m ar iek\u0161\u0113jo diametru 10-11mm Silikona \u0161\u013c\u016btenes apkakle Piem\u0113rota da\u017e\u0101da veida vienreizlietojamiem iemutiem Nav kait\u012bgu p\u0101rkl\u0101jumu (kr\u0101s\u0101m u.c.)? Sazinieties ar mums kontaktu lap\u0101 vai rakstiet mums uz m\u016bsu Facebook kontu un m\u0113s atbild\u0113sim uz j\u016bsu piepras\u012bjumu taj\u0101 pa\u0161\u0101 dien\u0101.<\/p>","protected":false},"featured_media":17890,"comment_status":"open","ping_status":"closed","template":"","meta":[],"_links":{"self":[{"href":"https:\/\/hookahshop.lt\/lv\/wp-json\/wp\/v2\/product\/17889"}],"collection":[{"href":"https:\/\/hookahshop.lt\/lv\/wp-json\/wp\/v2\/product"}],"about":[{"href":"https:\/\/hookahshop.lt\/lv\/wp-json\/wp\/v2\/types\/product"}],"replies":[{"embeddable":true,"href":"https:\/\/hookahshop.lt\/lv\/wp-json\/wp\/v2\/comments?post=17889"}],"version-history":[{"count":4,"href":"https:\/\/hookahshop.lt\/lv\/wp-json\/wp\/v2\/product\/17889\/revisions"}],"predecessor-version":[{"id":39779,"href":"https:\/\/hookahshop.lt\/lv\/wp-json\/wp\/v2\/product\/17889\/revisions\/39779"}],"wp:featuredmedia":[{"embeddable":true,"href":"https:\/\/hookahshop.lt\/lv\/wp-json\/wp\/v2\/media\/17890"}],"wp:attachment":[{"href":"https:\/\/hookahshop.lt\/lv\/wp-json\/wp\/v2\/media?parent=17889"}],"curies":[{"name":"wp","href":"https:\/\/api.w.org\/{rel}","templated":true}]}}