{"id":17903,"date":"2021-01-15T14:00:18","date_gmt":"2021-01-15T12:00:18","guid":{"rendered":"https:\/\/hookahshop.lt\/?post_type=product&#038;p=17903"},"modified":"2026-04-17T23:29:31","modified_gmt":"2026-04-17T20:29:31","slug":"krepsys-kaljanui-cosmo-bowl-60cm","status":"publish","type":"product","link":"https:\/\/hookahshop.lt\/lv\/produkt\/grozs-udenspipei-kosmo-bloda-60cm\/","title":{"rendered":"\u0100das soma COSMO Bowl 60cm"},"content":{"rendered":"<h2>\u0100das soma COSMO Bowl 60cm<\/h2>\n<p>\u016adensp\u012bpes soma Cosmo Bowl 60 cm \u0160\u012b ir sp\u0113c\u012bga un pietiekami ietilp\u012bga soma, kas saglab\u0101 savu formu, pateicoties iztur\u012bgajam materi\u0101lam un kur\u0101 ir p\u0101rsteidzo\u0161i daudz vietas - tur ir vieta \u016bdensp\u012bpei, kolbai un visiem piederumiem un pat tabakai.<br \/>\nNeskatoties uz to, uzreiz br\u012bdinam \u2013 milz\u012bgas \u016bdensp\u012bpes tur neieder\u0113sies. Soma paredz\u0113ta maz\u0101m un vid\u0113j\u0101m \u016bdensp\u012bp\u0113m.<\/p>\n<p>Vai jums ir k\u0101di jaut\u0101jumi? Sazinies ar mums\u00a0<a href=\"https:\/\/hookahshop.lt\/lv\/kontaktiem\/\">kontaktu lapa<\/a>\u00a0vai rakstiet mums pa e-pastu\u00a0<a href=\"https:\/\/facebook.com\/HookahShop.lt\/\" target=\"_blank\" rel=\"noopener noreferrer\">Facebook konts<\/a>\u00a0un m\u0113s atbild\u0113sim uz j\u016bsu piepras\u012bjumu taj\u0101 pa\u0161\u0101 dien\u0101.<\/p>","protected":false},"excerpt":{"rendered":"<p>\u016adensp\u012bpes soma COSMO Bowl 60cm \u016adensp\u012bpes soma Cosmo Bowl 60cm \u0161\u012b ir pietiekami sp\u0113c\u012bga un ietilp\u012bga soma, kas saglab\u0101 savu formu, pateicoties iztur\u012bgajam materi\u0101lam un kur\u0101 ir p\u0101rsteidzo\u0161i daudz vietas - tur ir vieta \u016bdensp\u012bpei, kolbai un visiem piederumiem un pat tabakai. Neskatoties uz to, uzreiz br\u012bdinam \u2013 milz\u012bgas \u016bdensp\u012bpes tur neieder\u0113sies. Soma paredz\u0113ta maz\u0101m un vid\u0113j\u0101m \u016bdensp\u012bp\u0113m. [\u2026]<\/p>","protected":false},"featured_media":17906,"comment_status":"open","ping_status":"closed","template":"","meta":[],"_links":{"self":[{"href":"https:\/\/hookahshop.lt\/lv\/wp-json\/wp\/v2\/product\/17903"}],"collection":[{"href":"https:\/\/hookahshop.lt\/lv\/wp-json\/wp\/v2\/product"}],"about":[{"href":"https:\/\/hookahshop.lt\/lv\/wp-json\/wp\/v2\/types\/product"}],"replies":[{"embeddable":true,"href":"https:\/\/hookahshop.lt\/lv\/wp-json\/wp\/v2\/comments?post=17903"}],"version-history":[{"count":4,"href":"https:\/\/hookahshop.lt\/lv\/wp-json\/wp\/v2\/product\/17903\/revisions"}],"predecessor-version":[{"id":33614,"href":"https:\/\/hookahshop.lt\/lv\/wp-json\/wp\/v2\/product\/17903\/revisions\/33614"}],"wp:featuredmedia":[{"embeddable":true,"href":"https:\/\/hookahshop.lt\/lv\/wp-json\/wp\/v2\/media\/17906"}],"wp:attachment":[{"href":"https:\/\/hookahshop.lt\/lv\/wp-json\/wp\/v2\/media?parent=17903"}],"curies":[{"name":"wp","href":"https:\/\/api.w.org\/{rel}","templated":true}]}}