{"id":17941,"date":"2021-01-17T13:59:37","date_gmt":"2021-01-17T11:59:37","guid":{"rendered":"https:\/\/hookahshop.lt\/?post_type=product&#038;p=17941"},"modified":"2026-04-22T23:29:00","modified_gmt":"2026-04-22T20:29:00","slug":"kaljanas-invi-nano-rose-gold-black","status":"publish","type":"product","link":"https:\/\/hookahshop.lt\/lv\/produkt\/udenspipe-invi-nano-roze-zelts-melns\/","title":{"rendered":"\u016adensp\u012bpe INVI Nano Rose Gold Black"},"content":{"rendered":"<h2>\u016adensp\u012bpe INVI Nano Rose Gold Black<\/h2>\n<p>T\u0101 ir neliela ner\u016bs\u0113jo\u0161\u0101 t\u0113rauda un stikla kombin\u0101cija, mini ce\u013cojumu \u016bdensp\u012bpe. Lieliska, kompakta \u016bdensp\u012bpe.<\/p>\n<p><strong>Apr\u012bkojums:<\/strong><\/p>\n<p>\u016adensp\u012bpe<br \/>\nSilikona \u0161\u013c\u016btene<br \/>\nAlum\u012bnija iemutnis<br \/>\nIepirk\u0161an\u0101s rati\u0146i<\/p>\n<p>Vai jums ir k\u0101di jaut\u0101jumi? Sazinies ar mums\u00a0<a href=\"https:\/\/hookahshop.lt\/lv\/kontaktiem\/\">kontaktu lapa<\/a>\u00a0vai rakstiet mums pa e-pastu\u00a0<a href=\"https:\/\/facebook.com\/HookahShop.lt\/\" target=\"_blank\" rel=\"noopener noreferrer\">Facebook konts<\/a>\u00a0un m\u0113s atbild\u0113sim uz j\u016bsu piepras\u012bjumu taj\u0101 pa\u0161\u0101 dien\u0101.<\/p>","protected":false},"excerpt":{"rendered":"<p>\u016adensp\u012bpe INVI Nano Rose Gold Black \u0160\u012b ir neliela ner\u016bs\u0113jo\u0161\u0101 t\u0113rauda un stikla kombin\u0101cija - ce\u013cojumu mini \u016bdensp\u012bpe. Lieliska, kompakta \u016bdensp\u012bpe. Pilns komplekts: \u016adensp\u012bpe Silikona \u0161\u013c\u016btene Alum\u012bnija iemuti Grozs Vai jums ir k\u0101di jaut\u0101jumi? Sazinieties ar mums kontaktu lap\u0101 vai rakstiet mums uz m\u016bsu Facebook kontu un m\u0113s atbild\u0113sim uz j\u016bsu piepras\u012bjumu taj\u0101 pa\u0161\u0101 dien\u0101.<\/p>","protected":false},"featured_media":17942,"comment_status":"open","ping_status":"closed","template":"","meta":[],"_links":{"self":[{"href":"https:\/\/hookahshop.lt\/lv\/wp-json\/wp\/v2\/product\/17941"}],"collection":[{"href":"https:\/\/hookahshop.lt\/lv\/wp-json\/wp\/v2\/product"}],"about":[{"href":"https:\/\/hookahshop.lt\/lv\/wp-json\/wp\/v2\/types\/product"}],"replies":[{"embeddable":true,"href":"https:\/\/hookahshop.lt\/lv\/wp-json\/wp\/v2\/comments?post=17941"}],"version-history":[{"count":4,"href":"https:\/\/hookahshop.lt\/lv\/wp-json\/wp\/v2\/product\/17941\/revisions"}],"predecessor-version":[{"id":26716,"href":"https:\/\/hookahshop.lt\/lv\/wp-json\/wp\/v2\/product\/17941\/revisions\/26716"}],"wp:featuredmedia":[{"embeddable":true,"href":"https:\/\/hookahshop.lt\/lv\/wp-json\/wp\/v2\/media\/17942"}],"wp:attachment":[{"href":"https:\/\/hookahshop.lt\/lv\/wp-json\/wp\/v2\/media?parent=17941"}],"curies":[{"name":"wp","href":"https:\/\/api.w.org\/{rel}","templated":true}]}}