{"id":17951,"date":"2021-01-17T14:56:53","date_gmt":"2021-01-17T12:56:53","guid":{"rendered":"https:\/\/hookahshop.lt\/?post_type=product&#038;p=17951"},"modified":"2026-05-14T23:29:07","modified_gmt":"2026-05-14T20:29:07","slug":"karscio-kamera-hoob-pyro-classic","status":"publish","type":"product","link":"https:\/\/hookahshop.lt\/lv\/produkt\/siltum-kamera-hob-piro-klasika\/","title":{"rendered":"Siltuma kamera HOOB Pyro Classic"},"content":{"rendered":"<h2>Siltuma kamera HOOB Pyro Classic<\/h2>\n<p>Izmanto folijas viet\u0101 uz kausa<br \/>\nIzgatavots no alum\u012bnija<br \/>\nAtvieglota drud\u017ea kontrole<br \/>\n(Piem\u0113rots ori\u0123in\u0101laj\u0101m apa\u013caj\u0101m kr\u016bz\u012bt\u0113m)<\/p>\n<p>T\u0101pat k\u0101 folija, Classic Pyro Heat Chamber ir izgatavota no alum\u012bnija, t\u0101p\u0113c tai ir t\u0101das pa\u0161as siltuma p\u0101rneses \u012bpa\u0161\u012bbas.<br \/>\nKatru reizi, kad izmantojat \u0161o siltuma kameru, j\u016bs sa\u0146emsiet izcilu sm\u0113\u0137\u0113\u0161anas kvalit\u0101ti un maksim\u0101lu baudu.<\/p>\n<p>Vai jums ir k\u0101di jaut\u0101jumi? Sazinies ar mums\u00a0<a href=\"https:\/\/hookahshop.lt\/lv\/kontaktiem\/\">kontaktu lapa<\/a>\u00a0vai rakstiet mums pa e-pastu\u00a0<a href=\"https:\/\/facebook.com\/HookahShop.lt\/\" target=\"_blank\" rel=\"noopener noreferrer\">Facebook konts<\/a>\u00a0un m\u0113s atbild\u0113sim uz j\u016bsu piepras\u012bjumu taj\u0101 pa\u0161\u0101 dien\u0101.<\/p>","protected":false},"excerpt":{"rendered":"<p>Siltuma kamera HOOB Pyro Classic Izmanto folijas viet\u0101 uz kr\u016bzes Izgatavots no alum\u012bnija Viegl\u0101ka siltuma kontrole (Piem\u0113rota ori\u0123in\u0101laj\u0101m apa\u013caj\u0101m kr\u016bz\u012bt\u0113m) T\u0101pat k\u0101 folija, Classic Pyro Heat kamera ir izgatavota no alum\u012bnija, t\u0101p\u0113c tai ir t\u0101das pa\u0161as siltuma p\u0101rneses \u012bpa\u0161\u012bbas. J\u016bs ieg\u016bsit izcilu sm\u0113\u0137\u0113\u0161anas kvalit\u0101ti un maksim\u0101lu baud\u012bjumu katru reizi, kad izmantosit \u0161o siltuma kameru. Vai jums ir k\u0101di jaut\u0101jumi? Sazinieties ar [\u2026]<\/p>","protected":false},"featured_media":17953,"comment_status":"open","ping_status":"closed","template":"","meta":[],"_links":{"self":[{"href":"https:\/\/hookahshop.lt\/lv\/wp-json\/wp\/v2\/product\/17951"}],"collection":[{"href":"https:\/\/hookahshop.lt\/lv\/wp-json\/wp\/v2\/product"}],"about":[{"href":"https:\/\/hookahshop.lt\/lv\/wp-json\/wp\/v2\/types\/product"}],"replies":[{"embeddable":true,"href":"https:\/\/hookahshop.lt\/lv\/wp-json\/wp\/v2\/comments?post=17951"}],"version-history":[{"count":3,"href":"https:\/\/hookahshop.lt\/lv\/wp-json\/wp\/v2\/product\/17951\/revisions"}],"predecessor-version":[{"id":27016,"href":"https:\/\/hookahshop.lt\/lv\/wp-json\/wp\/v2\/product\/17951\/revisions\/27016"}],"wp:featuredmedia":[{"embeddable":true,"href":"https:\/\/hookahshop.lt\/lv\/wp-json\/wp\/v2\/media\/17953"}],"wp:attachment":[{"href":"https:\/\/hookahshop.lt\/lv\/wp-json\/wp\/v2\/media?parent=17951"}],"curies":[{"name":"wp","href":"https:\/\/api.w.org\/{rel}","templated":true}]}}