{"id":17958,"date":"2021-01-17T15:05:10","date_gmt":"2021-01-17T13:05:10","guid":{"rendered":"https:\/\/hookahshop.lt\/?post_type=product&#038;p=17958"},"modified":"2026-04-24T23:28:40","modified_gmt":"2026-04-24T20:28:40","slug":"gaubtas-taureles-kaitinimui-hoob-windcover-gold","status":"publish","type":"product","link":"https:\/\/hookahshop.lt\/lv\/produkt\/nosucejs-glazes-apkurei-hob-windcover-zelts\/","title":{"rendered":"Kauss apkurei HOOB Windcover Gold"},"content":{"rendered":"<h2>Kauss apkurei HOOB Windcover Gold<\/h2>\n<p>Kr\u016bz\u012b\u0161u sild\u012b\u0161anas kapuci &quot;Hoob Windcover Gold&quot; vienlaikus kalpo vair\u0101kiem m\u0113r\u0137iem:<\/p>\n<p>Siltuma kontrole;<br \/>\nIlgsto\u0161s og\u013cu deg\u0161anas laiks;<br \/>\nAizsardz\u012bba pret v\u0113ju.<\/p>\n<p>Ar Hoob Windcover Gold j\u016bs varat baud\u012bt \u016bdensp\u012bpi pat \u0101r\u0101, nebaidoties no v\u0113ja, kas aizp\u016bt\u012bs ogles. No\u0146emams v\u0101ci\u0146\u0161 \u013caus jums pievienot vair\u0101k og\u013cu, ja nepiecie\u0161ams.<br \/>\nTurkl\u0101t Hoob Windcover Gold ir daudzpus\u012bgs \u2013 piem\u0113rots visu veidu \u016bdensp\u012bp\u0113m un brill\u0113m. Tas ir izgatavots no ner\u016bs\u0113jo\u0161\u0101 t\u0113rauda ar zelta p\u0101rkl\u0101jumu, kas v\u0113l vair\u0101k p\u0101rsteigs j\u016bsu draugus un pazi\u0146as.<\/p>\n<p>Vai jums ir k\u0101di jaut\u0101jumi? Sazinies ar mums\u00a0<a href=\"https:\/\/hookahshop.lt\/lv\/kontaktiem\/\">kontaktu lapa<\/a>\u00a0vai rakstiet mums pa e-pastu\u00a0<a href=\"https:\/\/facebook.com\/HookahShop.lt\/\" target=\"_blank\" rel=\"noopener noreferrer\">Facebook konts<\/a>\u00a0un m\u0113s atbild\u0113sim uz j\u016bsu piepras\u012bjumu taj\u0101 pa\u0161\u0101 dien\u0101.<\/p>","protected":false},"excerpt":{"rendered":"<p>V\u0101ci\u0146\u0161 sild\u012b\u0161anas kr\u016bz\u0113m HOOB Windcover Gold V\u0101ci\u0146\u0161 sild\u012b\u0161anas kr\u016bz\u0113m &quot;Hoob Windcover Gold&quot; tiek izmantots vair\u0101kiem m\u0113r\u0137iem vienlaic\u012bgi: Siltuma kontrole; Palielin\u0101ts oglek\u013ca deg\u0161anas laiks; Aizsardz\u012bba pret v\u0113ju. Ar Hoob Windcover Gold j\u016bs varat baud\u012bt \u016bdensp\u012bpi pat \u0101r\u0101, nebaidoties no v\u0113ja, kas aizp\u016bt\u012bs ogles. No\u0146emams v\u0101ci\u0146\u0161 \u013caus jums pievienot vair\u0101k og\u013cu, ja nepiecie\u0161ams. Turkl\u0101t Hoob Windcover Gold ir [\u2026]<\/p>","protected":false},"featured_media":17960,"comment_status":"open","ping_status":"closed","template":"","meta":[],"_links":{"self":[{"href":"https:\/\/hookahshop.lt\/lv\/wp-json\/wp\/v2\/product\/17958"}],"collection":[{"href":"https:\/\/hookahshop.lt\/lv\/wp-json\/wp\/v2\/product"}],"about":[{"href":"https:\/\/hookahshop.lt\/lv\/wp-json\/wp\/v2\/types\/product"}],"replies":[{"embeddable":true,"href":"https:\/\/hookahshop.lt\/lv\/wp-json\/wp\/v2\/comments?post=17958"}],"version-history":[{"count":5,"href":"https:\/\/hookahshop.lt\/lv\/wp-json\/wp\/v2\/product\/17958\/revisions"}],"predecessor-version":[{"id":30612,"href":"https:\/\/hookahshop.lt\/lv\/wp-json\/wp\/v2\/product\/17958\/revisions\/30612"}],"wp:featuredmedia":[{"embeddable":true,"href":"https:\/\/hookahshop.lt\/lv\/wp-json\/wp\/v2\/media\/17960"}],"wp:attachment":[{"href":"https:\/\/hookahshop.lt\/lv\/wp-json\/wp\/v2\/media?parent=17958"}],"curies":[{"name":"wp","href":"https:\/\/api.w.org\/{rel}","templated":true}]}}