{"id":17977,"date":"2021-01-17T17:03:17","date_gmt":"2021-01-17T15:03:17","guid":{"rendered":"https:\/\/hookahshop.lt\/?post_type=product&#038;p=17977"},"modified":"2026-04-21T23:29:10","modified_gmt":"2026-04-21T20:29:10","slug":"apsauginis-sietelis-kaljanui-lets-smoke-slim","status":"publish","type":"product","link":"https:\/\/hookahshop.lt\/lv\/produkt\/aizsargajoss-sietins-for-udenspipe-lauj-smoke-slim\/","title":{"rendered":"Aizsarg siets \u016bdensp\u012bpei LETS SMOKE Slim"},"content":{"rendered":"<h2>Aizsarg siets \u016bdensp\u012bpei LETS SMOKE Slim<\/h2>\n<p>Ne\u013cauj ogl\u0113m izkrist no \u0161\u0137\u012bvja, at\u0161\u0137ir\u012bb\u0101 no v\u0101ka ogles nodro\u0161ina br\u012bvu gaisu, t\u0101p\u0113c temperat\u016bra kr\u016bz\u0113 nepaaugstin\u0101s.<\/p>\n<p>Vai jums ir k\u0101di jaut\u0101jumi? Sazinies ar mums\u00a0<a href=\"https:\/\/hookahshop.lt\/lv\/kontaktiem\/\">kontaktu lapa<\/a>\u00a0vai rakstiet mums pa e-pastu\u00a0<a href=\"https:\/\/facebook.com\/HookahShop.lt\/\" target=\"_blank\" rel=\"noopener noreferrer\">Facebook konts<\/a>\u00a0un m\u0113s atbild\u0113sim uz j\u016bsu piepras\u012bjumu taj\u0101 pa\u0161\u0101 dien\u0101.<\/p>","protected":false},"excerpt":{"rendered":"<p>Aizsargsiets \u016bdensp\u012bpei LETS SMOKE Slim Aizsarg\u0101 pret og\u013cu izkri\u0161anu no pl\u0101ksnes, at\u0161\u0137ir\u012bb\u0101 no v\u0101ka, ogles nodro\u0161ina br\u012bvu gaisu, t\u0101p\u0113c temperat\u016bra kr\u016bz\u012bt\u0113 nepaaugstin\u0101s. Vai jums ir k\u0101di jaut\u0101jumi? Sazinieties ar mums kontaktlap\u0101 vai rakstiet mums Facebook, un m\u0113s atbild\u0113sim uz j\u016bsu piepras\u012bjumu taj\u0101 pa\u0161\u0101 dien\u0101.<\/p>","protected":false},"featured_media":17978,"comment_status":"open","ping_status":"closed","template":"","meta":[],"_links":{"self":[{"href":"https:\/\/hookahshop.lt\/lv\/wp-json\/wp\/v2\/product\/17977"}],"collection":[{"href":"https:\/\/hookahshop.lt\/lv\/wp-json\/wp\/v2\/product"}],"about":[{"href":"https:\/\/hookahshop.lt\/lv\/wp-json\/wp\/v2\/types\/product"}],"replies":[{"embeddable":true,"href":"https:\/\/hookahshop.lt\/lv\/wp-json\/wp\/v2\/comments?post=17977"}],"version-history":[{"count":4,"href":"https:\/\/hookahshop.lt\/lv\/wp-json\/wp\/v2\/product\/17977\/revisions"}],"predecessor-version":[{"id":33030,"href":"https:\/\/hookahshop.lt\/lv\/wp-json\/wp\/v2\/product\/17977\/revisions\/33030"}],"wp:featuredmedia":[{"embeddable":true,"href":"https:\/\/hookahshop.lt\/lv\/wp-json\/wp\/v2\/media\/17978"}],"wp:attachment":[{"href":"https:\/\/hookahshop.lt\/lv\/wp-json\/wp\/v2\/media?parent=17977"}],"curies":[{"name":"wp","href":"https:\/\/api.w.org\/{rel}","templated":true}]}}