{"id":17981,"date":"2021-01-17T17:12:06","date_gmt":"2021-01-17T15:12:06","guid":{"rendered":"https:\/\/hookahshop.lt\/?post_type=product&#038;p=17981"},"modified":"2026-04-22T23:29:17","modified_gmt":"2026-04-22T20:29:17","slug":"kolba-kaljanui-hoob-base-gold","status":"publish","type":"product","link":"https:\/\/hookahshop.lt\/lv\/produkt\/kolba-for-udenspipe-hob-base-zelts\/","title":{"rendered":"Kolba \u016bdensp\u012bpei HOOB Base Gold"},"content":{"rendered":"<h2>Kolba Kaljanui HOOB Base Gold<\/h2>\n<p>\u016adensp\u012bpes kolba, minim\u0101lisma klasisks dizains un zelta p\u0101rkl\u0101jums.<\/p>\n<p><strong><span title=\"\">Specifik\u0101cijas:<\/span><\/strong><br \/>\nZelta kr\u0101sas stikls ar \u016bdensl\u012bnijas logu<br \/>\nSavienojuma caurums \u2013 \u00d845 mm<br \/>\nAugstums \u2013 25 cm<br \/>\nStikla biezums \u2013 5 mm<br \/>\nPiem\u0113rots lieto\u0161anai ar LED gaism\u0101m<\/p>\n<p>Vai jums ir k\u0101di jaut\u0101jumi? Sazinies ar mums\u00a0<a href=\"https:\/\/hookahshop.lt\/lv\/kontaktiem\/\">kontaktu lapa<\/a>\u00a0vai rakstiet mums pa e-pastu\u00a0<a href=\"https:\/\/facebook.com\/HookahShop.lt\/\" target=\"_blank\" rel=\"noopener noreferrer\">Facebook konts<\/a>\u00a0un m\u0113s atbild\u0113sim uz j\u016bsu piepras\u012bjumu taj\u0101 pa\u0161\u0101 dien\u0101.<\/p>","protected":false},"excerpt":{"rendered":"<p>Kolba Kaljanui HOOB Base Gold Kaljano kolba, minimalistinio klasikinio dizaino ir aukso danga. Specifikacijos: Aukso spalvos stiklas su vandens linijos langu Prijungimo skyl\u0117 &#8211; \u00d845 mm Auk\u0161tis &#8211; 25 cm Stiklo storis &#8211; 5 mm Tinka naudoti su LED \u017eibintais Turite klausim\u0173? Susisiekite su mumis\u00a0kontakt\u0173 puslapyje\u00a0arba para\u0161ykite mums \u012f\u00a0Facebook paskyr\u0105\u00a0ir atsakysime \u012f j\u016bs\u0173 u\u017eklaus\u0105 dar [&hellip;]<\/p>","protected":false},"featured_media":17982,"comment_status":"open","ping_status":"closed","template":"","meta":[],"_links":{"self":[{"href":"https:\/\/hookahshop.lt\/lv\/wp-json\/wp\/v2\/product\/17981"}],"collection":[{"href":"https:\/\/hookahshop.lt\/lv\/wp-json\/wp\/v2\/product"}],"about":[{"href":"https:\/\/hookahshop.lt\/lv\/wp-json\/wp\/v2\/types\/product"}],"replies":[{"embeddable":true,"href":"https:\/\/hookahshop.lt\/lv\/wp-json\/wp\/v2\/comments?post=17981"}],"version-history":[{"count":4,"href":"https:\/\/hookahshop.lt\/lv\/wp-json\/wp\/v2\/product\/17981\/revisions"}],"predecessor-version":[{"id":45131,"href":"https:\/\/hookahshop.lt\/lv\/wp-json\/wp\/v2\/product\/17981\/revisions\/45131"}],"wp:featuredmedia":[{"embeddable":true,"href":"https:\/\/hookahshop.lt\/lv\/wp-json\/wp\/v2\/media\/17982"}],"wp:attachment":[{"href":"https:\/\/hookahshop.lt\/lv\/wp-json\/wp\/v2\/media?parent=17981"}],"curies":[{"name":"wp","href":"https:\/\/api.w.org\/{rel}","templated":true}]}}