{"id":17985,"date":"2021-01-17T17:19:07","date_gmt":"2021-01-17T15:19:07","guid":{"rendered":"https:\/\/hookahshop.lt\/?post_type=product&#038;p=17985"},"modified":"2026-04-24T23:29:28","modified_gmt":"2026-04-24T20:29:28","slug":"taurele-kaljanui-kong-turkish-boy-black","status":"publish","type":"product","link":"https:\/\/hookahshop.lt\/lv\/produkt\/kauss-udenspipe-kong-turkish-boy-black\/","title":{"rendered":"Kauss \u016bdensp\u012bpei KONG Turkish Boy Black"},"content":{"rendered":"<h2>Kauss \u016bdensp\u012bpe KONG turku z\u0113ns melns<\/h2>\n<p>\u016adensp\u012bpes gl\u0101ze &quot;Kong Turkish Boy Black&quot; ir klasiska Kong komp\u0101nijas gl\u0101ze, kas iekarojusi daudzu gar\u0161\u012bg\u0101s \u016bdensp\u012bpes cien\u012bt\u0101ju sirdis.<br \/>\nTurkish Boy Black ir sal\u012bdzino\u0161i biezas sienas, labi saglab\u0101 siltumu un neprasa \u012bpa\u0161u kop\u0161anu. Tas sola ilgu sm\u0113\u0137\u0113\u0161anas procesu un ir piem\u0113rots visiem tabakas veidiem.<br \/>\nLieliski apvienots ar kalaud siltuma kameru. Mais\u012bjuma tilpums ir aptuveni 15-20 grami.<\/p>\n<p>Specifik\u0101cijas:<br \/>\nAugstums: 83 mm<br \/>\nDiametrs (\u0101r\u0113jais): 70 mm<br \/>\nDiametrs (iek\u0161\u0113jais): 57 mm<br \/>\nDzi\u013cums: 16mm<br \/>\nCauruma diametrs: 7 mm<br \/>\nCaurumu skaits: 6 gab<br \/>\nSvars: apm\u0113ram 255 grami<\/p>\n<p>Vai jums ir k\u0101di jaut\u0101jumi? Sazinies ar mums\u00a0<a href=\"https:\/\/hookahshop.lt\/lv\/kontaktiem\/\">kontaktu lapa<\/a>\u00a0vai rakstiet mums pa e-pastu\u00a0<a href=\"https:\/\/facebook.com\/HookahShop.lt\/\" target=\"_blank\" rel=\"noopener noreferrer\">Facebook konts<\/a>\u00a0un m\u0113s atbild\u0113sim uz j\u016bsu piepras\u012bjumu taj\u0101 pa\u0161\u0101 dien\u0101.<\/p>","protected":false},"excerpt":{"rendered":"<p>\u016adensp\u012bpes kauss KONG turkish boy black \u016adensp\u012bpes kr\u016bze &quot;Kong Turkish Boy Black&quot; ir klasiska Kong komp\u0101nijas gl\u0101ze, kas iekarojusi daudzu gar\u0161\u012bg\u0101s \u016bdensp\u012bpes cien\u012bt\u0101ju sirdis. Turkish Boy Black ir sal\u012bdzino\u0161i biezas sienas, labi saglab\u0101 siltumu un neprasa \u012bpa\u0161u kop\u0161anu. Tas sola ilgu sm\u0113\u0137\u0113\u0161anas procesu un ir piem\u0113rots visiem tabakas veidiem. Lieliski apvienots ar kalaud siltuma kameru. Mais\u012bjuma tilpums ir aptuveni [\u2026]<\/p>","protected":false},"featured_media":17995,"comment_status":"open","ping_status":"closed","template":"","meta":[],"_links":{"self":[{"href":"https:\/\/hookahshop.lt\/lv\/wp-json\/wp\/v2\/product\/17985"}],"collection":[{"href":"https:\/\/hookahshop.lt\/lv\/wp-json\/wp\/v2\/product"}],"about":[{"href":"https:\/\/hookahshop.lt\/lv\/wp-json\/wp\/v2\/types\/product"}],"replies":[{"embeddable":true,"href":"https:\/\/hookahshop.lt\/lv\/wp-json\/wp\/v2\/comments?post=17985"}],"version-history":[{"count":5,"href":"https:\/\/hookahshop.lt\/lv\/wp-json\/wp\/v2\/product\/17985\/revisions"}],"predecessor-version":[{"id":34573,"href":"https:\/\/hookahshop.lt\/lv\/wp-json\/wp\/v2\/product\/17985\/revisions\/34573"}],"wp:featuredmedia":[{"embeddable":true,"href":"https:\/\/hookahshop.lt\/lv\/wp-json\/wp\/v2\/media\/17995"}],"wp:attachment":[{"href":"https:\/\/hookahshop.lt\/lv\/wp-json\/wp\/v2\/media?parent=17985"}],"curies":[{"name":"wp","href":"https:\/\/api.w.org\/{rel}","templated":true}]}}