{"id":17996,"date":"2021-01-17T17:38:44","date_gmt":"2021-01-17T15:38:44","guid":{"rendered":"https:\/\/hookahshop.lt\/?post_type=product&#038;p=17996"},"modified":"2026-04-15T12:29:16","modified_gmt":"2026-04-15T09:29:16","slug":"taurele-kaljanui-kong-mummy-milk","status":"publish","type":"product","link":"https:\/\/hookahshop.lt\/lv\/produkt\/kauss-for-udenspipe-kong-mamina-piens\/","title":{"rendered":"Kauss \u016bdensp\u012bpei KONG Mummy Milk"},"content":{"rendered":"<h2>Kauss \u016bdensp\u012bpei KONG m\u016bmijas piens<\/h2>\n<p>Kong Mummy Milk \u016bdensp\u012bpes kr\u016bz\u012btei ir klasiska forma, kas saglab\u0101jusi piena deg\u0161anu, lai palielin\u0101tu materi\u0101la \u016bdensiztur\u012bbu.<br \/>\nKong Mummy Milk ir bag\u0101t\u012bgi melna kr\u0101sa ar jauku sp\u012bdumu. Tas sola ilgu sm\u0113\u0137\u0113\u0161anas procesu un ir piem\u0113rots visiem tabakas veidiem.<br \/>\nTas labi apvienojas ar kaloud.<\/p>\n<p>Mais\u012bjuma tilpums ir aptuveni 16-20 grami.<\/p>\n<p>Specifik\u0101cijas:<br \/>\nAugstums: 90mm<br \/>\nDiametrs (\u0101r\u0113jais): 73 mm<br \/>\nDiametrs (iek\u0161\u0113jais): 63 mm<br \/>\nDzi\u013cums: 21mm<br \/>\nCauruma diametrs: 8 mm<br \/>\nCaurumu skaits: 6 gab<br \/>\nSvars: apm\u0113ram 290 grami<\/p>\n<p>Vai jums ir k\u0101di jaut\u0101jumi? Sazinies ar mums\u00a0<a href=\"https:\/\/hookahshop.lt\/lv\/kontaktiem\/\">kontaktu lapa<\/a>\u00a0vai rakstiet mums pa e-pastu\u00a0<a href=\"https:\/\/facebook.com\/HookahShop.lt\/\" target=\"_blank\" rel=\"noopener noreferrer\">Facebook konts<\/a>\u00a0un m\u0113s atbild\u0113sim uz j\u016bsu piepras\u012bjumu taj\u0101 pa\u0161\u0101 dien\u0101.<\/p>","protected":false},"excerpt":{"rendered":"<p>\u016adensp\u012bpes kr\u016bze KONG mumijas piens \u016adensp\u012bpes kr\u016bz\u012btei &quot;Kong Mummy Milk&quot; ir klasiska forma, kas saglab\u0101jusi piena deg\u0161anu, lai palielin\u0101tu materi\u0101la \u016bdensiztur\u012bbu. Kong Mummy Milk ir bag\u0101t\u012bgi melna kr\u0101sa ar jauku sp\u012bdumu. Tas sola ilgu sm\u0113\u0137\u0113\u0161anas procesu un ir piem\u0113rots visiem tabakas veidiem. Tas labi apvienojas ar kaloud. Mais\u012bjuma tilpums ir aptuveni 16-20 grami. Specifik\u0101cijas: [\u2026]<\/p>","protected":false},"featured_media":17998,"comment_status":"open","ping_status":"closed","template":"","meta":[],"_links":{"self":[{"href":"https:\/\/hookahshop.lt\/lv\/wp-json\/wp\/v2\/product\/17996"}],"collection":[{"href":"https:\/\/hookahshop.lt\/lv\/wp-json\/wp\/v2\/product"}],"about":[{"href":"https:\/\/hookahshop.lt\/lv\/wp-json\/wp\/v2\/types\/product"}],"replies":[{"embeddable":true,"href":"https:\/\/hookahshop.lt\/lv\/wp-json\/wp\/v2\/comments?post=17996"}],"version-history":[{"count":6,"href":"https:\/\/hookahshop.lt\/lv\/wp-json\/wp\/v2\/product\/17996\/revisions"}],"predecessor-version":[{"id":45363,"href":"https:\/\/hookahshop.lt\/lv\/wp-json\/wp\/v2\/product\/17996\/revisions\/45363"}],"wp:featuredmedia":[{"embeddable":true,"href":"https:\/\/hookahshop.lt\/lv\/wp-json\/wp\/v2\/media\/17998"}],"wp:attachment":[{"href":"https:\/\/hookahshop.lt\/lv\/wp-json\/wp\/v2\/media?parent=17996"}],"curies":[{"name":"wp","href":"https:\/\/api.w.org\/{rel}","templated":true}]}}