{"id":18046,"date":"2021-01-17T18:35:33","date_gmt":"2021-01-17T16:35:33","guid":{"rendered":"https:\/\/hookahshop.lt\/?post_type=product&#038;p=18046"},"modified":"2026-04-14T23:29:01","modified_gmt":"2026-04-14T20:29:01","slug":"kaljano-stovas-revolving-fog-solid","status":"publish","type":"product","link":"https:\/\/hookahshop.lt\/lv\/produkt\/udenspipe-stativs-rotejosais-migla-stingrs\/","title":{"rendered":"\u016adensp\u012bpes stends REVOLVING FOG Ciets"},"content":{"rendered":"<h2>\u016adensp\u012bpes stends REVOLVING FOG Ciets<\/h2>\n<p>Revolving Fog Hookah Stand ir izstr\u0101d\u0101ts un konstru\u0113ts t\u0101, lai \u016bdensp\u012bpe sm\u0113\u0137\u0113tu v\u0113l vair\u0101k<br \/>\npat\u012bkam\u0101k un \u0113rt\u0101k. \u0160is produkts ne tikai pie\u0161\u0137ir videi papildu \u0161armu<br \/>\napgaismojums, bet ar\u012b pie\u0161\u0137ir t\u0101 \u012bpa\u0161niekam ekskluzivit\u0101ti.<br \/>\nIesp\u0113jas:<br \/>\nCiets osis<br \/>\nIzstr\u0101d\u0101ts, lai nodro\u0161in\u0101tu \u016bdensp\u012bpes stabilit\u0101ti.<br \/>\n360 gr\u0101du diska rot\u0101cija<br \/>\nBezvadu LED apgaismojums<br \/>\nIesp\u0113ja izv\u0113l\u0113ties no 3 kr\u0101s\u0101m, kas piem\u0113rotas j\u016bsu \u016bdensp\u012bpei vai interjeram<br \/>\nRoku darbs, ra\u017eots Lietuv\u0101<br \/>\nAugstums: 4,3 cm<br \/>\nPlatums: 25 cm<\/p>\n<p>Vai jums ir k\u0101di jaut\u0101jumi? Sazinies ar mums\u00a0<a href=\"https:\/\/hookahshop.lt\/lv\/kontaktiem\/\">kontaktu lapa<\/a>\u00a0vai rakstiet mums pa e-pastu\u00a0<a href=\"https:\/\/facebook.com\/HookahShop.lt\/\" target=\"_blank\" rel=\"noopener noreferrer\">Facebook konts<\/a>\u00a0un m\u0113s atbild\u0113sim uz j\u016bsu piepras\u012bjumu taj\u0101 pa\u0161\u0101 dien\u0101.<\/p>","protected":false},"excerpt":{"rendered":"<p>\u016adensp\u012bpes stat\u012bvs REVOLVING FOG Solid \u016adensp\u012bpes stat\u012bvs &quot;Revolving fog&quot; ir rad\u012bts un izstr\u0101d\u0101ts, lai padar\u012btu \u016bdensp\u012bpes sm\u0113\u0137\u0113\u0161anu v\u0113l pat\u012bkam\u0101ku un \u0113rt\u0101ku. \u0160is produkts ne tikai pie\u0161\u0137ir videi papildu \u0161armu ar savu apgaismojumu, bet ar\u012b pie\u0161\u0137ir t\u0101 \u012bpa\u0161niekam ekskluzivit\u0101ti. \u012apa\u0161\u012bbas: Mas\u012bvkoks no o\u0161a Izstr\u0101d\u0101ts, lai nodro\u0161in\u0101tu \u016bdensp\u012bpes stabilit\u0101ti. Diska rot\u0101cija 360 gr\u0101dos Bezvadu LED apgaismojums Iesp\u0113ja [\u2026]<\/p>","protected":false},"featured_media":18047,"comment_status":"open","ping_status":"closed","template":"","meta":[],"_links":{"self":[{"href":"https:\/\/hookahshop.lt\/lv\/wp-json\/wp\/v2\/product\/18046"}],"collection":[{"href":"https:\/\/hookahshop.lt\/lv\/wp-json\/wp\/v2\/product"}],"about":[{"href":"https:\/\/hookahshop.lt\/lv\/wp-json\/wp\/v2\/types\/product"}],"replies":[{"embeddable":true,"href":"https:\/\/hookahshop.lt\/lv\/wp-json\/wp\/v2\/comments?post=18046"}],"version-history":[{"count":3,"href":"https:\/\/hookahshop.lt\/lv\/wp-json\/wp\/v2\/product\/18046\/revisions"}],"predecessor-version":[{"id":23363,"href":"https:\/\/hookahshop.lt\/lv\/wp-json\/wp\/v2\/product\/18046\/revisions\/23363"}],"wp:featuredmedia":[{"embeddable":true,"href":"https:\/\/hookahshop.lt\/lv\/wp-json\/wp\/v2\/media\/18047"}],"wp:attachment":[{"href":"https:\/\/hookahshop.lt\/lv\/wp-json\/wp\/v2\/media?parent=18046"}],"curies":[{"name":"wp","href":"https:\/\/api.w.org\/{rel}","templated":true}]}}