{"id":18055,"date":"2021-01-17T21:25:09","date_gmt":"2021-01-17T19:25:09","guid":{"rendered":"https:\/\/hookahshop.lt\/?post_type=product&#038;p=18055"},"modified":"2026-04-14T23:28:55","modified_gmt":"2026-04-14T20:28:55","slug":"kaljanas-ms-scandi-medium-silver-brown","status":"publish","type":"product","link":"https:\/\/hookahshop.lt\/lv\/produkt\/udenspipe-ms-scandi-videji-sudrabbruns\/","title":{"rendered":"\u016adensp\u012bpe MS Scandi Medium Silver Brown"},"content":{"rendered":"<h2>\u016adensp\u012bpe MS Scandi Medium Silver Brown<\/h2>\n<p>Scandi ir pirm\u0101 \u0161\u0101da veida \u016bdensp\u012bpe no z\u012bmola MS. Iedvesmojoties no skandin\u0101vu dizaina, ar koka l\u012bnij\u0101m. Kolba ir viegla un iztur\u012bga. Lieliski piem\u0113rota tiem, kam pat\u012bk viegla \u016bdensp\u012bpes vilk\u0161ana, jo \u0161\u012b \u016bdensp\u012bpe ir apr\u012bkota ar t\u0113rauda difuzoru. Koka kolbu stat\u012bvs nodro\u0161ina Scandi stabilit\u0101ti. Interesants fakts ir tas, ka \u016bdensp\u012bpes uz stat\u012bva stat\u012bva paties\u012bb\u0101 ir stabil\u0101kas nek\u0101 standarta \u016bdensp\u012bpes. Da\u017e\u0101die materi\u0101li, kas izmantoti \u016bdensp\u012bp\u0113, veicina t\u0101s pievilc\u012bgo dizainu!<\/p>\n<p><strong>Komplekt\u0101 ietilpst:<\/strong><br \/>\n\u016adensp\u012bpe<br \/>\nSilikona \u0161\u013c\u016btene<br \/>\nKolba<br \/>\nMutes iemutnis<br \/>\nKolbas stat\u012bvs<\/p>\n<p><img decoding=\"async\" loading=\"lazy\" class=\"alignnone size-medium wp-image-38520\" src=\"https:\/\/hookahshop.lt\/wp-content\/uploads\/2020\/09\/stiebas-kolba-zarna-kandiklis-1-300x273.jpg\" alt=\"- hookahshop.lt\" width=\"300\" height=\"273\" srcset=\"https:\/\/hookahshop.lt\/wp-content\/uploads\/2020\/09\/stiebas-kolba-zarna-kandiklis-1-300x273.jpg 300w, https:\/\/hookahshop.lt\/wp-content\/uploads\/2020\/09\/stiebas-kolba-zarna-kandiklis-1-13x12.jpg 13w, https:\/\/hookahshop.lt\/wp-content\/uploads\/2020\/09\/stiebas-kolba-zarna-kandiklis-1-64x58.jpg 64w, https:\/\/hookahshop.lt\/wp-content\/uploads\/2020\/09\/stiebas-kolba-zarna-kandiklis-1.jpg 420w\" sizes=\"(max-width: 300px) 100vw, 300px\" title=\"\"><\/p>\n<p>Vai jums ir k\u0101di jaut\u0101jumi? Sazinies ar mums\u00a0<a href=\"https:\/\/hookahshop.lt\/lv\/kontaktiem\/\">kontaktu lapa<\/a>\u00a0vai rakstiet mums pa e-pastu\u00a0<a href=\"https:\/\/facebook.com\/HookahShop.lt\/\" target=\"_blank\" rel=\"noopener noreferrer\">Facebook konts<\/a>\u00a0un m\u0113s atbild\u0113sim uz j\u016bsu piepras\u012bjumu taj\u0101 pa\u0161\u0101 dien\u0101.<\/p>","protected":false},"excerpt":{"rendered":"<p>\u016adensp\u012bpe MS Scandi Medium Silver Brown &quot;Scandi&quot; ir pirm\u0101 \u0161\u0101da veida \u016bdensp\u012bpe no &quot;MS&quot; z\u012bmola. Iedvesmojoties no skandin\u0101vu dizaina, ar koka l\u012bnij\u0101m. Blanckola ir viegla un iztur\u012bga. Lieliski piem\u0113rota tiem, kam pat\u012bk viegla \u016bdensp\u012bpes vilkme, jo \u0161ai \u016bdensp\u012bpei ir t\u0113rauda difuzors. Koka blanckolas stat\u012bvs pie\u0161\u0137ir &quot;Scandi&quot; stabilit\u0101ti. Interesants fakts ir tas, ka paties\u012bb\u0101 \u016bdensp\u012bpes uz stat\u012bva [\u2026]<\/p>","protected":false},"featured_media":18073,"comment_status":"open","ping_status":"closed","template":"","meta":[],"_links":{"self":[{"href":"https:\/\/hookahshop.lt\/lv\/wp-json\/wp\/v2\/product\/18055"}],"collection":[{"href":"https:\/\/hookahshop.lt\/lv\/wp-json\/wp\/v2\/product"}],"about":[{"href":"https:\/\/hookahshop.lt\/lv\/wp-json\/wp\/v2\/types\/product"}],"replies":[{"embeddable":true,"href":"https:\/\/hookahshop.lt\/lv\/wp-json\/wp\/v2\/comments?post=18055"}],"version-history":[{"count":5,"href":"https:\/\/hookahshop.lt\/lv\/wp-json\/wp\/v2\/product\/18055\/revisions"}],"predecessor-version":[{"id":43762,"href":"https:\/\/hookahshop.lt\/lv\/wp-json\/wp\/v2\/product\/18055\/revisions\/43762"}],"wp:featuredmedia":[{"embeddable":true,"href":"https:\/\/hookahshop.lt\/lv\/wp-json\/wp\/v2\/media\/18073"}],"wp:attachment":[{"href":"https:\/\/hookahshop.lt\/lv\/wp-json\/wp\/v2\/media?parent=18055"}],"curies":[{"name":"wp","href":"https:\/\/api.w.org\/{rel}","templated":true}]}}