{"id":18115,"date":"2021-01-18T18:36:30","date_gmt":"2021-01-18T16:36:30","guid":{"rendered":"https:\/\/hookahshop.lt\/?post_type=product&#038;p=18115"},"modified":"2026-04-16T23:28:55","modified_gmt":"2026-04-16T20:28:55","slug":"kaljanas-honey-sigh-colour-black","status":"publish","type":"product","link":"https:\/\/hookahshop.lt\/lv\/produkt\/udenspipe-medus-noputa-krasa-melna\/","title":{"rendered":"\u016adensp\u012bpe HONEY SIGH Kr\u0101sa Melna"},"content":{"rendered":"<h2>\u016adensp\u012bpe HONEY SIGH Kr\u0101sa Melna<\/h2>\n<p>ir izcilas veiktsp\u0113jas un sm\u0113\u0137\u0113\u0161anas \u012bpa\u0161\u012bbas. Efekt\u012bva kolbas vertik\u0101l\u0101 att\u012br\u012b\u0161ana. Acet\u0101la b\u0101ze - iztur\u012bga un stil\u012bga. Meln\u0101 apdare lieliski papildina izskatu. Ieb\u016bv\u0113ts 5 portu att\u012br\u012b\u0161anas v\u0101rsts. Klasisk\u0101 vilce (bez difuzora).<\/p>\n<p>Specifik\u0101cija:<br \/>\nKr\u0101sa melna<br \/>\n\u0160\u013c\u016btenes savienot\u0101js: O-gredzens<br \/>\nV\u0101rpsta: ner\u016bs\u0113jo\u0161ais t\u0113rauds<\/p>\n<p>Komplekt\u0101 ietilpst:<br \/>\n\u016adensp\u012bpe - 53cm<br \/>\nMutes iemutnis<br \/>\nSilikona \u0161\u013c\u016btene<\/p>\n<p>Vai jums ir k\u0101di jaut\u0101jumi? Sazinies ar mums\u00a0<a href=\"https:\/\/hookahshop.lt\/lv\/kontaktiem\/\">kontaktu lapa<\/a>\u00a0vai rakstiet mums pa e-pastu\u00a0<a href=\"https:\/\/facebook.com\/HookahShop.lt\/\" target=\"_blank\" rel=\"noopener noreferrer\">Facebook konts<\/a>\u00a0un m\u0113s atbild\u0113sim uz j\u016bsu piepras\u012bjumu taj\u0101 pa\u0161\u0101 dien\u0101.<\/p>","protected":false},"excerpt":{"rendered":"<p>\u016adensp\u012bpei HONEY SIGH Color Black ir izcilas darb\u012bbas un k\u016bpin\u0101\u0161anas \u012bpa\u0161\u012bbas. Efekt\u012bva kolbas vertik\u0101l\u0101 skalo\u0161ana. Acet\u0101la pamatne - iztur\u012bga un stil\u012bga. Meln\u0101 apdare lieliski papildina izskatu. Ir uzst\u0101d\u012bts 5-portu att\u012br\u012b\u0161anas v\u0101rsts. Klasisk\u0101 vilce (bez difuzora). Specifik\u0101cija: Kr\u0101sa: melna \u0160\u013c\u016btenes savienojums: O-gredzens V\u0101rpsta (k\u0101ts): Ner\u016bs\u0113jo\u0161ais t\u0113rauds Komplekt\u0101: \u016adensp\u012bpe - 53cm Mutes uzgalis Silikona \u0161\u013c\u016btene Vai ir k\u0101di jaut\u0101jumi? [\u2026]<\/p>","protected":false},"featured_media":18116,"comment_status":"open","ping_status":"closed","template":"","meta":[],"_links":{"self":[{"href":"https:\/\/hookahshop.lt\/lv\/wp-json\/wp\/v2\/product\/18115"}],"collection":[{"href":"https:\/\/hookahshop.lt\/lv\/wp-json\/wp\/v2\/product"}],"about":[{"href":"https:\/\/hookahshop.lt\/lv\/wp-json\/wp\/v2\/types\/product"}],"replies":[{"embeddable":true,"href":"https:\/\/hookahshop.lt\/lv\/wp-json\/wp\/v2\/comments?post=18115"}],"version-history":[{"count":5,"href":"https:\/\/hookahshop.lt\/lv\/wp-json\/wp\/v2\/product\/18115\/revisions"}],"predecessor-version":[{"id":29782,"href":"https:\/\/hookahshop.lt\/lv\/wp-json\/wp\/v2\/product\/18115\/revisions\/29782"}],"wp:featuredmedia":[{"embeddable":true,"href":"https:\/\/hookahshop.lt\/lv\/wp-json\/wp\/v2\/media\/18116"}],"wp:attachment":[{"href":"https:\/\/hookahshop.lt\/lv\/wp-json\/wp\/v2\/media?parent=18115"}],"curies":[{"name":"wp","href":"https:\/\/api.w.org\/{rel}","templated":true}]}}