{"id":18130,"date":"2021-01-18T21:17:36","date_gmt":"2021-01-18T19:17:36","guid":{"rendered":"https:\/\/hookahshop.lt\/?post_type=product&#038;p=18130"},"modified":"2026-04-21T23:29:18","modified_gmt":"2026-04-21T20:29:18","slug":"kaljanas-bigmaks-mini-zero","status":"publish","type":"product","link":"https:\/\/hookahshop.lt\/lv\/produkt\/udenspipe-bigmax-mini-nulle\/","title":{"rendered":"\u016adensp\u012bpe BIGMAKS Mini Zero"},"content":{"rendered":"<h2>\u016adensp\u012bpe BIGMAKS Mini Zero<\/h2>\n<p>Paredz\u0113ts ne tikai izbraucieniem un izbraukumiem, bet ar\u012b ikdienas lieto\u0161anai. M\u016bsdien\u012bga mini \u016bdensp\u012bpe sm\u0113\u0137\u0113\u0161anas \u012bpa\u0161\u012bbu zi\u0146\u0101 nav zem\u0101ka par augsto \u016bdensp\u012bpi un tai pat ir daudz priek\u0161roc\u012bbu, piem\u0113ram: kompaktums, maksim\u0101la lieto\u0161anas vienk\u0101r\u0161\u012bba un pie\u0146emama cena. T\u012br\u012b\u0161anas sist\u0113ma sast\u0101v no pieciem v\u0101rstiem, kas \u013cauj vienlaikus t\u012br\u012bt kolbu, k\u0101 ar\u012b atdzes\u0113t v\u0101rgl\u0101zi, to neiz\u0161\u013cakstot. Tiek izmantotas poliacet\u0101la \u0161\u016bnas. Mont\u0101\u017ea tiek veikta ar v\u012bt\u0146otiem savienojumiem.<\/p>\n<p><strong>Specifik\u0101cija:<\/strong><br \/>\nBl\u012bvgredzena savienot\u0101js: O-gredzens<br \/>\nDifuzors: j\u0101<br \/>\nVilce: viegli<br \/>\nMateri\u0101ls: ner\u016bs\u0113jo\u0161ais t\u0113rauds<br \/>\n\u016adensp\u012bpes augstums: 45 cm<br \/>\nPl\u0101ksnes diametrs: 20 cm<br \/>\nMutes iemutnis<br \/>\nSilikona \u0161\u013c\u016btene (m\u012bksts piesk\u0101riens)<br \/>\nKolba (ori\u0123in\u0101ls Big Max, caursp\u012bd\u012bgs, stikls)<\/p>\n<p><strong>Apr\u012bkojums:<\/strong><br \/>\n\u016adensp\u012bpe, pl\u0101ksne, iemutnis, silikona \u0161\u013c\u016btene (m\u012bksts piesk\u0101riens), kolba.<\/p>\n<p>Vai jums ir k\u0101di jaut\u0101jumi? Sazinies ar mums\u00a0<a href=\"https:\/\/hookahshop.lt\/lv\/kontaktiem\/\">kontaktu lapa<\/a>\u00a0vai rakstiet mums pa e-pastu\u00a0<a href=\"https:\/\/facebook.com\/HookahShop.lt\/\" target=\"_blank\" rel=\"noopener noreferrer\">Facebook konts<\/a>\u00a0un m\u0113s atbild\u0113sim uz j\u016bsu piepras\u012bjumu taj\u0101 pa\u0161\u0101 dien\u0101.<\/p>\n<p>&nbsp;<\/p>","protected":false},"excerpt":{"rendered":"<p>\u016adensp\u012bpe BIGMAKS Mini Zero Paredz\u0113ta ne tikai ce\u013cojumiem un izbraukumiem, bet ar\u012b ikdienas lieto\u0161anai. M\u016bsdien\u012bga mini \u016bdensp\u012bpe sm\u0113\u0137\u0113\u0161anas \u012bpa\u0161\u012bbu zi\u0146\u0101 nav zem\u0101ka par augsto \u016bdensp\u012bpi un tai pat ir daudz priek\u0161roc\u012bbu, piem\u0113ram: kompaktums, maksim\u0101la lieto\u0161anas vienk\u0101r\u0161\u012bba un pie\u0146emama cena. T\u012br\u012b\u0161anas sist\u0113ma sast\u0101v no pieciem v\u0101rstiem, kas \u013cauj vienlaikus t\u012br\u012bt kolbu, k\u0101 ar\u012b atdzes\u0113t v\u0101rgl\u0101zi, to neiz\u0161\u013cakstot. Lietots [\u2026]<\/p>","protected":false},"featured_media":18143,"comment_status":"open","ping_status":"closed","template":"","meta":[],"_links":{"self":[{"href":"https:\/\/hookahshop.lt\/lv\/wp-json\/wp\/v2\/product\/18130"}],"collection":[{"href":"https:\/\/hookahshop.lt\/lv\/wp-json\/wp\/v2\/product"}],"about":[{"href":"https:\/\/hookahshop.lt\/lv\/wp-json\/wp\/v2\/types\/product"}],"replies":[{"embeddable":true,"href":"https:\/\/hookahshop.lt\/lv\/wp-json\/wp\/v2\/comments?post=18130"}],"version-history":[{"count":5,"href":"https:\/\/hookahshop.lt\/lv\/wp-json\/wp\/v2\/product\/18130\/revisions"}],"predecessor-version":[{"id":32427,"href":"https:\/\/hookahshop.lt\/lv\/wp-json\/wp\/v2\/product\/18130\/revisions\/32427"}],"wp:featuredmedia":[{"embeddable":true,"href":"https:\/\/hookahshop.lt\/lv\/wp-json\/wp\/v2\/media\/18143"}],"wp:attachment":[{"href":"https:\/\/hookahshop.lt\/lv\/wp-json\/wp\/v2\/media?parent=18130"}],"curies":[{"name":"wp","href":"https:\/\/api.w.org\/{rel}","templated":true}]}}