{"id":18243,"date":"2021-01-19T17:26:56","date_gmt":"2021-01-19T15:26:56","guid":{"rendered":"https:\/\/hookahshop.lt\/?post_type=product&#038;p=18243"},"modified":"2026-04-16T10:21:19","modified_gmt":"2026-04-16T07:21:19","slug":"taurele-smokelab-evil-moon","status":"publish","type":"product","link":"https:\/\/hookahshop.lt\/lv\/produkt\/stikls-smokelab-launais-meness\/","title":{"rendered":"Kauss \u016bdensp\u012bpei SMOKELAB Evil Moon"},"content":{"rendered":"<h2>Kauss \u016bdensp\u012bpei SMOKELAB Evil Moon<\/h2>\n<p>Viena no popul\u0101r\u0101kaj\u0101m komp\u0101nijas SmokeLab kr\u016bz\u0113m. Evil Moon kauss ir izgatavots no m\u0101la. Pateicoties plakanajam dibenam un biezaj\u0101m sien\u0101m, \u016bdensp\u012bpes mais\u012bjums \u0161aj\u0101 kr\u016bz\u0113 k\u016bp sp\u0113c\u012bg\u0101k.<\/p>\n<p>Specifik\u0101cijas:<br \/>\nTips: Killer<br \/>\nMateri\u0101ls: M\u0101ls<br \/>\nTilpums: 18-25 g.<br \/>\nAugstums: 10,1 cm<br \/>\nDiametrs (\u0101r\u0113jais): 7,2 cm<br \/>\nDiametrs (iek\u0161\u0113jais): 6,4 cm<br \/>\nDzi\u013cums: 1,7 cm<br \/>\nCaurumu skaits: 5 gab<br \/>\nSvars: apm\u0113ram 174 g.<br \/>\nIzcelsmes valsts: Krievija<\/p>\n<p>Vai jums ir k\u0101di jaut\u0101jumi? Sazinies ar mums\u00a0<a href=\"https:\/\/hookahshop.lt\/lv\/kontaktiem\/\">kontaktu lapa<\/a>\u00a0vai rakstiet mums pa e-pastu\u00a0<a href=\"https:\/\/facebook.com\/HookahShop.lt\/\" target=\"_blank\" rel=\"noopener noreferrer\">Facebook konts<\/a>\u00a0un m\u0113s atbild\u0113sim uz j\u016bsu piepras\u012bjumu taj\u0101 pa\u0161\u0101 dien\u0101.<\/p>","protected":false},"excerpt":{"rendered":"<p>Kr\u016bz\u012bte \u016bdensp\u012bpei SMOKELAB Evil Moon Viena no popul\u0101r\u0101kaj\u0101m komp\u0101nijas SmokeLab kr\u016bz\u0113m. Evil Moon kauss ir izgatavots no m\u0101la. Pateicoties plakanajam dibenam un biezaj\u0101m sien\u0101m, \u016bdensp\u012bpes mais\u012bjums \u0161aj\u0101 kr\u016bz\u0113 k\u016bp sp\u0113c\u012bg\u0101k. Specifik\u0101cijas: Tips: Killer Materi\u0101ls: M\u0101ls Tilpums: 18-25 g. Augstums: 10,1 cm Diametrs (\u0101r\u0113jais): 7,2 cm Diametrs (iek\u0161\u0113jais): 6,4 cm Dzi\u013cums: 1,7 cm Caurumu skaits: 5 gab Svars: [\u2026]<\/p>","protected":false},"featured_media":18244,"comment_status":"open","ping_status":"closed","template":"","meta":[],"_links":{"self":[{"href":"https:\/\/hookahshop.lt\/lv\/wp-json\/wp\/v2\/product\/18243"}],"collection":[{"href":"https:\/\/hookahshop.lt\/lv\/wp-json\/wp\/v2\/product"}],"about":[{"href":"https:\/\/hookahshop.lt\/lv\/wp-json\/wp\/v2\/types\/product"}],"replies":[{"embeddable":true,"href":"https:\/\/hookahshop.lt\/lv\/wp-json\/wp\/v2\/comments?post=18243"}],"version-history":[{"count":3,"href":"https:\/\/hookahshop.lt\/lv\/wp-json\/wp\/v2\/product\/18243\/revisions"}],"predecessor-version":[{"id":29286,"href":"https:\/\/hookahshop.lt\/lv\/wp-json\/wp\/v2\/product\/18243\/revisions\/29286"}],"wp:featuredmedia":[{"embeddable":true,"href":"https:\/\/hookahshop.lt\/lv\/wp-json\/wp\/v2\/media\/18244"}],"wp:attachment":[{"href":"https:\/\/hookahshop.lt\/lv\/wp-json\/wp\/v2\/media?parent=18243"}],"curies":[{"name":"wp","href":"https:\/\/api.w.org\/{rel}","templated":true}]}}