{"id":18373,"date":"2021-01-21T13:54:31","date_gmt":"2021-01-21T11:54:31","guid":{"rendered":"https:\/\/hookahshop.lt\/?post_type=product&#038;p=18373"},"modified":"2026-04-15T23:29:13","modified_gmt":"2026-04-15T20:29:13","slug":"taurele-kaljanui-obalako-phunnel-l-black-cosmos","status":"publish","type":"product","link":"https:\/\/hookahshop.lt\/lv\/produkt\/kauss-udenspipe-obalako-phunnel-l-black-cosmos\/","title":{"rendered":"Kr\u016bz\u012bte \u016bdensp\u012bpe OBALAKO Phunnel L Black Cosmos"},"content":{"rendered":"<h2>Kr\u016bz\u012bte \u016bdensp\u012bpe OBALAKO Phunnel L Black Cosmos<\/h2>\n<p>Glaz\u0113ts ikdienas sm\u0113\u0137\u0113\u0161anai, lieliski piem\u0113rots vieglai un smagai tabakai!<br \/>\nKr\u016bz\u012bte ir p\u0101rkl\u0101ta ar glaz\u016bru, pateicoties kurai t\u0101 var ilgsto\u0161i saglab\u0101t savas s\u0101kotn\u0113j\u0101s \u012bpa\u0161\u012bbas un izskatu. OBLAKO izmanto tikai cilv\u0113kiem draudz\u012bgu p\u0101rtikas glaz\u016bru, ko izstr\u0101d\u0101ju\u0161i partneri specializ\u0113t\u0101s laboratorij\u0101s, kas atrodas G\u017ee\u013cskoje, vien\u0101 no tradicion\u0101lajiem keramikas ra\u017eo\u0161anas centriem Krievij\u0101.<br \/>\nTabakas tase satur 20\u201323 g.<\/p>\n<p>Specifik\u0101cijas:<br \/>\nAugstums: 118mm<br \/>\nDiametrs (\u0101r\u0113jais): 74 mm<br \/>\nDiametrs (iek\u0161\u0113jais): 68 mm<br \/>\nDzi\u013cums: 12mm<br \/>\nUrbuma diametrs: 12mm<br \/>\nUrbumu skaits: 1<br \/>\nSvars: apm\u0113ram 182 g.<\/p>\n<p>Vai jums ir k\u0101di jaut\u0101jumi? Sazinies ar mums\u00a0<a href=\"https:\/\/hookahshop.lt\/lv\/kontaktiem\/\">kontaktu lapa<\/a>\u00a0vai rakstiet mums pa e-pastu\u00a0<a href=\"https:\/\/facebook.com\/HookahShop.lt\/\" target=\"_blank\" rel=\"noopener noreferrer\">Facebook konts<\/a>\u00a0un m\u0113s atbild\u0113sim uz j\u016bsu piepras\u012bjumu taj\u0101 pa\u0161\u0101 dien\u0101.<\/p>","protected":false},"excerpt":{"rendered":"<p>\u016adensp\u012bpes kauss OBALAKO Phunnel L Black Cosmos Glazed, paredz\u0113ts ikdienas sm\u0113\u0137\u0113\u0161anai, lieliski piem\u0113rots vieglai un smagai tabakai! Kr\u016bz\u012bte ir p\u0101rkl\u0101ta ar glaz\u016bru, pateicoties kurai t\u0101 var ilgsto\u0161i saglab\u0101t savas s\u0101kotn\u0113j\u0101s \u012bpa\u0161\u012bbas un izskatu. OBLAKO izmanto tikai cilv\u0113kiem dro\u0161u \u0113damo glaz\u016bru, ko izstr\u0101d\u0101ju\u0161i partneri specializ\u0113t\u0101s laboratorij\u0101s, kas atrodas G\u017ee\u013cskoje, vien\u0101 no tradicion\u0101lajiem Krievijas keramikas ra\u017eo\u0161anas centriem. Gl\u0101ze tabakas [\u2026]<\/p>","protected":false},"featured_media":21248,"comment_status":"open","ping_status":"closed","template":"","meta":[],"_links":{"self":[{"href":"https:\/\/hookahshop.lt\/lv\/wp-json\/wp\/v2\/product\/18373"}],"collection":[{"href":"https:\/\/hookahshop.lt\/lv\/wp-json\/wp\/v2\/product"}],"about":[{"href":"https:\/\/hookahshop.lt\/lv\/wp-json\/wp\/v2\/types\/product"}],"replies":[{"embeddable":true,"href":"https:\/\/hookahshop.lt\/lv\/wp-json\/wp\/v2\/comments?post=18373"}],"version-history":[{"count":7,"href":"https:\/\/hookahshop.lt\/lv\/wp-json\/wp\/v2\/product\/18373\/revisions"}],"predecessor-version":[{"id":40432,"href":"https:\/\/hookahshop.lt\/lv\/wp-json\/wp\/v2\/product\/18373\/revisions\/40432"}],"wp:featuredmedia":[{"embeddable":true,"href":"https:\/\/hookahshop.lt\/lv\/wp-json\/wp\/v2\/media\/21248"}],"wp:attachment":[{"href":"https:\/\/hookahshop.lt\/lv\/wp-json\/wp\/v2\/media?parent=18373"}],"curies":[{"name":"wp","href":"https:\/\/api.w.org\/{rel}","templated":true}]}}