{"id":18410,"date":"2021-01-26T16:37:27","date_gmt":"2021-01-26T14:37:27","guid":{"rendered":"https:\/\/hookahshop.lt\/?post_type=product&#038;p=18410"},"modified":"2026-04-24T23:28:49","modified_gmt":"2026-04-24T20:28:49","slug":"kaljanas-dsh-nice-black","status":"publish","type":"product","link":"https:\/\/hookahshop.lt\/lv\/produkt\/udenspipe-dsh-jauks-melns\/","title":{"rendered":"\u016adensp\u012bpe DSH Nice Black"},"content":{"rendered":"<h2>\u016adensp\u012bpe DSH Nice Black<\/h2>\n<p>DSH Nice Black ir c\u0113ls \u016bdensp\u012bpe no Krievijas ra\u017eot\u0101ja DSH. \u016adensp\u012bpe ir izgatavota tikai no augstas kvalit\u0101tes ner\u016bs\u0113jo\u0161\u0101 t\u0113rauda. \u016adensp\u012bpe, t\u0101pat k\u0101 vairums krievu \u016bdensp\u012bpju, ar savienojumu ar starpliku, kas pied\u0101v\u0101 daudzas kr\u016bz\u012b\u0161u iesp\u0113jas un kr\u0101su vari\u0101cijas. Iek\u0161pus\u0113 DSH Nice Black ir izgatavots no ner\u016bs\u0113jo\u0161\u0101 t\u0113rauda. \u016adensp\u012bpei ir \u0161\u013c\u016btenes savienojums ar iegriezumu un izpl\u016bdes v\u0101rsts, kas ir lieliski integr\u0113ts \u016bdensp\u012bpes pamatn\u0113. Nosl\u0113gum\u0101 j\u0101saka, ka DSH Nice Black Shisha ir \u013coti vienk\u0101r\u0161a, tom\u0113r kvalitat\u012bva krievu \u016bdensp\u012bpe, kas iepriecin\u0101s ikvienu \u016bdensp\u012bpes cien\u012bt\u0101ju. DSH Nice Black ir unik\u0101ls dizains, vislab\u0101kie materi\u0101li un labas k\u016bpin\u0101\u0161anas \u012bpa\u0161\u012bbas. Iegremd\u0113jieties neaprakst\u0101m\u0101 krievu \u016bdensp\u012bpes pasaul\u0113 un izbaudiet br\u012bni\u0161\u0137\u012bgus \u016bdensp\u012bpes vakarus ar draugiem, izmantojot DSH \u016bdensp\u012bpi.<\/p>\n<p>DSH Nice Black<br \/>\nOglek\u013ca pl\u0101ksne<br \/>\nVid\u0113ja l\u012bme\u0146a<br \/>\nStubl\u0101js<br \/>\nPamatne (ar sl\u0113dzeni)<br \/>\n\u0160\u013c\u016btenes adapteris<br \/>\nIzpl\u016bdes v\u0101rsts<br \/>\nRegul\u0113jams difuzors<br \/>\nMutes iemutnis<br \/>\nStikla kolba<br \/>\nV\u0101rstu bumba<\/p>\n<p>Tehnisk\u0101s specifik\u0101cijas:<br \/>\nKop\u0113jais augstums: apm\u0113ram 54 cm<br \/>\nKolbas diametrs: apm\u0113ram 4,5 cm<br \/>\nKolbas augstums: apm\u0113ram 27 cm<br \/>\nMateri\u0101ls: ner\u016bs\u0113jo\u0161ais t\u0113rauds, plastmasa<br \/>\nRa\u017eots Krievij\u0101<\/p>\n<p>Vai jums ir k\u0101di jaut\u0101jumi? Sazinies ar mums\u00a0<a href=\"https:\/\/hookahshop.lt\/lv\/kontaktiem\/\">kontaktu lapa<\/a>\u00a0vai rakstiet mums pa e-pastu\u00a0<a href=\"https:\/\/facebook.com\/HookahShop.lt\/\" target=\"_blank\" rel=\"noopener noreferrer\">Facebook konts<\/a> un m\u0113s atbild\u0113sim uz j\u016bsu piepras\u012bjumu taj\u0101 pa\u0161\u0101 dien\u0101.<\/p>","protected":false},"excerpt":{"rendered":"<p>\u016adensp\u012bpe DSH Nice Black &quot;DSH Nice Black&quot; ir c\u0113la \u016bdensp\u012bpe no Krievijas ra\u017eot\u0101ja &quot;DSH&quot;. \u016adensp\u012bpe ir izgatavota tikai no augstas kvalit\u0101tes ner\u016bs\u0113jo\u0161\u0101 t\u0113rauda. \u016adensp\u012bpe, t\u0101pat k\u0101 vairums krievu \u016bdensp\u012bpju, ar savienojumu ar starpliku, kas pied\u0101v\u0101 daudz kr\u016bz\u012b\u0161u variantu un kr\u0101su vari\u0101cijas. Iek\u0161pus\u0113 DSH Nice Black ir izgatavots no ner\u016bs\u0113jo\u0161\u0101 t\u0113rauda. \u016adensp\u012bpei ir \u0161\u013c\u016btenes savienojums ar iegriezumu [\u2026]<\/p>","protected":false},"featured_media":18504,"comment_status":"open","ping_status":"closed","template":"","meta":[],"_links":{"self":[{"href":"https:\/\/hookahshop.lt\/lv\/wp-json\/wp\/v2\/product\/18410"}],"collection":[{"href":"https:\/\/hookahshop.lt\/lv\/wp-json\/wp\/v2\/product"}],"about":[{"href":"https:\/\/hookahshop.lt\/lv\/wp-json\/wp\/v2\/types\/product"}],"replies":[{"embeddable":true,"href":"https:\/\/hookahshop.lt\/lv\/wp-json\/wp\/v2\/comments?post=18410"}],"version-history":[{"count":3,"href":"https:\/\/hookahshop.lt\/lv\/wp-json\/wp\/v2\/product\/18410\/revisions"}],"predecessor-version":[{"id":22676,"href":"https:\/\/hookahshop.lt\/lv\/wp-json\/wp\/v2\/product\/18410\/revisions\/22676"}],"wp:featuredmedia":[{"embeddable":true,"href":"https:\/\/hookahshop.lt\/lv\/wp-json\/wp\/v2\/media\/18504"}],"wp:attachment":[{"href":"https:\/\/hookahshop.lt\/lv\/wp-json\/wp\/v2\/media?parent=18410"}],"curies":[{"name":"wp","href":"https:\/\/api.w.org\/{rel}","templated":true}]}}