{"id":18486,"date":"2021-01-26T15:57:10","date_gmt":"2021-01-26T13:57:10","guid":{"rendered":"https:\/\/hookahshop.lt\/?post_type=product&#038;p=18486"},"modified":"2026-04-15T23:28:40","modified_gmt":"2026-04-15T20:28:40","slug":"apsauginis-sietelis-kaljanui-lets-smoke-slim-silver","status":"publish","type":"product","link":"https:\/\/hookahshop.lt\/lv\/produkt\/aizsargajoss-sietins-for-udenspipe-lauj-smoke-slim-sudrabs\/","title":{"rendered":"\u016adensp\u012bpe aizsarg\u0101jo\u0161s siets LETS SMOKE Slim Silver"},"content":{"rendered":"<h2>\u016adensp\u012bpe aizsarg\u0101jo\u0161s siets LETS SMOKE Slim Silver<\/h2>\n<p>Siets ir paredz\u0113ts dro\u0161ai sm\u0113\u0137\u0113\u0161anai gan m\u0101j\u0101s, gan b\u0101r\u0101. Pasarg\u0101 ogles no kri\u0161anas neatkar\u012bgi no t\u0101, vai t\u0101 ir folija vai siltuma kamera.<\/p>\n<p>Specifik\u0101cijas:<br \/>\nAugstums: 202 mm<br \/>\nDiametrs: 100 mm<br \/>\nSvars: apm\u0113ram 145 gr<\/p>\n<p>Vai jums ir k\u0101di jaut\u0101jumi? Sazinies ar mums\u00a0<a href=\"https:\/\/hookahshop.lt\/lv\/kontaktiem\/\">kontaktu lapa<\/a>\u00a0vai rakstiet mums pa e-pastu\u00a0<a href=\"https:\/\/facebook.com\/HookahShop.lt\/\" target=\"_blank\" rel=\"noopener noreferrer\">Facebook konts<\/a>\u00a0un m\u0113s atbild\u0113sim uz j\u016bsu piepras\u012bjumu taj\u0101 pa\u0161\u0101 dien\u0101.<\/p>","protected":false},"excerpt":{"rendered":"<p>Aizsarg\u0101jo\u0161s sieti\u0146\u0161 \u016bdensp\u012bpei LETS SMOKE Slim Silver Siens ir paredz\u0113ts dro\u0161ai sm\u0113\u0137\u0113\u0161anai gan m\u0101j\u0101s, gan b\u0101r\u0101. Pasarg\u0101 ogles no kri\u0161anas neatkar\u012bgi no t\u0101, vai t\u0101 ir folija vai siltuma kamera. Specifik\u0101cijas: Augstums: 202 mm Diametrs: 100 mm Svars: apm\u0113ram 145 gr Jaut\u0101jumi? Sazinieties ar mums kontaktu lap\u0101 vai rakstiet mums uz m\u016bsu Facebook kontu un m\u0113s atbild\u0113sim uz j\u016bsu piepras\u012bjumu taj\u0101 pa\u0161\u0101 dien\u0101.<\/p>","protected":false},"featured_media":18487,"comment_status":"open","ping_status":"closed","template":"","meta":[],"_links":{"self":[{"href":"https:\/\/hookahshop.lt\/lv\/wp-json\/wp\/v2\/product\/18486"}],"collection":[{"href":"https:\/\/hookahshop.lt\/lv\/wp-json\/wp\/v2\/product"}],"about":[{"href":"https:\/\/hookahshop.lt\/lv\/wp-json\/wp\/v2\/types\/product"}],"replies":[{"embeddable":true,"href":"https:\/\/hookahshop.lt\/lv\/wp-json\/wp\/v2\/comments?post=18486"}],"version-history":[{"count":6,"href":"https:\/\/hookahshop.lt\/lv\/wp-json\/wp\/v2\/product\/18486\/revisions"}],"predecessor-version":[{"id":26046,"href":"https:\/\/hookahshop.lt\/lv\/wp-json\/wp\/v2\/product\/18486\/revisions\/26046"}],"wp:featuredmedia":[{"embeddable":true,"href":"https:\/\/hookahshop.lt\/lv\/wp-json\/wp\/v2\/media\/18487"}],"wp:attachment":[{"href":"https:\/\/hookahshop.lt\/lv\/wp-json\/wp\/v2\/media?parent=18486"}],"curies":[{"name":"wp","href":"https:\/\/api.w.org\/{rel}","templated":true}]}}