{"id":18491,"date":"2021-01-26T16:13:01","date_gmt":"2021-01-26T14:13:01","guid":{"rendered":"https:\/\/hookahshop.lt\/?post_type=product&#038;p=18491"},"modified":"2026-04-17T16:33:16","modified_gmt":"2026-04-17T13:33:16","slug":"sirupo-gaudykle-blade-hookah-black","status":"publish","type":"product","link":"https:\/\/hookahshop.lt\/lv\/produkt\/sirups-lamatas-lapstina-udenspipe-melns\/","title":{"rendered":"S\u012brupu slazds BLADE HOOKAH Melns"},"content":{"rendered":"<h2>S\u012brupu slazds BLADE HOOKAH Melns<\/h2>\n<p>Tas ir neaizst\u0101jams aksesu\u0101rs jebkurai \u016bdensp\u012bpei un m\u0101j\u0101s.<br \/>\nNe\u013cauj tabakas lap\u0101m un s\u012brupam iek\u013c\u016bt kolb\u0101 un \u016bdensp\u012bpes k\u0101t\u0101. Nov\u0113r\u0161 dzeltenumu kolb\u0101, kas ir \u012bpa\u0161i svar\u012bgi, pasniedzot \u016bdensp\u012bpi \u016bdensp\u012bp\u0113 uz galda. Tagad jums nav j\u0101mazg\u0101 \u016bdensp\u012bpe katru reizi, mainot kr\u016bzi, lai no\u0146emtu s\u012brupu un tabakas lapas apak\u0161\u0101.<br \/>\nBlade Hookah ir p\u0101r\u0146\u0113musi lab\u0101ko praksi un pieredzi \u0161aj\u0101 virzien\u0101, k\u0101 d\u0113\u013c ra\u017eo\u0161anas laik\u0101 tiek p\u0101rdom\u0101ti pla\u0161\u0101ki dizaina caurumi - nezaud\u0113jot pieejamo sa\u0137eri. Palielin\u0101ts &quot;b\u013codas&quot; apjoms - tagad tas jums kalpos ilg\u0101k. Iek\u0161\u0113jais kan\u0101ls ir izgatavots no alum\u012bnija, neuzs\u016bc smakas un nesaraujas, at\u0161\u0137ir\u012bb\u0101 no silikona.<\/p>\n<p>Specifik\u0101cijas:<br \/>\nAugstums: 70 mm<br \/>\nDiametrs (\u0101r\u0113jais): 50 mm<br \/>\nDiametrs (iek\u0161\u0113jais): 23 mm<br \/>\nSvars: apm\u0113ram 100 gr<\/p>\n<p>Vai jums ir k\u0101di jaut\u0101jumi? Sazinies ar mums\u00a0<a href=\"https:\/\/hookahshop.lt\/lv\/kontaktiem\/\">kontaktu lapa<\/a>\u00a0vai rakstiet mums pa e-pastu\u00a0<a href=\"https:\/\/facebook.com\/HookahShop.lt\/\" target=\"_blank\" rel=\"noopener noreferrer\">Facebook konts<\/a>\u00a0un m\u0113s atbild\u0113sim uz j\u016bsu piepras\u012bjumu taj\u0101 pa\u0161\u0101 dien\u0101.<\/p>","protected":false},"excerpt":{"rendered":"<p>S\u012brupa slazds BLADE HOOKAH Black Tas ir neaizst\u0101jams aksesu\u0101rs jebkurai \u016bdensp\u012bpei un m\u0101j\u0101s. Ne\u013cauj tabakas lap\u0101m un s\u012brupam iek\u013c\u016bt kolb\u0101 un \u016bdensp\u012bpes k\u0101t\u0101. Nov\u0113r\u0161 dzeltenumu kolb\u0101, kas ir \u012bpa\u0161i svar\u012bgi, pasniedzot \u016bdensp\u012bpi \u016bdensp\u012bp\u0113 uz galda. Tagad jums nav j\u0101mazg\u0101 \u016bdensp\u012bpe katru reizi, mainot kr\u016bzi, lai no\u0146emtu s\u012brupu un tabakas lapas apak\u0161\u0101. Asmens \u016bdensp\u012bpe [\u2026]<\/p>","protected":false},"featured_media":18492,"comment_status":"open","ping_status":"closed","template":"","meta":[],"_links":{"self":[{"href":"https:\/\/hookahshop.lt\/lv\/wp-json\/wp\/v2\/product\/18491"}],"collection":[{"href":"https:\/\/hookahshop.lt\/lv\/wp-json\/wp\/v2\/product"}],"about":[{"href":"https:\/\/hookahshop.lt\/lv\/wp-json\/wp\/v2\/types\/product"}],"replies":[{"embeddable":true,"href":"https:\/\/hookahshop.lt\/lv\/wp-json\/wp\/v2\/comments?post=18491"}],"version-history":[{"count":7,"href":"https:\/\/hookahshop.lt\/lv\/wp-json\/wp\/v2\/product\/18491\/revisions"}],"predecessor-version":[{"id":42586,"href":"https:\/\/hookahshop.lt\/lv\/wp-json\/wp\/v2\/product\/18491\/revisions\/42586"}],"wp:featuredmedia":[{"embeddable":true,"href":"https:\/\/hookahshop.lt\/lv\/wp-json\/wp\/v2\/media\/18492"}],"wp:attachment":[{"href":"https:\/\/hookahshop.lt\/lv\/wp-json\/wp\/v2\/media?parent=18491"}],"curies":[{"name":"wp","href":"https:\/\/api.w.org\/{rel}","templated":true}]}}