{"id":18551,"date":"2021-01-28T19:47:59","date_gmt":"2021-01-28T17:47:59","guid":{"rendered":"https:\/\/hookahshop.lt\/?post_type=product&#038;p=18551"},"modified":"2026-04-22T23:29:05","modified_gmt":"2026-04-22T20:29:05","slug":"kaljanas-smoke-me-two-black","status":"publish","type":"product","link":"https:\/\/hookahshop.lt\/lv\/produkt\/udenspipe-smeke-me-divi-melni\/","title":{"rendered":"\u016adensp\u012bpe SMOKE ME Two Black"},"content":{"rendered":"<h2>\u016adensp\u012bpe SMOKE ME Two Black<\/h2>\n<p>Tas izce\u013cas ar unik\u0101lu kolbu, kas nodro\u0161ina liel\u0101ku d\u016bmu uzglab\u0101\u0161anu, nek\u0101 izmantojot parast\u0101s formas kolbas.<\/p>\n<p>Komplekt\u0101 ietilpst:<br \/>\n\u016adensp\u012bpe<br \/>\nKolba<br \/>\nMutes iemutnis<br \/>\nKauss<br \/>\nZarnas<br \/>\nKnaibles<br \/>\nSkurstenis<br \/>\nSpir\u0101lveida \u0161\u013c\u016btene<\/p>\n<p>Specifik\u0101cijas:<br \/>\n\u016adensp\u012bpes augstums ar kolbu: apm\u0113ram 50 cm<br \/>\nMateri\u0101ls: anod\u0113ts alum\u012bnijs<br \/>\nSavienojuma veids: noklik\u0161\u0137iniet<br \/>\nDifuzors: nav pieejams<br \/>\nIzcelsmes valsts: V\u0101cija<\/p>\n<p>Vai jums ir k\u0101di jaut\u0101jumi? Sazinies ar mums\u00a0<a href=\"https:\/\/hookahshop.lt\/lv\/kontaktiem\/\">kontaktu lapa<\/a>\u00a0vai rakstiet mums pa e-pastu\u00a0<a href=\"https:\/\/facebook.com\/HookahShop.lt\/\" target=\"_blank\" rel=\"noopener noreferrer\">Facebook konts<\/a>\u00a0un m\u0113s atbild\u0113sim uz j\u016bsu piepras\u012bjumu taj\u0101 pa\u0161\u0101 dien\u0101.<\/p>","protected":false},"excerpt":{"rendered":"<p>\u016adensp\u012bpe SMOKE ME Two Black Izce\u013cas ar unik\u0101lu kolbu, kas \u013cauj uzst\u0101d\u012bt liel\u0101ku d\u016bmu glab\u0101tuvi, nek\u0101 izmantojot parast\u0101s formas kolbas. Komplekt\u0101 ietilpst: \u016adensp\u012bpes kolba Mutes kr\u016bzes \u0161\u013c\u016btenes knaibles Caurule Spir\u0101lveida \u0161\u013c\u016btene Specifik\u0101cijas: \u016adensp\u012bpes augstums ar kolbu: apm\u0113ram 50cm Materi\u0101ls: Anod\u0113ts alum\u012bnijs Savienojuma veids: Klik\u0161\u0137is Difuzors: Nav Izcelsmes valsts: V\u0101cija Vai jums ir k\u0101di jaut\u0101jumi? Sazinieties ar mums kontaktu lap\u0101 vai rakstiet [\u2026]<\/p>","protected":false},"featured_media":18552,"comment_status":"open","ping_status":"closed","template":"","meta":[],"_links":{"self":[{"href":"https:\/\/hookahshop.lt\/lv\/wp-json\/wp\/v2\/product\/18551"}],"collection":[{"href":"https:\/\/hookahshop.lt\/lv\/wp-json\/wp\/v2\/product"}],"about":[{"href":"https:\/\/hookahshop.lt\/lv\/wp-json\/wp\/v2\/types\/product"}],"replies":[{"embeddable":true,"href":"https:\/\/hookahshop.lt\/lv\/wp-json\/wp\/v2\/comments?post=18551"}],"version-history":[{"count":6,"href":"https:\/\/hookahshop.lt\/lv\/wp-json\/wp\/v2\/product\/18551\/revisions"}],"predecessor-version":[{"id":32826,"href":"https:\/\/hookahshop.lt\/lv\/wp-json\/wp\/v2\/product\/18551\/revisions\/32826"}],"wp:featuredmedia":[{"embeddable":true,"href":"https:\/\/hookahshop.lt\/lv\/wp-json\/wp\/v2\/media\/18552"}],"wp:attachment":[{"href":"https:\/\/hookahshop.lt\/lv\/wp-json\/wp\/v2\/media?parent=18551"}],"curies":[{"name":"wp","href":"https:\/\/api.w.org\/{rel}","templated":true}]}}