{"id":18555,"date":"2021-01-28T20:52:46","date_gmt":"2021-01-28T18:52:46","guid":{"rendered":"https:\/\/hookahshop.lt\/?post_type=product&#038;p=18555"},"modified":"2026-04-15T12:28:49","modified_gmt":"2026-04-15T09:28:49","slug":"kaljanas-amy-deluxe-116-03-juodas-su-krepsiu","status":"publish","type":"product","link":"https:\/\/hookahshop.lt\/lv\/produkt\/udenspipe-amy-deluxe-116-03-melns-ar-grozu\/","title":{"rendered":"\u016adensp\u012bpe AMY DELUXE 116-03 ar maisu"},"content":{"rendered":"<h2>\u016adensp\u012bpe AMY DELUXE 116-03 ar maisu<\/h2>\n<p>Lieliska \u016bdensp\u012bpe ne tikai izbraucieniem un izbraukumiem, bet ar\u012b ikdienas lieto\u0161anai. M\u016bsdien\u012bga mini \u016bdensp\u012bpe sm\u0113\u0137\u0113\u0161anas \u012bpa\u0161\u012bbu zi\u0146\u0101 nav zem\u0101ka par augsto \u016bdensp\u012bpi un tai pat ir daudz priek\u0161roc\u012bbu, piem\u0113ram: kompaktums, maksimums, lieto\u0161anas \u0113rtums.<\/p>\n<p><strong>Specifik\u0101cija:<\/strong><br \/>\nVilce: klasiska<br \/>\nDizuforius: Nav<br \/>\nSavienot\u0101js: magn\u0113tisks<\/p>\n<p><strong>Apr\u012bkojums:<\/strong><br \/>\nKolba<br \/>\nSoma<br \/>\nKauss<br \/>\nSkurstenis<br \/>\nV\u0101rpsta (k\u0101ts) ir izgatavota no alum\u012bnija<br \/>\nSilikona \u0161\u013c\u016btene<br \/>\n\u0160\u013c\u016btenes tur\u0113t\u0101js<br \/>\nIemute (alum\u012bnija)<br \/>\nPlate<br \/>\nKnaibles<\/p>\n<p>Vai jums ir k\u0101di jaut\u0101jumi? Sazinies ar mums\u00a0<a href=\"https:\/\/hookahshop.lt\/lv\/kontaktiem\/\">kontaktu lapa<\/a>\u00a0vai rakstiet mums pa e-pastu\u00a0<a href=\"https:\/\/facebook.com\/HookahShop.lt\/\" target=\"_blank\" rel=\"noopener noreferrer\">Facebook konts<\/a>\u00a0un m\u0113s atbild\u0113sim uz j\u016bsu piepras\u012bjumu taj\u0101 pa\u0161\u0101 dien\u0101.<\/p>","protected":false},"excerpt":{"rendered":"<p>\u016adensp\u012bpe AMY DELUXE 116-03 ar somu Lieliska \u016bdensp\u012bpe ne tikai izbraucieniem un izbraukumiem, bet ar\u012b ikdienas lieto\u0161anai. M\u016bsdien\u012bga mini \u016bdensp\u012bpe sm\u0113\u0137\u0113\u0161anas \u012bpa\u0161\u012bbu zi\u0146\u0101 nav zem\u0101ka par augsto \u016bdensp\u012bpi un tai pat ir daudz priek\u0161roc\u012bbu, piem\u0113ram: kompaktums, maksimums, lieto\u0161anas \u0113rtums. Specifik\u0101cija: Vilce: Klasisks difuzors: Nav Savienojums: Magn\u0113tisks Pilns komplekts: Kolbas maisa kr\u016bzes kauss Skurste\u0146a v\u0101rpsta (k\u0101ts) izgatavota no alum\u012bnija Silikona \u0161\u013c\u016btenes [\u2026]<\/p>","protected":false},"featured_media":18557,"comment_status":"open","ping_status":"closed","template":"","meta":[],"_links":{"self":[{"href":"https:\/\/hookahshop.lt\/lv\/wp-json\/wp\/v2\/product\/18555"}],"collection":[{"href":"https:\/\/hookahshop.lt\/lv\/wp-json\/wp\/v2\/product"}],"about":[{"href":"https:\/\/hookahshop.lt\/lv\/wp-json\/wp\/v2\/types\/product"}],"replies":[{"embeddable":true,"href":"https:\/\/hookahshop.lt\/lv\/wp-json\/wp\/v2\/comments?post=18555"}],"version-history":[{"count":5,"href":"https:\/\/hookahshop.lt\/lv\/wp-json\/wp\/v2\/product\/18555\/revisions"}],"predecessor-version":[{"id":26172,"href":"https:\/\/hookahshop.lt\/lv\/wp-json\/wp\/v2\/product\/18555\/revisions\/26172"}],"wp:featuredmedia":[{"embeddable":true,"href":"https:\/\/hookahshop.lt\/lv\/wp-json\/wp\/v2\/media\/18557"}],"wp:attachment":[{"href":"https:\/\/hookahshop.lt\/lv\/wp-json\/wp\/v2\/media?parent=18555"}],"curies":[{"name":"wp","href":"https:\/\/api.w.org\/{rel}","templated":true}]}}