{"id":18561,"date":"2021-01-28T21:53:07","date_gmt":"2021-01-28T19:53:07","guid":{"rendered":"https:\/\/hookahshop.lt\/?post_type=product&#038;p=18561"},"modified":"2026-04-14T23:29:10","modified_gmt":"2026-04-14T20:29:10","slug":"naturaliu-angliuku-uzkuriklis-caesar","status":"publish","type":"product","link":"https:\/\/hookahshop.lt\/lv\/produkt\/dabas-oglekla-aizdegsanas-keizars\/","title":{"rendered":"CAESAR dabisk\u0101 oglek\u013ca aizdedzin\u0101t\u0101js"},"content":{"rendered":"<h2>CAESAR dabisk\u0101 oglek\u013ca aizdedzin\u0101t\u0101js<\/h2>\n<p>Tas pal\u012bdz\u0113s \u0113rti uzsild\u012bt \u016bdensp\u012bpes ogles, dro\u0161\u0101k par cit\u0101m apkures ier\u012bc\u0113m un ekonomiski, pateicoties t\u0101s 800\u00a0w jaudai. Kompakts un viegli transport\u0113jams.<br \/>\nSatur l\u012bdz 5-6 ogl\u0113m l\u012bdz 26 mm. Ogles uzkars\u0113 vid\u0113ji 10-12 min\u016bt\u0113s.<\/p>\n<p><strong>Tehniskie dati:<\/strong><br \/>\nTermostats: J\u0101<br \/>\nJauda: 800 W<br \/>\nSpriegums: 220V<br \/>\nFrekvence: 50 Hz<\/p>\n<p>Izm\u0113ri 18 \u00d7 14 \u00d7 10 cm<br \/>\nPl\u0101ksnes izm\u0113rs: ~ 16,5 x 3 cm<br \/>\nKr\u0101sa melna<\/p>\n<p>Vai jums ir k\u0101di jaut\u0101jumi? Sazinies ar mums <a href=\"https:\/\/hookahshop.lt\/lv\/kontaktiem\/\">kontaktu lapa<\/a>\u00a0vai rakstiet mums pa e-pastu\u00a0<a href=\"https:\/\/facebook.com\/HookahShop.lt\/\" target=\"_blank\" rel=\"noopener noreferrer\">Facebook konts<\/a>\u00a0un m\u0113s atbild\u0113sim uz j\u016bsu piepras\u012bjumu taj\u0101 pa\u0161\u0101 dien\u0101.<\/p>","protected":false},"excerpt":{"rendered":"<p>Dab\u012bgo og\u013cu \u0161\u0137iltavas CAESAR Tas pal\u012bdz\u0113s \u0113rti uzsild\u012bt \u016bdensp\u012bpes ogles, dro\u0161\u0101k par cit\u0101m apkures ier\u012bc\u0113m un ekonomiski 800w jaudas d\u0113\u013c. Kompakts un viegli transport\u0113jams. Ietilpst l\u012bdz 5-6 ogl\u0113m l\u012bdz 26 mm lieliem. Ogles uzkars\u0113 vid\u0113ji 10-12 min\u016bt\u0113s. Tehniskie dati: Termostats: J\u0101 Jauda: 800 W Spriegums: 220 V Frekvence: 50 Hz Izm\u0113ri 18 \u00d7 14 [\u2026]<\/p>","protected":false},"featured_media":21706,"comment_status":"open","ping_status":"closed","template":"","meta":[],"_links":{"self":[{"href":"https:\/\/hookahshop.lt\/lv\/wp-json\/wp\/v2\/product\/18561"}],"collection":[{"href":"https:\/\/hookahshop.lt\/lv\/wp-json\/wp\/v2\/product"}],"about":[{"href":"https:\/\/hookahshop.lt\/lv\/wp-json\/wp\/v2\/types\/product"}],"replies":[{"embeddable":true,"href":"https:\/\/hookahshop.lt\/lv\/wp-json\/wp\/v2\/comments?post=18561"}],"version-history":[{"count":5,"href":"https:\/\/hookahshop.lt\/lv\/wp-json\/wp\/v2\/product\/18561\/revisions"}],"predecessor-version":[{"id":44494,"href":"https:\/\/hookahshop.lt\/lv\/wp-json\/wp\/v2\/product\/18561\/revisions\/44494"}],"wp:featuredmedia":[{"embeddable":true,"href":"https:\/\/hookahshop.lt\/lv\/wp-json\/wp\/v2\/media\/21706"}],"wp:attachment":[{"href":"https:\/\/hookahshop.lt\/lv\/wp-json\/wp\/v2\/media?parent=18561"}],"curies":[{"name":"wp","href":"https:\/\/api.w.org\/{rel}","templated":true}]}}