{"id":18586,"date":"2021-01-28T23:44:41","date_gmt":"2021-01-28T21:44:41","guid":{"rendered":"https:\/\/hookahshop.lt\/?post_type=product&#038;p=18586"},"modified":"2026-04-24T23:29:42","modified_gmt":"2026-04-24T20:29:42","slug":"znyples-kaljano-anglims-target-skull","status":"publish","type":"product","link":"https:\/\/hookahshop.lt\/lv\/produkt\/udenspipe-ogle-merkis-galvaskauss\/","title":{"rendered":"\u016adensp\u012bpes kokog\u013cu knaibles M\u0112R\u0136A Galvaskauss"},"content":{"rendered":"<p><strong>\u016adensp\u012bpes kokog\u013cu knaibles M\u0112R\u0136A Galvaskauss<\/strong><\/p>\n<p>Eksotisks un novatorisks dizains nodro\u0161ina daudzveid\u012bgas knaibles m\u0101j\u0101s. Ar\u012b knaibles biezums un materi\u0101ls tika apzin\u0101ti izv\u0113l\u0113ts, lai nodro\u0161in\u0101tu maksim\u0101lu stabilit\u0101ti. Tas ir paman\u0101ms ar\u012b, darbinot knaibles, kuras j\u0101darbina ar liel\u0101ku sp\u0113ku nek\u0101 parastaj\u0101m og\u013cu knaibl\u0113m.<\/p>\n<p><strong>Specifik\u0101cijas:<\/strong><br \/>\nGarums: 23 cm<br \/>\nMateri\u0101ls: ner\u016bs\u0113jo\u0161ais t\u0113rauds<br \/>\nRa\u017eo\u0161anas valsts: Krievija<\/p>\n<p>&nbsp;<\/p>\n<p>Vai jums ir k\u0101di jaut\u0101jumi? Sazinies ar mums\u00a0<a href=\"https:\/\/hookahshop.lt\/lv\/kontaktiem\/\">kontaktu lapa<\/a>\u00a0vai rakstiet mums pa e-pastu\u00a0<a href=\"https:\/\/facebook.com\/HookahShop.lt\/\" target=\"_blank\" rel=\"noopener noreferrer\">Facebook konts<\/a>\u00a0un m\u0113s atbild\u0113sim uz j\u016bsu piepras\u012bjumu taj\u0101 pa\u0161\u0101 dien\u0101.<\/p>","protected":false},"excerpt":{"rendered":"<p>Knaibles \u016bdensp\u012bpes ogl\u0113m TARGET Skull Eksotisks un inovat\u012bvs dizains nodro\u0161ina knaibles daudzveid\u012bbu m\u0101j\u0101s. Ar\u012b knaibles biezums un materi\u0101ls ir apzin\u0101ti izv\u0113l\u0113ts, lai nodro\u0161in\u0101tu maksim\u0101lu stabilit\u0101ti. Tas ir paman\u0101ms ar\u012b, darbinot knaibles, kuras j\u0101darbina ar liel\u0101ku sp\u0113ku nek\u0101 parastaj\u0101m oglek\u013ca knaibl\u0113m. Specifik\u0101cijas: Garums: 23 cm Materi\u0101ls: Ner\u016bs\u0113jo\u0161ais t\u0113rauds Ra\u017eo\u0161anas valsts: Krievija [\u2026]<\/p>","protected":false},"featured_media":21697,"comment_status":"open","ping_status":"closed","template":"","meta":[],"_links":{"self":[{"href":"https:\/\/hookahshop.lt\/lv\/wp-json\/wp\/v2\/product\/18586"}],"collection":[{"href":"https:\/\/hookahshop.lt\/lv\/wp-json\/wp\/v2\/product"}],"about":[{"href":"https:\/\/hookahshop.lt\/lv\/wp-json\/wp\/v2\/types\/product"}],"replies":[{"embeddable":true,"href":"https:\/\/hookahshop.lt\/lv\/wp-json\/wp\/v2\/comments?post=18586"}],"version-history":[{"count":3,"href":"https:\/\/hookahshop.lt\/lv\/wp-json\/wp\/v2\/product\/18586\/revisions"}],"predecessor-version":[{"id":27522,"href":"https:\/\/hookahshop.lt\/lv\/wp-json\/wp\/v2\/product\/18586\/revisions\/27522"}],"wp:featuredmedia":[{"embeddable":true,"href":"https:\/\/hookahshop.lt\/lv\/wp-json\/wp\/v2\/media\/21697"}],"wp:attachment":[{"href":"https:\/\/hookahshop.lt\/lv\/wp-json\/wp\/v2\/media?parent=18586"}],"curies":[{"name":"wp","href":"https:\/\/api.w.org\/{rel}","templated":true}]}}