{"id":18596,"date":"2021-01-29T00:26:32","date_gmt":"2021-01-28T22:26:32","guid":{"rendered":"https:\/\/hookahshop.lt\/?post_type=product&#038;p=18596"},"modified":"2026-04-19T23:29:04","modified_gmt":"2026-04-19T20:29:04","slug":"kaljano-anglies-laikiklis-al-mani","status":"publish","type":"product","link":"https:\/\/hookahshop.lt\/lv\/produkt\/udenspipe-ogles-turetajs-al-mani\/","title":{"rendered":"\u016adensp\u012bpe oglek\u013ca tur\u0113t\u0101js AL-MANI"},"content":{"rendered":"<h2>\u016adensp\u012bpe oglek\u013ca tur\u0113t\u0101js AL-MANI<\/h2>\n<p>Paredz\u0113ts og\u013cu dro\u0161ai uzglab\u0101\u0161anai vienuviet. Knaibles glab\u0101\u0161anai ir izveidots atsevi\u0161\u0137s nodal\u012bjums.<\/p>\n<p>Kr\u0101sa: Sudraba<br \/>\nAugstums: 13 cm<br \/>\nDiametrs: 8 cm<br \/>\nRa\u017eo\u0161anas valsts: V\u0101cija<\/p>\n<p>Vai jums ir k\u0101di jaut\u0101jumi? Sazinies ar mums\u00a0<a href=\"https:\/\/hookahshop.lt\/lv\/kontaktiem\/\">kontaktu lapa<\/a>\u00a0vai rakstiet mums pa e-pastu\u00a0<a href=\"https:\/\/facebook.com\/HookahShop.lt\/\" target=\"_blank\" rel=\"noopener noreferrer\">Facebook konts<\/a>\u00a0un m\u0113s atbild\u0113sim uz j\u016bsu piepras\u012bjumu taj\u0101 pa\u0161\u0101 dien\u0101.<\/p>","protected":false},"excerpt":{"rendered":"<p>\u016adensp\u012bpes og\u013cu tur\u0113t\u0101js AL-MANI Paredz\u0113ts og\u013cu dro\u0161ai uzglab\u0101\u0161anai vienuviet. Knaibles glab\u0101\u0161anai ir izveidots atsevi\u0161\u0137s nodal\u012bjums. Kr\u0101sa: Sudraba Augstums: 13 cm Diametrs: 8 cm Ra\u017eot\u0101jvalsts: V\u0101cija Vai jums ir k\u0101di jaut\u0101jumi? Sazinieties ar mums kontaktu lap\u0101 vai rakstiet mums uz m\u016bsu Facebook kontu un m\u0113s atbild\u0113sim uz j\u016bsu piepras\u012bjumu taj\u0101 pa\u0161\u0101 dien\u0101.<\/p>","protected":false},"featured_media":18597,"comment_status":"open","ping_status":"closed","template":"","meta":[],"_links":{"self":[{"href":"https:\/\/hookahshop.lt\/lv\/wp-json\/wp\/v2\/product\/18596"}],"collection":[{"href":"https:\/\/hookahshop.lt\/lv\/wp-json\/wp\/v2\/product"}],"about":[{"href":"https:\/\/hookahshop.lt\/lv\/wp-json\/wp\/v2\/types\/product"}],"replies":[{"embeddable":true,"href":"https:\/\/hookahshop.lt\/lv\/wp-json\/wp\/v2\/comments?post=18596"}],"version-history":[{"count":4,"href":"https:\/\/hookahshop.lt\/lv\/wp-json\/wp\/v2\/product\/18596\/revisions"}],"predecessor-version":[{"id":29333,"href":"https:\/\/hookahshop.lt\/lv\/wp-json\/wp\/v2\/product\/18596\/revisions\/29333"}],"wp:featuredmedia":[{"embeddable":true,"href":"https:\/\/hookahshop.lt\/lv\/wp-json\/wp\/v2\/media\/18597"}],"wp:attachment":[{"href":"https:\/\/hookahshop.lt\/lv\/wp-json\/wp\/v2\/media?parent=18596"}],"curies":[{"name":"wp","href":"https:\/\/api.w.org\/{rel}","templated":true}]}}