{"id":18639,"date":"2021-01-29T20:30:23","date_gmt":"2021-01-29T18:30:23","guid":{"rendered":"https:\/\/hookahshop.lt\/?post_type=product&#038;p=18639"},"modified":"2026-04-18T23:29:08","modified_gmt":"2026-04-18T20:29:08","slug":"taurele-kaljanui-smokelab-phunnel-moon","status":"publish","type":"product","link":"https:\/\/hookahshop.lt\/lv\/produkt\/kauss-udenspipe-smokelab-piltuve-meness\/","title":{"rendered":"Kauss \u016bdensp\u012bpei SMOKELAB Phunnel Moon"},"content":{"rendered":"<h2>Kauss \u016bdensp\u012bpei SMOKELAB Phunnel Moon<\/h2>\n<p>Diezgan liela Phunnel tipa kr\u016bze ir izgatavota no m\u0101la un tai ir m\u0113ness l\u012bdz\u012bgs dizains. Piem\u0113rots lieto\u0161anai gan ar siltuma kameru, gan ar foliju.<\/p>\n<p>Specifik\u0101cijas:<br \/>\nTips: Phunnel<br \/>\nMateri\u0101ls: M\u0101ls<br \/>\n\u016adensp\u012bpes mais\u012bjuma ietilp\u012bba: 16-23 g.<br \/>\nAugstums: 10,5 cm<br \/>\nDiametrs (\u0101r\u0113jais): 7,6 cm<br \/>\nDiametrs (iek\u0161\u0113jais): 6,9 cm<br \/>\nDzi\u013cums: 1,4 cm<br \/>\nUrbumu skaits: 1 gab<br \/>\nSvars: apm\u0113ram 175 g.<br \/>\nIzcelsmes valsts: Krievija<\/p>\n<p>Vai jums ir k\u0101di jaut\u0101jumi? Sazinies ar mums\u00a0<a href=\"https:\/\/hookahshop.lt\/lv\/kontaktiem\/\">kontaktu lapa<\/a>\u00a0vai rakstiet mums pa e-pastu\u00a0<a href=\"https:\/\/facebook.com\/HookahShop.lt\/\" target=\"_blank\" rel=\"noopener noreferrer\">Facebook konts<\/a>\u00a0un m\u0113s atbild\u0113sim uz j\u016bsu piepras\u012bjumu taj\u0101 pa\u0161\u0101 dien\u0101.<\/p>\n<p>&nbsp;<\/p>","protected":false},"excerpt":{"rendered":"<p>\u016adensp\u012bpes kr\u016bze SMOKELAB Phunnel Moon Diezgan liela Phunnel kr\u016bze, kas izgatavota no m\u0101la, ar m\u0113ness l\u012bdz\u012bgu dizainu. Piem\u0113rots lieto\u0161anai gan ar siltuma kameru, gan ar foliju. Specifik\u0101cijas: Tips: Phunnel Materi\u0101ls: M\u0101ls \u016adensp\u012bpes mais\u012bjuma tilpums: 16-23 g. Augstums: 10,5 cm Diametrs (\u0101r\u0113jais): 7,6 cm Diametrs (iek\u0161\u0113jais): 6,9 cm Dzi\u013cums: 1,4 cm Caurumu skaits: 1 gab Svars: [\u2026]<\/p>","protected":false},"featured_media":18645,"comment_status":"open","ping_status":"closed","template":"","meta":[],"_links":{"self":[{"href":"https:\/\/hookahshop.lt\/lv\/wp-json\/wp\/v2\/product\/18639"}],"collection":[{"href":"https:\/\/hookahshop.lt\/lv\/wp-json\/wp\/v2\/product"}],"about":[{"href":"https:\/\/hookahshop.lt\/lv\/wp-json\/wp\/v2\/types\/product"}],"replies":[{"embeddable":true,"href":"https:\/\/hookahshop.lt\/lv\/wp-json\/wp\/v2\/comments?post=18639"}],"version-history":[{"count":3,"href":"https:\/\/hookahshop.lt\/lv\/wp-json\/wp\/v2\/product\/18639\/revisions"}],"predecessor-version":[{"id":39816,"href":"https:\/\/hookahshop.lt\/lv\/wp-json\/wp\/v2\/product\/18639\/revisions\/39816"}],"wp:featuredmedia":[{"embeddable":true,"href":"https:\/\/hookahshop.lt\/lv\/wp-json\/wp\/v2\/media\/18645"}],"wp:attachment":[{"href":"https:\/\/hookahshop.lt\/lv\/wp-json\/wp\/v2\/media?parent=18639"}],"curies":[{"name":"wp","href":"https:\/\/api.w.org\/{rel}","templated":true}]}}