{"id":18643,"date":"2021-01-29T20:37:51","date_gmt":"2021-01-29T18:37:51","guid":{"rendered":"https:\/\/hookahshop.lt\/?post_type=product&#038;p=18643"},"modified":"2026-04-21T23:29:34","modified_gmt":"2026-04-21T20:29:34","slug":"kaljano-priedu-rinkinys-startinis","status":"publish","type":"product","link":"https:\/\/hookahshop.lt\/lv\/produkt\/udenspipe-piederumu-komplekts-starters\/","title":{"rendered":"\u016adensp\u012bpes piederumu komplekts START"},"content":{"rendered":"<h2>\u016adensp\u012bpes piederumu komplekts START<\/h2>\n<p>\u0160is ir komplekts, kur\u0101 atrad\u012bsiet: kr\u016bz\u012bti, siltuma kameru, dab\u012bg\u0101s kokosriekstu ogles 1kg, elektrisko pl\u012bti\u0146u \u016bdensp\u012bpes og\u013cu sau\u013co\u0161anai, knaibles un sieti\u0146u, lai karst\u0101s ogles nekristu.<\/p>\n<p><strong>Piederumu komplekts sast\u0101v no:<\/strong><br \/>\nKauss<br \/>\nSiltuma kamera<br \/>\nDab\u012bgas koksa kokogles 1kg<br \/>\nElektrisk\u0101 pl\u012bts \u016bdensp\u012bpe ogl\u0113m<br \/>\nKnaibles<br \/>\nSietla<\/p>\n<p>*Produkta izskats un z\u012bmols var at\u0161\u0137irties no att\u0113la.<\/p>\n<p>Vai jums ir k\u0101di jaut\u0101jumi? Sazinies ar mums\u00a0<a href=\"https:\/\/hookahshop.lt\/lv\/kontaktiem\/\">kontaktu lapa<\/a>\u00a0vai rakstiet mums pa e-pastu\u00a0<a href=\"https:\/\/facebook.com\/HookahShop.lt\/\" target=\"_blank\" rel=\"noopener noreferrer\">Facebook konts<\/a>\u00a0un m\u0113s atbild\u0113sim uz j\u016bsu piepras\u012bjumu taj\u0101 pa\u0161\u0101 dien\u0101.<\/p>","protected":false},"excerpt":{"rendered":"<p>\u016adensp\u012bpes piederumu komplekts START \u0160aj\u0101 komplekt\u0101 ietilpst: kr\u016bze, siltuma kamera, dab\u012bg\u0101s kokosriekstu ogles 1kg, elektrisk\u0101 pl\u012bti\u0146a \u016bdensp\u012bpes og\u013cu sau\u013co\u0161anai, knaibles un sieti\u0146\u0161, lai nov\u0113rstu karstu og\u013cu kri\u0161anu. Aksesu\u0101ru komplekt\u0101 ietilpst: Kauss Siltuma kamera Dab\u012bg\u0101s kokaogles 1kg Elektrisk\u0101 pl\u012bts \u016bdensp\u012bpes og\u013cu sau\u013co\u0161anai Knaibles Siets *Preces izskats un z\u012bmols var at\u0161\u0137irties no att\u0113l\u0101 redzam\u0101. [\u2026]<\/p>","protected":false},"featured_media":18763,"comment_status":"open","ping_status":"closed","template":"","meta":[],"_links":{"self":[{"href":"https:\/\/hookahshop.lt\/lv\/wp-json\/wp\/v2\/product\/18643"}],"collection":[{"href":"https:\/\/hookahshop.lt\/lv\/wp-json\/wp\/v2\/product"}],"about":[{"href":"https:\/\/hookahshop.lt\/lv\/wp-json\/wp\/v2\/types\/product"}],"replies":[{"embeddable":true,"href":"https:\/\/hookahshop.lt\/lv\/wp-json\/wp\/v2\/comments?post=18643"}],"version-history":[{"count":8,"href":"https:\/\/hookahshop.lt\/lv\/wp-json\/wp\/v2\/product\/18643\/revisions"}],"predecessor-version":[{"id":44520,"href":"https:\/\/hookahshop.lt\/lv\/wp-json\/wp\/v2\/product\/18643\/revisions\/44520"}],"wp:featuredmedia":[{"embeddable":true,"href":"https:\/\/hookahshop.lt\/lv\/wp-json\/wp\/v2\/media\/18763"}],"wp:attachment":[{"href":"https:\/\/hookahshop.lt\/lv\/wp-json\/wp\/v2\/media?parent=18643"}],"curies":[{"name":"wp","href":"https:\/\/api.w.org\/{rel}","templated":true}]}}