{"id":18657,"date":"2021-01-29T20:52:26","date_gmt":"2021-01-29T18:52:26","guid":{"rendered":"https:\/\/hookahshop.lt\/?post_type=product&#038;p=18657"},"modified":"2026-04-23T23:29:09","modified_gmt":"2026-04-23T20:29:09","slug":"kaljano-priedu-rinkinys-optimalus","status":"publish","type":"product","link":"https:\/\/hookahshop.lt\/lv\/produkt\/udenspipe-piederumu-komplekts-optimals\/","title":{"rendered":"\u016adensp\u012bpes piederumu komplekts OPTIMAL"},"content":{"rendered":"<h2>\u016adensp\u012bpes piederumu komplekts OPTIMAL<\/h2>\n<p>\u0160is ir komplekts, kur\u0101 atrad\u012bsit: kr\u016bz\u012bti, siltuma kameru, 1 kg dab\u012bgas kokosriekstu kokogles, elektrisko pl\u012bti og\u013cu piesaist\u012b\u0161anai.<\/p>\n<p><strong>Piederumu komplekts sast\u0101v no:<\/strong><br \/>\nKauss<br \/>\nSiltuma kamera<br \/>\nDab\u012bg\u0101s kokosriekstu ogles 1kg<br \/>\nElektrisk\u0101 pl\u012bts \u016bdensp\u012bpe ogl\u0113m<\/p>\n<p>*Produkta izskats un z\u012bmols var at\u0161\u0137irties no att\u0113la.<\/p>\n<p>Vai jums ir k\u0101di jaut\u0101jumi? Sazinies ar mums\u00a0<a href=\"https:\/\/hookahshop.lt\/lv\/kontaktiem\/\">kontaktu lapa<\/a>\u00a0vai rakstiet mums pa e-pastu\u00a0<a href=\"https:\/\/facebook.com\/HookahShop.lt\/\" target=\"_blank\" rel=\"noopener noreferrer\">Facebook konts<\/a>\u00a0un m\u0113s atbild\u0113sim uz j\u016bsu piepras\u012bjumu taj\u0101 pa\u0161\u0101 dien\u0101.<\/p>","protected":false},"excerpt":{"rendered":"<p>\u016adensp\u012bpes piederumu komplekts OPTIMAL \u0160is ir komplekts, kur\u0101 atrad\u012bsiet: kr\u016bz\u012bti, siltuma kameru, dab\u012bg\u0101s kokosriekstu ogles 1kg, elektrisko pl\u012bti\u0146u \u016bdensp\u012bpes og\u013cu sau\u013co\u0161anai. Aksesu\u0101ru komplekt\u0101 ietilpst: Kauss Siltuma kamera Dab\u012bga kokosriekstu ogle 1kg Elektriskais pl\u012bti\u0146\u0161 \u016bdensp\u012bpes og\u013cu sau\u013co\u0161anai *Preces izskats un z\u012bmols var at\u0161\u0137irties no att\u0113l\u0101 redzam\u0101. Vai jums ir k\u0101di jaut\u0101jumi? Sazinieties ar mums kontaktu lap\u0101 vai rakstiet mums uz m\u016bsu Facebook kontu un [\u2026]<\/p>","protected":false},"featured_media":18766,"comment_status":"open","ping_status":"closed","template":"","meta":[],"_links":{"self":[{"href":"https:\/\/hookahshop.lt\/lv\/wp-json\/wp\/v2\/product\/18657"}],"collection":[{"href":"https:\/\/hookahshop.lt\/lv\/wp-json\/wp\/v2\/product"}],"about":[{"href":"https:\/\/hookahshop.lt\/lv\/wp-json\/wp\/v2\/types\/product"}],"replies":[{"embeddable":true,"href":"https:\/\/hookahshop.lt\/lv\/wp-json\/wp\/v2\/comments?post=18657"}],"version-history":[{"count":9,"href":"https:\/\/hookahshop.lt\/lv\/wp-json\/wp\/v2\/product\/18657\/revisions"}],"predecessor-version":[{"id":45458,"href":"https:\/\/hookahshop.lt\/lv\/wp-json\/wp\/v2\/product\/18657\/revisions\/45458"}],"wp:featuredmedia":[{"embeddable":true,"href":"https:\/\/hookahshop.lt\/lv\/wp-json\/wp\/v2\/media\/18766"}],"wp:attachment":[{"href":"https:\/\/hookahshop.lt\/lv\/wp-json\/wp\/v2\/media?parent=18657"}],"curies":[{"name":"wp","href":"https:\/\/api.w.org\/{rel}","templated":true}]}}