{"id":18665,"date":"2021-01-29T20:59:18","date_gmt":"2021-01-29T18:59:18","guid":{"rendered":"https:\/\/hookahshop.lt\/?post_type=product&#038;p=18665"},"modified":"2026-04-18T23:28:52","modified_gmt":"2026-04-18T20:28:52","slug":"kaljano-priedu-rinkinys-kelioninis-plius","status":"publish","type":"product","link":"https:\/\/hookahshop.lt\/lv\/produkt\/udenspipe-piederumu-komplekts-travel-plus\/","title":{"rendered":"\u016adensp\u012bpes piederumu komplekts TRAVEL PLUS"},"content":{"rendered":"<h2>\u016adensp\u012bpes piederumu komplekts TRAVEL PLUS<\/h2>\n<p>\u0160is ir komplekts, kur\u0101 atrad\u012bsi: kr\u016bz\u012bti, siltuma kameru, 1kg dab\u012bgo kokosriekstu og\u013cu, t\u016bristu pl\u012bti \u016bdensp\u012bpes og\u013cu sau\u013co\u0161anai, g\u0101zes balonu un 100 vienreiz\u0113j\u0101s lieto\u0161anas iemu\u0161us.<\/p>\n<p><strong>Piederumu komplekts sast\u0101v no:<\/strong><br \/>\nKauss<br \/>\nSiltuma kamera<br \/>\nDab\u012bg\u0101s koka ogles 1kg.<br \/>\nT\u016brisma pl\u012bts \u016bdensp\u012bpes og\u013cu sau\u013co\u0161anai<br \/>\nG\u0101zes balons<br \/>\nVienreiz\u0113j\u0101s lieto\u0161anas iemuti 100 gab.<\/p>\n<p>*Produkta izskats un z\u012bmols var at\u0161\u0137irties no att\u0113la.<\/p>\n<p>Vai jums ir k\u0101di jaut\u0101jumi? Sazinies ar mums\u00a0<a href=\"https:\/\/hookahshop.lt\/lv\/kontaktiem\/\">kontaktu lapa<\/a>\u00a0vai rakstiet mums pa e-pastu\u00a0<a href=\"https:\/\/facebook.com\/HookahShop.lt\/\" target=\"_blank\" rel=\"noopener noreferrer\">Facebook konts<\/a>\u00a0un m\u0113s atbild\u0113sim uz j\u016bsu piepras\u012bjumu taj\u0101 pa\u0161\u0101 dien\u0101.<\/p>","protected":false},"excerpt":{"rendered":"<p>\u016adensp\u012bpes piederumu komplekts TRAVEL PLUS \u0160aj\u0101 komplekt\u0101 ietilpst: kr\u016bze, siltuma kamera, dab\u012bg\u0101s kokosriekstu ogles 1kg, t\u016bristu pl\u012bts \u016bdensp\u012bpes og\u013cu sild\u012b\u0161anai, g\u0101zes baloni\u0146\u0161 un 100 vienreiz\u0113j\u0101s lieto\u0161anas iemuti. Piederumu komplekt\u0101 ietilpst: Kr\u016bze Heat kamera Dab\u012bg\u0101s kokaogles 1kg. T\u016brisma pl\u012bts \u016bdensp\u012bpes og\u013cu sau\u013co\u0161anai G\u0101zes balons Vienreiz\u0113j\u0101s lieto\u0161anas iemuti 100 gab. * Produkta izskats un z\u012bmols var [...]<\/p>","protected":false},"featured_media":18768,"comment_status":"open","ping_status":"closed","template":"","meta":[],"_links":{"self":[{"href":"https:\/\/hookahshop.lt\/lv\/wp-json\/wp\/v2\/product\/18665"}],"collection":[{"href":"https:\/\/hookahshop.lt\/lv\/wp-json\/wp\/v2\/product"}],"about":[{"href":"https:\/\/hookahshop.lt\/lv\/wp-json\/wp\/v2\/types\/product"}],"replies":[{"embeddable":true,"href":"https:\/\/hookahshop.lt\/lv\/wp-json\/wp\/v2\/comments?post=18665"}],"version-history":[{"count":7,"href":"https:\/\/hookahshop.lt\/lv\/wp-json\/wp\/v2\/product\/18665\/revisions"}],"predecessor-version":[{"id":32792,"href":"https:\/\/hookahshop.lt\/lv\/wp-json\/wp\/v2\/product\/18665\/revisions\/32792"}],"wp:featuredmedia":[{"embeddable":true,"href":"https:\/\/hookahshop.lt\/lv\/wp-json\/wp\/v2\/media\/18768"}],"wp:attachment":[{"href":"https:\/\/hookahshop.lt\/lv\/wp-json\/wp\/v2\/media?parent=18665"}],"curies":[{"name":"wp","href":"https:\/\/api.w.org\/{rel}","templated":true}]}}