{"id":18669,"date":"2021-01-29T21:03:28","date_gmt":"2021-01-29T19:03:28","guid":{"rendered":"https:\/\/hookahshop.lt\/?post_type=product&#038;p=18669"},"modified":"2026-04-16T10:21:04","modified_gmt":"2026-04-16T07:21:04","slug":"kaljano-priedu-rinkinys-valymas","status":"publish","type":"product","link":"https:\/\/hookahshop.lt\/lv\/produkt\/udenspipe-piederumu-komplekts-tirisana\/","title":{"rendered":"\u016adensp\u012bpes piederumu komplekts CLEANING"},"content":{"rendered":"<h2>\u016adensp\u012bpes piederumu komplekts CLEANING<\/h2>\n<p>\u0160is ir komplekts, kur\u0101 atrad\u012bsi: otu \u016bdensp\u012bpes kolbas t\u012br\u012b\u0161anai, Schmand WEG t\u012br\u012b\u0161anas l\u012bdzek\u013cus un otu \u016bdensp\u012bpes k\u0101ta t\u012br\u012b\u0161anai.<\/p>\n<p><strong>Piederumu komplekts sast\u0101v no:<\/strong><br \/>\nBirste \u016bdensp\u012bpes kolbai<br \/>\nSchmand WEG t\u012br\u012b\u0161anas l\u012bdzek\u013ci<br \/>\nBirste \u016bdensp\u012bpes k\u0101tam<\/p>\n<p>*Produkta izskats un z\u012bmols var at\u0161\u0137irties no att\u0113la.<\/p>\n<p>Vai jums ir k\u0101di jaut\u0101jumi? Sazinies ar mums\u00a0<a href=\"https:\/\/hookahshop.lt\/lv\/kontaktiem\/\">kontaktu lapa<\/a>\u00a0vai rakstiet mums pa e-pastu\u00a0<a href=\"https:\/\/facebook.com\/HookahShop.lt\/\" target=\"_blank\" rel=\"noopener noreferrer\">Facebook konts<\/a>\u00a0un m\u0113s atbild\u0113sim uz j\u016bsu piepras\u012bjumu taj\u0101 pa\u0161\u0101 dien\u0101.<\/p>","protected":false},"excerpt":{"rendered":"<p>\u016adensp\u012bpes piederumu komplekts CLEANING \u0160aj\u0101 komplekt\u0101 ietilpst: birste \u016bdensp\u012bpes kolbas t\u012br\u012b\u0161anai, Schmand WEG t\u012br\u012b\u0161anas l\u012bdzek\u013ci un birste \u016bdensp\u012bpes k\u0101ta t\u012br\u012b\u0161anai. Piederumu komplekt\u0101 ietilpst: Ota \u016bdensp\u012bpes kolb\u0101m Schmand WEG t\u012br\u012b\u0161anas l\u012bdzek\u013ci Ota \u016bdensp\u012bpes k\u0101ti\u0146iem *Preces izskats un z\u012bmols var at\u0161\u0137irties no att\u0113l\u0101 redzam\u0101. Vai jums ir k\u0101di jaut\u0101jumi? Sazinieties ar mums kontaktu lap\u0101 vai rakstiet mums m\u016bsu Facebook kont\u0101 un m\u0113s atbild\u0113sim [\u2026]<\/p>","protected":false},"featured_media":26018,"comment_status":"open","ping_status":"closed","template":"","meta":[],"_links":{"self":[{"href":"https:\/\/hookahshop.lt\/lv\/wp-json\/wp\/v2\/product\/18669"}],"collection":[{"href":"https:\/\/hookahshop.lt\/lv\/wp-json\/wp\/v2\/product"}],"about":[{"href":"https:\/\/hookahshop.lt\/lv\/wp-json\/wp\/v2\/types\/product"}],"replies":[{"embeddable":true,"href":"https:\/\/hookahshop.lt\/lv\/wp-json\/wp\/v2\/comments?post=18669"}],"version-history":[{"count":7,"href":"https:\/\/hookahshop.lt\/lv\/wp-json\/wp\/v2\/product\/18669\/revisions"}],"predecessor-version":[{"id":41706,"href":"https:\/\/hookahshop.lt\/lv\/wp-json\/wp\/v2\/product\/18669\/revisions\/41706"}],"wp:featuredmedia":[{"embeddable":true,"href":"https:\/\/hookahshop.lt\/lv\/wp-json\/wp\/v2\/media\/26018"}],"wp:attachment":[{"href":"https:\/\/hookahshop.lt\/lv\/wp-json\/wp\/v2\/media?parent=18669"}],"curies":[{"name":"wp","href":"https:\/\/api.w.org\/{rel}","templated":true}]}}