{"id":18711,"date":"2021-01-29T22:28:42","date_gmt":"2021-01-29T20:28:42","guid":{"rendered":"https:\/\/hookahshop.lt\/?post_type=product&#038;p=18711"},"modified":"2026-04-14T23:28:40","modified_gmt":"2026-04-14T20:28:40","slug":"yla-kaljano-tabakui-maklaud-har","status":"publish","type":"product","link":"https:\/\/hookahshop.lt\/lv\/produkt\/yla-hookah-tobacco-maklaud-har\/","title":{"rendered":"Yla \u016bdensp\u012bpe tabakai MAKLAUD Har"},"content":{"rendered":"<h2>Yla \u016bdensp\u012bpe tabakai MAKLAUD Har<\/h2>\n<p>Yla ir nepiecie\u0161ams aksesu\u0101rs \u0113rtam darbam ar stikla un \u016bdensp\u012bpes mais\u012bjumu. Tas \u0113rti iegu\u013c rok\u0101.<\/p>\n<p>Specifik\u0101cijas:<br \/>\nGarums: 13 cm<br \/>\nDiametrs: 8 mm<br \/>\nMateri\u0101ls: T\u0113rauds<\/p>\n<p>&nbsp;<\/p>\n<p>Vai jums ir k\u0101di jaut\u0101jumi? Sazinies ar mums\u00a0<a href=\"https:\/\/hookahshop.lt\/lv\/kontaktiem\/\">kontaktu lapa<\/a>\u00a0vai rakstiet mums pa e-pastu\u00a0<a href=\"https:\/\/facebook.com\/HookahShop.lt\/\" target=\"_blank\" rel=\"noopener noreferrer\">Facebook konts<\/a>\u00a0un m\u0113s atbild\u0113sim uz j\u016bsu piepras\u012bjumu taj\u0101 pa\u0161\u0101 dien\u0101.<\/p>","protected":false},"excerpt":{"rendered":"<p>Yla \u016bdensp\u012bpes tabakai MAKLAUD Har Yla ir nepiecie\u0161ams aksesu\u0101rs \u0113rtam darbam ar stikla un \u016bdensp\u012bpes mais\u012bjumu. Tas \u0113rti iegu\u013c rok\u0101. Specifik\u0101cijas: Garums: 13 cm Diametrs: 8 mm Materi\u0101ls: T\u0113rauds Jaut\u0101jumi? Sazinieties ar mums kontaktu lap\u0101 vai rakstiet mums uz m\u016bsu Facebook kontu un m\u0113s atbild\u0113sim uz j\u016bsu piepras\u012bjumu taj\u0101 pa\u0161\u0101 dien\u0101.<\/p>","protected":false},"featured_media":18731,"comment_status":"open","ping_status":"closed","template":"","meta":[],"_links":{"self":[{"href":"https:\/\/hookahshop.lt\/lv\/wp-json\/wp\/v2\/product\/18711"}],"collection":[{"href":"https:\/\/hookahshop.lt\/lv\/wp-json\/wp\/v2\/product"}],"about":[{"href":"https:\/\/hookahshop.lt\/lv\/wp-json\/wp\/v2\/types\/product"}],"replies":[{"embeddable":true,"href":"https:\/\/hookahshop.lt\/lv\/wp-json\/wp\/v2\/comments?post=18711"}],"version-history":[{"count":2,"href":"https:\/\/hookahshop.lt\/lv\/wp-json\/wp\/v2\/product\/18711\/revisions"}],"predecessor-version":[{"id":29601,"href":"https:\/\/hookahshop.lt\/lv\/wp-json\/wp\/v2\/product\/18711\/revisions\/29601"}],"wp:featuredmedia":[{"embeddable":true,"href":"https:\/\/hookahshop.lt\/lv\/wp-json\/wp\/v2\/media\/18731"}],"wp:attachment":[{"href":"https:\/\/hookahshop.lt\/lv\/wp-json\/wp\/v2\/media?parent=18711"}],"curies":[{"name":"wp","href":"https:\/\/api.w.org\/{rel}","templated":true}]}}