{"id":18734,"date":"2021-01-29T23:23:41","date_gmt":"2021-01-29T21:23:41","guid":{"rendered":"https:\/\/hookahshop.lt\/?post_type=product&#038;p=18734"},"modified":"2026-04-20T23:29:12","modified_gmt":"2026-04-20T20:29:12","slug":"tarpine-kaljano-kolbai-al-mani-4-cm-balta","status":"publish","type":"product","link":"https:\/\/hookahshop.lt\/lv\/produkt\/starpposma-udenspipe-kolba-al-mani-4-cm-balta\/","title":{"rendered":"Bl\u012bve \u016bdensp\u012bpes kolbai AL-MANI 4cm Balta"},"content":{"rendered":"<h2>Bl\u012bve \u016bdensp\u012bpes kolbai AL-MANI 4cm Balta<\/h2>\n<p>Ide\u0101ls izm\u0113rs, lai der\u0113tu liel\u0101kajai da\u013cai \u016bdensp\u012bpju. Pateicoties p\u0101rkl\u0101jumam, tie nesl\u012bd un nenokr\u012bt. Augstas kvalit\u0101tes silikons un ra\u017eo\u0161ana veicina \u0161o starpliku ilgm\u016b\u017e\u012bbu.<\/p>\n<p>Specifik\u0101cijas:<br \/>\n\u0100r\u0113jais diametrs: 4 cm<br \/>\nIek\u0161\u0113jais diametrs: 3,4 cm<br \/>\nSvars: apm\u0113ram 15 g.<\/p>\n<p>Vai jums ir k\u0101di jaut\u0101jumi? Sazinies ar mums\u00a0<a href=\"https:\/\/hookahshop.lt\/lv\/kontaktiem\/\">kontaktu lapa<\/a>\u00a0vai rakstiet mums pa e-pastu\u00a0<a href=\"https:\/\/facebook.com\/HookahShop.lt\/\" target=\"_blank\" rel=\"noopener noreferrer\">Facebook konts<\/a>\u00a0un m\u0113s atbild\u0113sim uz j\u016bsu piepras\u012bjumu taj\u0101 pa\u0161\u0101 dien\u0101.<\/p>","protected":false},"excerpt":{"rendered":"<p>Starplika \u016bdensp\u012bpes kolbai AL-MANI 4 cm Balts Lielisks izm\u0113rs, kas der liel\u0101kajai da\u013cai \u016bdensp\u012bpju. Pateicoties p\u0101rkl\u0101jumam, tie nesl\u012bd un nenokr\u012bt. Augstas kvalit\u0101tes silikons un izgatavo\u0161ana veicina \u0161o starpliku ilgm\u016b\u017e\u012bbu. Specifik\u0101cijas: \u0100r\u0113jais diametrs: 4 cm Iek\u0161\u0113jais diametrs: 3,4 cm Svars: apm\u0113ram 15 g. Vai jums ir k\u0101di jaut\u0101jumi? Sazinieties ar mums kontaktu lap\u0101 vai rakstiet mums uz m\u016bsu Facebook kontu un m\u0113s atbild\u0113sim uz j\u016bsu piepras\u012bjumu [\u2026]<\/p>","protected":false},"featured_media":18746,"comment_status":"open","ping_status":"closed","template":"","meta":[],"_links":{"self":[{"href":"https:\/\/hookahshop.lt\/lv\/wp-json\/wp\/v2\/product\/18734"}],"collection":[{"href":"https:\/\/hookahshop.lt\/lv\/wp-json\/wp\/v2\/product"}],"about":[{"href":"https:\/\/hookahshop.lt\/lv\/wp-json\/wp\/v2\/types\/product"}],"replies":[{"embeddable":true,"href":"https:\/\/hookahshop.lt\/lv\/wp-json\/wp\/v2\/comments?post=18734"}],"version-history":[{"count":5,"href":"https:\/\/hookahshop.lt\/lv\/wp-json\/wp\/v2\/product\/18734\/revisions"}],"predecessor-version":[{"id":29566,"href":"https:\/\/hookahshop.lt\/lv\/wp-json\/wp\/v2\/product\/18734\/revisions\/29566"}],"wp:featuredmedia":[{"embeddable":true,"href":"https:\/\/hookahshop.lt\/lv\/wp-json\/wp\/v2\/media\/18746"}],"wp:attachment":[{"href":"https:\/\/hookahshop.lt\/lv\/wp-json\/wp\/v2\/media?parent=18734"}],"curies":[{"name":"wp","href":"https:\/\/api.w.org\/{rel}","templated":true}]}}