{"id":18740,"date":"2021-01-29T23:30:18","date_gmt":"2021-01-29T21:30:18","guid":{"rendered":"https:\/\/hookahshop.lt\/?post_type=product&#038;p=18740"},"modified":"2026-04-19T23:29:16","modified_gmt":"2026-04-19T20:29:16","slug":"tarpine-kaljano-kolbai-hoob-white","status":"publish","type":"product","link":"https:\/\/hookahshop.lt\/lv\/produkt\/starpposms-udenspipe-kolba-al-mani-balts\/","title":{"rendered":"Bl\u012bve \u016bdensp\u012bpes kolbai HOOB Balta"},"content":{"rendered":"<h2>Bl\u012bve \u016bdensp\u012bpes kolbai HOOB Balta<\/h2>\n<p>Ide\u0101ls izm\u0113rs, lai der\u0113tu liel\u0101kajai da\u013cai \u016bdensp\u012bpju. Pateicoties p\u0101rkl\u0101jumam, tie nesl\u012bd un nenokr\u012bt. Augstas kvalit\u0101tes silikons un ra\u017eo\u0161ana veicina \u0161o starpliku ilgm\u016b\u017e\u012bbu.<\/p>\n<p><strong>Specifik\u0101cijas:<\/strong><br \/>\nBl\u012bves diametrs: 77 mm<br \/>\n\u0100r\u0113jais diametrs: 58 mm<br \/>\nIek\u0161\u0113jais diametrs: 48m<br \/>\nV\u012btnes augstums: 35 mm<br \/>\nDiegi: 3 gab.<\/p>\n<p>Vai jums ir k\u0101di jaut\u0101jumi? Sazinies ar mums\u00a0<a href=\"https:\/\/hookahshop.lt\/lv\/kontaktiem\/\">kontaktu lapa<\/a>\u00a0vai rakstiet mums pa e-pastu\u00a0<a href=\"https:\/\/facebook.com\/HookahShop.lt\/\" target=\"_blank\" rel=\"noopener noreferrer\">Facebook konts<\/a>\u00a0un m\u0113s atbild\u0113sim uz j\u016bsu piepras\u012bjumu taj\u0101 pa\u0161\u0101 dien\u0101.<\/p>","protected":false},"excerpt":{"rendered":"<p>Shisha Flask Spacer HOOB White Lielisks izm\u0113rs, kas der liel\u0101kajai da\u013cai \u016bdensp\u012bpju. Pateicoties p\u0101rkl\u0101jumam, tie nesl\u012bd un nenokr\u012bt. Augstas kvalit\u0101tes silikons un izgatavo\u0161ana veicina \u0161o starpliku ilgm\u016b\u017e\u012bbu. Specifik\u0101cijas: Bl\u012bves diametrs: 77mm \u0100r\u0113jais diametrs: 58mm Iek\u0161\u0113jais diametrs: 48m V\u012btnes augstums: 35mm V\u012btnes: 3 gab. Vai jums ir k\u0101di jaut\u0101jumi? Sazinieties ar mums kontaktu lap\u0101 vai rakstiet mums uz m\u016bsu Facebook kontu un m\u0113s atbild\u0113sim uz j\u016bsu [\u2026]<\/p>","protected":false},"featured_media":18735,"comment_status":"open","ping_status":"closed","template":"","meta":[],"_links":{"self":[{"href":"https:\/\/hookahshop.lt\/lv\/wp-json\/wp\/v2\/product\/18740"}],"collection":[{"href":"https:\/\/hookahshop.lt\/lv\/wp-json\/wp\/v2\/product"}],"about":[{"href":"https:\/\/hookahshop.lt\/lv\/wp-json\/wp\/v2\/types\/product"}],"replies":[{"embeddable":true,"href":"https:\/\/hookahshop.lt\/lv\/wp-json\/wp\/v2\/comments?post=18740"}],"version-history":[{"count":8,"href":"https:\/\/hookahshop.lt\/lv\/wp-json\/wp\/v2\/product\/18740\/revisions"}],"predecessor-version":[{"id":45701,"href":"https:\/\/hookahshop.lt\/lv\/wp-json\/wp\/v2\/product\/18740\/revisions\/45701"}],"wp:featuredmedia":[{"embeddable":true,"href":"https:\/\/hookahshop.lt\/lv\/wp-json\/wp\/v2\/media\/18735"}],"wp:attachment":[{"href":"https:\/\/hookahshop.lt\/lv\/wp-json\/wp\/v2\/media?parent=18740"}],"curies":[{"name":"wp","href":"https:\/\/api.w.org\/{rel}","templated":true}]}}